{"id":105550,"date":"2024-02-08T12:19:26","date_gmt":"2024-02-08T12:19:26","guid":{"rendered":"https:\/\/www.museos.com\/?page_id=105550"},"modified":"2026-02-23T09:16:25","modified_gmt":"2026-02-23T09:16:25","slug":"san-zaccaria","status":"publish","type":"page","link":"https:\/\/www.museos.com\/de\/venedig\/san-zaccaria\/","title":{"rendered":"San Zaccaria"},"content":{"rendered":"","protected":false},"excerpt":{"rendered":"","protected":false},"author":3,"featured_media":105571,"parent":100457,"menu_order":0,"comment_status":"open","ping_status":"closed","template":"location.php","meta":{"_acf_changed":false,"footnotes":""},"class_list":["post-105550","page","type-page","status-publish","has-post-thumbnail","hentry"],"acf":[],"yoast_head":"<!-- This site is optimized with the Yoast SEO plugin v27.1.1 - https:\/\/yoast.com\/product\/yoast-seo-wordpress\/ -->\n<title>San Zaccaria: Die Kirche der Dogen<\/title>\n<meta name=\"description\" content=\"Die Chiesa di San Zaccaria liegt nur 6 Geh.Minuten vom Markusdom entfernt. Sie ist \u00fcber und \u00fcber mit Gem\u00e4lden dekoriert! Macht euch ein Bild!\" \/>\n<meta name=\"robots\" content=\"index, follow, max-snippet:-1, max-image-preview:large, max-video-preview:-1\" \/>\n<link rel=\"canonical\" href=\"https:\/\/www.museos.com\/de\/venedig\/san-zaccaria\/\" \/>\n<meta property=\"og:locale\" content=\"de_DE\" \/>\n<meta property=\"og:type\" content=\"article\" \/>\n<meta property=\"og:title\" content=\"San Zaccaria: Die Kirche der Dogen\" \/>\n<meta property=\"og:description\" content=\"Die Chiesa di San Zaccaria liegt nur 6 Geh.Minuten vom Markusdom entfernt. Sie ist \u00fcber und \u00fcber mit Gem\u00e4lden dekoriert! Macht euch ein Bild!\" \/>\n<meta property=\"og:url\" content=\"https:\/\/www.museos.com\/de\/venedig\/san-zaccaria\/\" \/>\n<meta property=\"og:site_name\" content=\"museos\" \/>\n<meta property=\"article:modified_time\" content=\"2026-02-23T09:16:25+00:00\" \/>\n<meta property=\"og:image\" content=\"https:\/\/www.museos.com\/wp-content\/uploads\/2024\/01\/San-Zaccaria-3.jpg\" \/>\n\t<meta property=\"og:image:width\" content=\"741\" \/>\n\t<meta property=\"og:image:height\" content=\"1200\" \/>\n\t<meta property=\"og:image:type\" content=\"image\/jpeg\" \/>\n<meta name=\"twitter:card\" content=\"summary_large_image\" \/>\n<meta name=\"twitter:label1\" content=\"Gesch\u00e4tzte Lesezeit\" \/>\n\t<meta name=\"twitter:data1\" content=\"1\u00a0Minute\" \/>\n<script type=\"application\/ld+json\" class=\"yoast-schema-graph\">{\"@context\":\"https:\/\/schema.org\",\"@graph\":[{\"@type\":\"WebPage\",\"@id\":\"https:\/\/www.museos.com\/de\/venedig\/san-zaccaria\/\",\"url\":\"https:\/\/www.museos.com\/de\/venedig\/san-zaccaria\/\",\"name\":\"San Zaccaria: Die Kirche der Dogen\",\"isPartOf\":{\"@id\":\"https:\/\/www.museos.com\/de\/#website\"},\"primaryImageOfPage\":{\"@id\":\"https:\/\/www.museos.com\/de\/venedig\/san-zaccaria\/#primaryimage\"},\"image\":{\"@id\":\"https:\/\/www.museos.com\/de\/venedig\/san-zaccaria\/#primaryimage\"},\"thumbnailUrl\":\"https:\/\/www.museos.com\/wp-content\/uploads\/2024\/01\/San-Zaccaria-3.jpg\",\"datePublished\":\"2024-02-08T12:19:26+00:00\",\"dateModified\":\"2026-02-23T09:16:25+00:00\",\"description\":\"Die Chiesa di San Zaccaria liegt nur 6 Geh.Minuten vom Markusdom entfernt. Sie ist \u00fcber und \u00fcber mit Gem\u00e4lden dekoriert! Macht euch ein Bild!\",\"breadcrumb\":{\"@id\":\"https:\/\/www.museos.com\/de\/venedig\/san-zaccaria\/#breadcrumb\"},\"inLanguage\":\"de\",\"potentialAction\":[{\"@type\":\"ReadAction\",\"target\":[\"https:\/\/www.museos.com\/de\/venedig\/san-zaccaria\/\"]}]},{\"@type\":\"ImageObject\",\"inLanguage\":\"de\",\"@id\":\"https:\/\/www.museos.com\/de\/venedig\/san-zaccaria\/#primaryimage\",\"url\":\"https:\/\/www.museos.com\/wp-content\/uploads\/2024\/01\/San-Zaccaria-3.jpg\",\"contentUrl\":\"https:\/\/www.museos.com\/wp-content\/uploads\/2024\/01\/San-Zaccaria-3.jpg\",\"width\":741,\"height\":1200,\"caption\":\"San Zaccaria, Venedig\"},{\"@type\":\"BreadcrumbList\",\"@id\":\"https:\/\/www.museos.com\/de\/venedig\/san-zaccaria\/#breadcrumb\",\"itemListElement\":[{\"@type\":\"ListItem\",\"position\":1,\"name\":\"Home\",\"item\":\"https:\/\/www.museos.com\/de\/\"},{\"@type\":\"ListItem\",\"position\":2,\"name\":\"Venedig\",\"item\":\"https:\/\/www.museos.com\/de\/venedig\/\"},{\"@type\":\"ListItem\",\"position\":3,\"name\":\"San Zaccaria\"}]},{\"@type\":\"WebSite\",\"@id\":\"https:\/\/www.museos.com\/de\/#website\",\"url\":\"https:\/\/www.museos.com\/de\/\",\"name\":\"museos\",\"description\":\"Just another WordPress site\",\"publisher\":{\"@id\":\"https:\/\/www.museos.com\/de\/#organization\"},\"potentialAction\":[{\"@type\":\"SearchAction\",\"target\":{\"@type\":\"EntryPoint\",\"urlTemplate\":\"https:\/\/www.museos.com\/de\/?s={search_term_string}\"},\"query-input\":{\"@type\":\"PropertyValueSpecification\",\"valueRequired\":true,\"valueName\":\"search_term_string\"}}],\"inLanguage\":\"de\"},{\"@type\":\"Organization\",\"@id\":\"https:\/\/www.museos.com\/de\/#organization\",\"name\":\"Museos\",\"url\":\"https:\/\/www.museos.com\/de\/\",\"logo\":{\"@type\":\"ImageObject\",\"inLanguage\":\"de\",\"@id\":\"https:\/\/www.museos.com\/de\/#\/schema\/logo\/image\/\",\"url\":\"https:\/\/www.museos.com\/wp-content\/uploads\/2024\/10\/android-chrome-696x696-1.png\",\"contentUrl\":\"https:\/\/www.museos.com\/wp-content\/uploads\/2024\/10\/android-chrome-696x696-1.png\",\"width\":696,\"height\":696,\"caption\":\"Museos\"},\"image\":{\"@id\":\"https:\/\/www.museos.com\/de\/#\/schema\/logo\/image\/\"}}]}<\/script>\n<!-- \/ Yoast SEO plugin. -->","yoast_head_json":{"title":"San Zaccaria: Die Kirche der Dogen","description":"Die Chiesa di San Zaccaria liegt nur 6 Geh.Minuten vom Markusdom entfernt. Sie ist \u00fcber und \u00fcber mit Gem\u00e4lden dekoriert! Macht euch ein Bild!","robots":{"index":"index","follow":"follow","max-snippet":"max-snippet:-1","max-image-preview":"max-image-preview:large","max-video-preview":"max-video-preview:-1"},"canonical":"https:\/\/www.museos.com\/de\/venedig\/san-zaccaria\/","og_locale":"de_DE","og_type":"article","og_title":"San Zaccaria: Die Kirche der Dogen","og_description":"Die Chiesa di San Zaccaria liegt nur 6 Geh.Minuten vom Markusdom entfernt. Sie ist \u00fcber und \u00fcber mit Gem\u00e4lden dekoriert! Macht euch ein Bild!","og_url":"https:\/\/www.museos.com\/de\/venedig\/san-zaccaria\/","og_site_name":"museos","article_modified_time":"2026-02-23T09:16:25+00:00","og_image":[{"width":741,"height":1200,"url":"https:\/\/www.museos.com\/wp-content\/uploads\/2024\/01\/San-Zaccaria-3.jpg","type":"image\/jpeg"}],"twitter_card":"summary_large_image","twitter_misc":{"Gesch\u00e4tzte Lesezeit":"1\u00a0Minute"},"schema":{"@context":"https:\/\/schema.org","@graph":[{"@type":"WebPage","@id":"https:\/\/www.museos.com\/de\/venedig\/san-zaccaria\/","url":"https:\/\/www.museos.com\/de\/venedig\/san-zaccaria\/","name":"San Zaccaria: Die Kirche der Dogen","isPartOf":{"@id":"https:\/\/www.museos.com\/de\/#website"},"primaryImageOfPage":{"@id":"https:\/\/www.museos.com\/de\/venedig\/san-zaccaria\/#primaryimage"},"image":{"@id":"https:\/\/www.museos.com\/de\/venedig\/san-zaccaria\/#primaryimage"},"thumbnailUrl":"https:\/\/www.museos.com\/wp-content\/uploads\/2024\/01\/San-Zaccaria-3.jpg","datePublished":"2024-02-08T12:19:26+00:00","dateModified":"2026-02-23T09:16:25+00:00","description":"Die Chiesa di San Zaccaria liegt nur 6 Geh.Minuten vom Markusdom entfernt. Sie ist \u00fcber und \u00fcber mit Gem\u00e4lden dekoriert! Macht euch ein Bild!","breadcrumb":{"@id":"https:\/\/www.museos.com\/de\/venedig\/san-zaccaria\/#breadcrumb"},"inLanguage":"de","potentialAction":[{"@type":"ReadAction","target":["https:\/\/www.museos.com\/de\/venedig\/san-zaccaria\/"]}]},{"@type":"ImageObject","inLanguage":"de","@id":"https:\/\/www.museos.com\/de\/venedig\/san-zaccaria\/#primaryimage","url":"https:\/\/www.museos.com\/wp-content\/uploads\/2024\/01\/San-Zaccaria-3.jpg","contentUrl":"https:\/\/www.museos.com\/wp-content\/uploads\/2024\/01\/San-Zaccaria-3.jpg","width":741,"height":1200,"caption":"San Zaccaria, Venedig"},{"@type":"BreadcrumbList","@id":"https:\/\/www.museos.com\/de\/venedig\/san-zaccaria\/#breadcrumb","itemListElement":[{"@type":"ListItem","position":1,"name":"Home","item":"https:\/\/www.museos.com\/de\/"},{"@type":"ListItem","position":2,"name":"Venedig","item":"https:\/\/www.museos.com\/de\/venedig\/"},{"@type":"ListItem","position":3,"name":"San Zaccaria"}]},{"@type":"WebSite","@id":"https:\/\/www.museos.com\/de\/#website","url":"https:\/\/www.museos.com\/de\/","name":"museos","description":"Just another WordPress site","publisher":{"@id":"https:\/\/www.museos.com\/de\/#organization"},"potentialAction":[{"@type":"SearchAction","target":{"@type":"EntryPoint","urlTemplate":"https:\/\/www.museos.com\/de\/?s={search_term_string}"},"query-input":{"@type":"PropertyValueSpecification","valueRequired":true,"valueName":"search_term_string"}}],"inLanguage":"de"},{"@type":"Organization","@id":"https:\/\/www.museos.com\/de\/#organization","name":"Museos","url":"https:\/\/www.museos.com\/de\/","logo":{"@type":"ImageObject","inLanguage":"de","@id":"https:\/\/www.museos.com\/de\/#\/schema\/logo\/image\/","url":"https:\/\/www.museos.com\/wp-content\/uploads\/2024\/10\/android-chrome-696x696-1.png","contentUrl":"https:\/\/www.museos.com\/wp-content\/uploads\/2024\/10\/android-chrome-696x696-1.png","width":696,"height":696,"caption":"Museos"},"image":{"@id":"https:\/\/www.museos.com\/de\/#\/schema\/logo\/image\/"}}]}},"_links":{"self":[{"href":"https:\/\/www.museos.com\/de\/wp-json\/wp\/v2\/pages\/105550","targetHints":{"allow":["GET"]}}],"collection":[{"href":"https:\/\/www.museos.com\/de\/wp-json\/wp\/v2\/pages"}],"about":[{"href":"https:\/\/www.museos.com\/de\/wp-json\/wp\/v2\/types\/page"}],"author":[{"embeddable":true,"href":"https:\/\/www.museos.com\/de\/wp-json\/wp\/v2\/users\/3"}],"replies":[{"embeddable":true,"href":"https:\/\/www.museos.com\/de\/wp-json\/wp\/v2\/comments?post=105550"}],"version-history":[{"count":3,"href":"https:\/\/www.museos.com\/de\/wp-json\/wp\/v2\/pages\/105550\/revisions"}],"predecessor-version":[{"id":146922,"href":"https:\/\/www.museos.com\/de\/wp-json\/wp\/v2\/pages\/105550\/revisions\/146922"}],"up":[{"embeddable":true,"href":"https:\/\/www.museos.com\/de\/wp-json\/wp\/v2\/pages\/100457"}],"wp:featuredmedia":[{"embeddable":true,"href":"https:\/\/www.museos.com\/de\/wp-json\/wp\/v2\/media\/105571"}],"wp:attachment":[{"href":"https:\/\/www.museos.com\/de\/wp-json\/wp\/v2\/media?parent=105550"}],"curies":[{"name":"wp","href":"https:\/\/api.w.org\/{rel}","templated":true}]}}