{"id":10813,"date":"2021-03-17T14:03:34","date_gmt":"2021-03-17T14:03:34","guid":{"rendered":"https:\/\/www.museos.com\/?page_id=10813"},"modified":"2026-01-08T09:31:29","modified_gmt":"2026-01-08T09:31:29","slug":"palazzo-barberini-rom","status":"publish","type":"page","link":"https:\/\/www.museos.com\/de\/rom\/palazzo-barberini-rom\/","title":{"rendered":"Palazzo Barberini"},"content":{"rendered":"","protected":false},"excerpt":{"rendered":"","protected":false},"author":3,"featured_media":18579,"parent":2571,"menu_order":0,"comment_status":"open","ping_status":"closed","template":"location.php","meta":{"_acf_changed":false,"footnotes":""},"class_list":["post-10813","page","type-page","status-publish","has-post-thumbnail","hentry"],"acf":[],"yoast_head":"<!-- This site is optimized with the Yoast SEO plugin v27.1.1 - https:\/\/yoast.com\/product\/yoast-seo-wordpress\/ -->\n<title>Der Palazzo Barberini ist ein Geheimtipp: Infos &amp; Tickets 2026<\/title>\n<meta name=\"description\" content=\"Der pr\u00e4chtige Palazzo Barberini ist erst seit 2011 f\u00fcr Besucher ge\u00f6ffnet und beherbergt eine sch\u00f6ne Sammlung von Renaissance- &amp; Barockkunst.\" \/>\n<meta name=\"robots\" content=\"index, follow, max-snippet:-1, max-image-preview:large, max-video-preview:-1\" \/>\n<link rel=\"canonical\" href=\"https:\/\/www.museos.com\/de\/rom\/palazzo-barberini-rom\/\" \/>\n<meta property=\"og:locale\" content=\"de_DE\" \/>\n<meta property=\"og:type\" content=\"article\" \/>\n<meta property=\"og:title\" content=\"Der Palazzo Barberini ist ein Geheimtipp: Infos &amp; Tickets 2026\" \/>\n<meta property=\"og:description\" content=\"Der pr\u00e4chtige Palazzo Barberini ist erst seit 2011 f\u00fcr Besucher ge\u00f6ffnet und beherbergt eine sch\u00f6ne Sammlung von Renaissance- &amp; Barockkunst.\" \/>\n<meta property=\"og:url\" content=\"https:\/\/www.museos.com\/de\/rom\/palazzo-barberini-rom\/\" \/>\n<meta property=\"og:site_name\" content=\"museos\" \/>\n<meta property=\"article:modified_time\" content=\"2026-01-08T09:31:29+00:00\" \/>\n<meta property=\"og:image\" content=\"https:\/\/www.museos.com\/wp-content\/uploads\/2021\/02\/Palazzo-Barberini1-scaled.jpg\" \/>\n\t<meta property=\"og:image:width\" content=\"1600\" \/>\n\t<meta property=\"og:image:height\" content=\"1200\" \/>\n\t<meta property=\"og:image:type\" content=\"image\/jpeg\" \/>\n<meta name=\"twitter:card\" content=\"summary_large_image\" \/>\n<meta name=\"twitter:label1\" content=\"Gesch\u00e4tzte Lesezeit\" \/>\n\t<meta name=\"twitter:data1\" content=\"1\u00a0Minute\" \/>\n<script type=\"application\/ld+json\" class=\"yoast-schema-graph\">{\"@context\":\"https:\/\/schema.org\",\"@graph\":[{\"@type\":\"WebPage\",\"@id\":\"https:\/\/www.museos.com\/de\/rom\/palazzo-barberini-rom\/\",\"url\":\"https:\/\/www.museos.com\/de\/rom\/palazzo-barberini-rom\/\",\"name\":\"Der Palazzo Barberini ist ein Geheimtipp: Infos & Tickets 2026\",\"isPartOf\":{\"@id\":\"https:\/\/www.museos.com\/de\/#website\"},\"primaryImageOfPage\":{\"@id\":\"https:\/\/www.museos.com\/de\/rom\/palazzo-barberini-rom\/#primaryimage\"},\"image\":{\"@id\":\"https:\/\/www.museos.com\/de\/rom\/palazzo-barberini-rom\/#primaryimage\"},\"thumbnailUrl\":\"https:\/\/www.museos.com\/wp-content\/uploads\/2021\/02\/Palazzo-Barberini1-scaled.jpg\",\"datePublished\":\"2021-03-17T14:03:34+00:00\",\"dateModified\":\"2026-01-08T09:31:29+00:00\",\"description\":\"Der pr\u00e4chtige Palazzo Barberini ist erst seit 2011 f\u00fcr Besucher ge\u00f6ffnet und beherbergt eine sch\u00f6ne Sammlung von Renaissance- & Barockkunst.\",\"breadcrumb\":{\"@id\":\"https:\/\/www.museos.com\/de\/rom\/palazzo-barberini-rom\/#breadcrumb\"},\"inLanguage\":\"de\",\"potentialAction\":[{\"@type\":\"ReadAction\",\"target\":[\"https:\/\/www.museos.com\/de\/rom\/palazzo-barberini-rom\/\"]}]},{\"@type\":\"ImageObject\",\"inLanguage\":\"de\",\"@id\":\"https:\/\/www.museos.com\/de\/rom\/palazzo-barberini-rom\/#primaryimage\",\"url\":\"https:\/\/www.museos.com\/wp-content\/uploads\/2021\/02\/Palazzo-Barberini1-scaled.jpg\",\"contentUrl\":\"https:\/\/www.museos.com\/wp-content\/uploads\/2021\/02\/Palazzo-Barberini1-scaled.jpg\",\"width\":1600,\"height\":1200,\"caption\":\"Palazzo Barberini - Galleria Nazionale d'Arte Antica, Rom\"},{\"@type\":\"BreadcrumbList\",\"@id\":\"https:\/\/www.museos.com\/de\/rom\/palazzo-barberini-rom\/#breadcrumb\",\"itemListElement\":[{\"@type\":\"ListItem\",\"position\":1,\"name\":\"Home\",\"item\":\"https:\/\/www.museos.com\/de\/\"},{\"@type\":\"ListItem\",\"position\":2,\"name\":\"Rom\",\"item\":\"https:\/\/www.museos.com\/de\/rom\/\"},{\"@type\":\"ListItem\",\"position\":3,\"name\":\"Palazzo Barberini\"}]},{\"@type\":\"WebSite\",\"@id\":\"https:\/\/www.museos.com\/de\/#website\",\"url\":\"https:\/\/www.museos.com\/de\/\",\"name\":\"museos\",\"description\":\"Just another WordPress site\",\"publisher\":{\"@id\":\"https:\/\/www.museos.com\/de\/#organization\"},\"potentialAction\":[{\"@type\":\"SearchAction\",\"target\":{\"@type\":\"EntryPoint\",\"urlTemplate\":\"https:\/\/www.museos.com\/de\/?s={search_term_string}\"},\"query-input\":{\"@type\":\"PropertyValueSpecification\",\"valueRequired\":true,\"valueName\":\"search_term_string\"}}],\"inLanguage\":\"de\"},{\"@type\":\"Organization\",\"@id\":\"https:\/\/www.museos.com\/de\/#organization\",\"name\":\"Museos\",\"url\":\"https:\/\/www.museos.com\/de\/\",\"logo\":{\"@type\":\"ImageObject\",\"inLanguage\":\"de\",\"@id\":\"https:\/\/www.museos.com\/de\/#\/schema\/logo\/image\/\",\"url\":\"https:\/\/www.museos.com\/wp-content\/uploads\/2024\/10\/android-chrome-696x696-1.png\",\"contentUrl\":\"https:\/\/www.museos.com\/wp-content\/uploads\/2024\/10\/android-chrome-696x696-1.png\",\"width\":696,\"height\":696,\"caption\":\"Museos\"},\"image\":{\"@id\":\"https:\/\/www.museos.com\/de\/#\/schema\/logo\/image\/\"}}]}<\/script>\n<!-- \/ Yoast SEO plugin. -->","yoast_head_json":{"title":"Der Palazzo Barberini ist ein Geheimtipp: Infos & Tickets 2026","description":"Der pr\u00e4chtige Palazzo Barberini ist erst seit 2011 f\u00fcr Besucher ge\u00f6ffnet und beherbergt eine sch\u00f6ne Sammlung von Renaissance- & Barockkunst.","robots":{"index":"index","follow":"follow","max-snippet":"max-snippet:-1","max-image-preview":"max-image-preview:large","max-video-preview":"max-video-preview:-1"},"canonical":"https:\/\/www.museos.com\/de\/rom\/palazzo-barberini-rom\/","og_locale":"de_DE","og_type":"article","og_title":"Der Palazzo Barberini ist ein Geheimtipp: Infos & Tickets 2026","og_description":"Der pr\u00e4chtige Palazzo Barberini ist erst seit 2011 f\u00fcr Besucher ge\u00f6ffnet und beherbergt eine sch\u00f6ne Sammlung von Renaissance- & Barockkunst.","og_url":"https:\/\/www.museos.com\/de\/rom\/palazzo-barberini-rom\/","og_site_name":"museos","article_modified_time":"2026-01-08T09:31:29+00:00","og_image":[{"width":1600,"height":1200,"url":"https:\/\/www.museos.com\/wp-content\/uploads\/2021\/02\/Palazzo-Barberini1-scaled.jpg","type":"image\/jpeg"}],"twitter_card":"summary_large_image","twitter_misc":{"Gesch\u00e4tzte Lesezeit":"1\u00a0Minute"},"schema":{"@context":"https:\/\/schema.org","@graph":[{"@type":"WebPage","@id":"https:\/\/www.museos.com\/de\/rom\/palazzo-barberini-rom\/","url":"https:\/\/www.museos.com\/de\/rom\/palazzo-barberini-rom\/","name":"Der Palazzo Barberini ist ein Geheimtipp: Infos & Tickets 2026","isPartOf":{"@id":"https:\/\/www.museos.com\/de\/#website"},"primaryImageOfPage":{"@id":"https:\/\/www.museos.com\/de\/rom\/palazzo-barberini-rom\/#primaryimage"},"image":{"@id":"https:\/\/www.museos.com\/de\/rom\/palazzo-barberini-rom\/#primaryimage"},"thumbnailUrl":"https:\/\/www.museos.com\/wp-content\/uploads\/2021\/02\/Palazzo-Barberini1-scaled.jpg","datePublished":"2021-03-17T14:03:34+00:00","dateModified":"2026-01-08T09:31:29+00:00","description":"Der pr\u00e4chtige Palazzo Barberini ist erst seit 2011 f\u00fcr Besucher ge\u00f6ffnet und beherbergt eine sch\u00f6ne Sammlung von Renaissance- & Barockkunst.","breadcrumb":{"@id":"https:\/\/www.museos.com\/de\/rom\/palazzo-barberini-rom\/#breadcrumb"},"inLanguage":"de","potentialAction":[{"@type":"ReadAction","target":["https:\/\/www.museos.com\/de\/rom\/palazzo-barberini-rom\/"]}]},{"@type":"ImageObject","inLanguage":"de","@id":"https:\/\/www.museos.com\/de\/rom\/palazzo-barberini-rom\/#primaryimage","url":"https:\/\/www.museos.com\/wp-content\/uploads\/2021\/02\/Palazzo-Barberini1-scaled.jpg","contentUrl":"https:\/\/www.museos.com\/wp-content\/uploads\/2021\/02\/Palazzo-Barberini1-scaled.jpg","width":1600,"height":1200,"caption":"Palazzo Barberini - Galleria Nazionale d'Arte Antica, Rom"},{"@type":"BreadcrumbList","@id":"https:\/\/www.museos.com\/de\/rom\/palazzo-barberini-rom\/#breadcrumb","itemListElement":[{"@type":"ListItem","position":1,"name":"Home","item":"https:\/\/www.museos.com\/de\/"},{"@type":"ListItem","position":2,"name":"Rom","item":"https:\/\/www.museos.com\/de\/rom\/"},{"@type":"ListItem","position":3,"name":"Palazzo Barberini"}]},{"@type":"WebSite","@id":"https:\/\/www.museos.com\/de\/#website","url":"https:\/\/www.museos.com\/de\/","name":"museos","description":"Just another WordPress site","publisher":{"@id":"https:\/\/www.museos.com\/de\/#organization"},"potentialAction":[{"@type":"SearchAction","target":{"@type":"EntryPoint","urlTemplate":"https:\/\/www.museos.com\/de\/?s={search_term_string}"},"query-input":{"@type":"PropertyValueSpecification","valueRequired":true,"valueName":"search_term_string"}}],"inLanguage":"de"},{"@type":"Organization","@id":"https:\/\/www.museos.com\/de\/#organization","name":"Museos","url":"https:\/\/www.museos.com\/de\/","logo":{"@type":"ImageObject","inLanguage":"de","@id":"https:\/\/www.museos.com\/de\/#\/schema\/logo\/image\/","url":"https:\/\/www.museos.com\/wp-content\/uploads\/2024\/10\/android-chrome-696x696-1.png","contentUrl":"https:\/\/www.museos.com\/wp-content\/uploads\/2024\/10\/android-chrome-696x696-1.png","width":696,"height":696,"caption":"Museos"},"image":{"@id":"https:\/\/www.museos.com\/de\/#\/schema\/logo\/image\/"}}]}},"_links":{"self":[{"href":"https:\/\/www.museos.com\/de\/wp-json\/wp\/v2\/pages\/10813","targetHints":{"allow":["GET"]}}],"collection":[{"href":"https:\/\/www.museos.com\/de\/wp-json\/wp\/v2\/pages"}],"about":[{"href":"https:\/\/www.museos.com\/de\/wp-json\/wp\/v2\/types\/page"}],"author":[{"embeddable":true,"href":"https:\/\/www.museos.com\/de\/wp-json\/wp\/v2\/users\/3"}],"replies":[{"embeddable":true,"href":"https:\/\/www.museos.com\/de\/wp-json\/wp\/v2\/comments?post=10813"}],"version-history":[{"count":4,"href":"https:\/\/www.museos.com\/de\/wp-json\/wp\/v2\/pages\/10813\/revisions"}],"predecessor-version":[{"id":145512,"href":"https:\/\/www.museos.com\/de\/wp-json\/wp\/v2\/pages\/10813\/revisions\/145512"}],"up":[{"embeddable":true,"href":"https:\/\/www.museos.com\/de\/wp-json\/wp\/v2\/pages\/2571"}],"wp:featuredmedia":[{"embeddable":true,"href":"https:\/\/www.museos.com\/de\/wp-json\/wp\/v2\/media\/18579"}],"wp:attachment":[{"href":"https:\/\/www.museos.com\/de\/wp-json\/wp\/v2\/media?parent=10813"}],"curies":[{"name":"wp","href":"https:\/\/api.w.org\/{rel}","templated":true}]}}