{"id":110096,"date":"2024-03-14T11:07:04","date_gmt":"2024-03-14T11:07:04","guid":{"rendered":"https:\/\/www.museos.com\/?page_id=110096"},"modified":"2026-02-27T16:07:52","modified_gmt":"2026-02-27T16:07:52","slug":"wien-museum","status":"publish","type":"page","link":"https:\/\/www.museos.com\/de\/wien\/wien-museum\/","title":{"rendered":"Wien Museum"},"content":{"rendered":"","protected":false},"excerpt":{"rendered":"","protected":false},"author":3,"featured_media":110767,"parent":2583,"menu_order":0,"comment_status":"open","ping_status":"closed","template":"location.php","meta":{"_acf_changed":false,"footnotes":""},"class_list":["post-110096","page","type-page","status-publish","has-post-thumbnail","hentry"],"acf":[],"yoast_head":"<!-- This site is optimized with the Yoast SEO plugin v27.1.1 - https:\/\/yoast.com\/product\/yoast-seo-wordpress\/ -->\n<title>Das neue Wien Museum am Karlsplatz: alle Infos 2026<\/title>\n<meta name=\"description\" content=\"Das Wien Museum am Karlspaltz wurde nach der Er\u00f6ffnung \u00fcberrannt. Wir berichten, was ihr hier finden und erleben k\u00f6nnt!\" \/>\n<meta name=\"robots\" content=\"index, follow, max-snippet:-1, max-image-preview:large, max-video-preview:-1\" \/>\n<link rel=\"canonical\" href=\"https:\/\/www.museos.com\/de\/wien\/wien-museum\/\" \/>\n<meta property=\"og:locale\" content=\"de_DE\" \/>\n<meta property=\"og:type\" content=\"article\" \/>\n<meta property=\"og:title\" content=\"Das neue Wien Museum am Karlsplatz: alle Infos 2026\" \/>\n<meta property=\"og:description\" content=\"Das Wien Museum am Karlspaltz wurde nach der Er\u00f6ffnung \u00fcberrannt. Wir berichten, was ihr hier finden und erleben k\u00f6nnt!\" \/>\n<meta property=\"og:url\" content=\"https:\/\/www.museos.com\/de\/wien\/wien-museum\/\" \/>\n<meta property=\"og:site_name\" content=\"museos\" \/>\n<meta property=\"article:modified_time\" content=\"2026-02-27T16:07:52+00:00\" \/>\n<meta property=\"og:image\" content=\"https:\/\/www.museos.com\/wp-content\/uploads\/2024\/04\/Wien-Museum-28.jpg\" \/>\n\t<meta property=\"og:image:width\" content=\"1300\" \/>\n\t<meta property=\"og:image:height\" content=\"975\" \/>\n\t<meta property=\"og:image:type\" content=\"image\/jpeg\" \/>\n<meta name=\"twitter:card\" content=\"summary_large_image\" \/>\n<meta name=\"twitter:label1\" content=\"Gesch\u00e4tzte Lesezeit\" \/>\n\t<meta name=\"twitter:data1\" content=\"1\u00a0Minute\" \/>\n<script type=\"application\/ld+json\" class=\"yoast-schema-graph\">{\"@context\":\"https:\/\/schema.org\",\"@graph\":[{\"@type\":\"WebPage\",\"@id\":\"https:\/\/www.museos.com\/de\/wien\/wien-museum\/\",\"url\":\"https:\/\/www.museos.com\/de\/wien\/wien-museum\/\",\"name\":\"Das neue Wien Museum am Karlsplatz: alle Infos 2026\",\"isPartOf\":{\"@id\":\"https:\/\/www.museos.com\/de\/#website\"},\"primaryImageOfPage\":{\"@id\":\"https:\/\/www.museos.com\/de\/wien\/wien-museum\/#primaryimage\"},\"image\":{\"@id\":\"https:\/\/www.museos.com\/de\/wien\/wien-museum\/#primaryimage\"},\"thumbnailUrl\":\"https:\/\/www.museos.com\/wp-content\/uploads\/2024\/04\/Wien-Museum-28.jpg\",\"datePublished\":\"2024-03-14T11:07:04+00:00\",\"dateModified\":\"2026-02-27T16:07:52+00:00\",\"description\":\"Das Wien Museum am Karlspaltz wurde nach der Er\u00f6ffnung \u00fcberrannt. Wir berichten, was ihr hier finden und erleben k\u00f6nnt!\",\"breadcrumb\":{\"@id\":\"https:\/\/www.museos.com\/de\/wien\/wien-museum\/#breadcrumb\"},\"inLanguage\":\"de\",\"potentialAction\":[{\"@type\":\"ReadAction\",\"target\":[\"https:\/\/www.museos.com\/de\/wien\/wien-museum\/\"]}]},{\"@type\":\"ImageObject\",\"inLanguage\":\"de\",\"@id\":\"https:\/\/www.museos.com\/de\/wien\/wien-museum\/#primaryimage\",\"url\":\"https:\/\/www.museos.com\/wp-content\/uploads\/2024\/04\/Wien-Museum-28.jpg\",\"contentUrl\":\"https:\/\/www.museos.com\/wp-content\/uploads\/2024\/04\/Wien-Museum-28.jpg\",\"width\":1300,\"height\":975,\"caption\":\"Wien Museum am Karlsplatz\"},{\"@type\":\"BreadcrumbList\",\"@id\":\"https:\/\/www.museos.com\/de\/wien\/wien-museum\/#breadcrumb\",\"itemListElement\":[{\"@type\":\"ListItem\",\"position\":1,\"name\":\"Home\",\"item\":\"https:\/\/www.museos.com\/de\/\"},{\"@type\":\"ListItem\",\"position\":2,\"name\":\"Wien\",\"item\":\"https:\/\/www.museos.com\/de\/wien\/\"},{\"@type\":\"ListItem\",\"position\":3,\"name\":\"Wien Museum\"}]},{\"@type\":\"WebSite\",\"@id\":\"https:\/\/www.museos.com\/de\/#website\",\"url\":\"https:\/\/www.museos.com\/de\/\",\"name\":\"museos\",\"description\":\"Just another WordPress site\",\"publisher\":{\"@id\":\"https:\/\/www.museos.com\/de\/#organization\"},\"potentialAction\":[{\"@type\":\"SearchAction\",\"target\":{\"@type\":\"EntryPoint\",\"urlTemplate\":\"https:\/\/www.museos.com\/de\/?s={search_term_string}\"},\"query-input\":{\"@type\":\"PropertyValueSpecification\",\"valueRequired\":true,\"valueName\":\"search_term_string\"}}],\"inLanguage\":\"de\"},{\"@type\":\"Organization\",\"@id\":\"https:\/\/www.museos.com\/de\/#organization\",\"name\":\"Museos\",\"url\":\"https:\/\/www.museos.com\/de\/\",\"logo\":{\"@type\":\"ImageObject\",\"inLanguage\":\"de\",\"@id\":\"https:\/\/www.museos.com\/de\/#\/schema\/logo\/image\/\",\"url\":\"https:\/\/www.museos.com\/wp-content\/uploads\/2024\/10\/android-chrome-696x696-1.png\",\"contentUrl\":\"https:\/\/www.museos.com\/wp-content\/uploads\/2024\/10\/android-chrome-696x696-1.png\",\"width\":696,\"height\":696,\"caption\":\"Museos\"},\"image\":{\"@id\":\"https:\/\/www.museos.com\/de\/#\/schema\/logo\/image\/\"}}]}<\/script>\n<!-- \/ Yoast SEO plugin. -->","yoast_head_json":{"title":"Das neue Wien Museum am Karlsplatz: alle Infos 2026","description":"Das Wien Museum am Karlspaltz wurde nach der Er\u00f6ffnung \u00fcberrannt. Wir berichten, was ihr hier finden und erleben k\u00f6nnt!","robots":{"index":"index","follow":"follow","max-snippet":"max-snippet:-1","max-image-preview":"max-image-preview:large","max-video-preview":"max-video-preview:-1"},"canonical":"https:\/\/www.museos.com\/de\/wien\/wien-museum\/","og_locale":"de_DE","og_type":"article","og_title":"Das neue Wien Museum am Karlsplatz: alle Infos 2026","og_description":"Das Wien Museum am Karlspaltz wurde nach der Er\u00f6ffnung \u00fcberrannt. Wir berichten, was ihr hier finden und erleben k\u00f6nnt!","og_url":"https:\/\/www.museos.com\/de\/wien\/wien-museum\/","og_site_name":"museos","article_modified_time":"2026-02-27T16:07:52+00:00","og_image":[{"width":1300,"height":975,"url":"https:\/\/www.museos.com\/wp-content\/uploads\/2024\/04\/Wien-Museum-28.jpg","type":"image\/jpeg"}],"twitter_card":"summary_large_image","twitter_misc":{"Gesch\u00e4tzte Lesezeit":"1\u00a0Minute"},"schema":{"@context":"https:\/\/schema.org","@graph":[{"@type":"WebPage","@id":"https:\/\/www.museos.com\/de\/wien\/wien-museum\/","url":"https:\/\/www.museos.com\/de\/wien\/wien-museum\/","name":"Das neue Wien Museum am Karlsplatz: alle Infos 2026","isPartOf":{"@id":"https:\/\/www.museos.com\/de\/#website"},"primaryImageOfPage":{"@id":"https:\/\/www.museos.com\/de\/wien\/wien-museum\/#primaryimage"},"image":{"@id":"https:\/\/www.museos.com\/de\/wien\/wien-museum\/#primaryimage"},"thumbnailUrl":"https:\/\/www.museos.com\/wp-content\/uploads\/2024\/04\/Wien-Museum-28.jpg","datePublished":"2024-03-14T11:07:04+00:00","dateModified":"2026-02-27T16:07:52+00:00","description":"Das Wien Museum am Karlspaltz wurde nach der Er\u00f6ffnung \u00fcberrannt. Wir berichten, was ihr hier finden und erleben k\u00f6nnt!","breadcrumb":{"@id":"https:\/\/www.museos.com\/de\/wien\/wien-museum\/#breadcrumb"},"inLanguage":"de","potentialAction":[{"@type":"ReadAction","target":["https:\/\/www.museos.com\/de\/wien\/wien-museum\/"]}]},{"@type":"ImageObject","inLanguage":"de","@id":"https:\/\/www.museos.com\/de\/wien\/wien-museum\/#primaryimage","url":"https:\/\/www.museos.com\/wp-content\/uploads\/2024\/04\/Wien-Museum-28.jpg","contentUrl":"https:\/\/www.museos.com\/wp-content\/uploads\/2024\/04\/Wien-Museum-28.jpg","width":1300,"height":975,"caption":"Wien Museum am Karlsplatz"},{"@type":"BreadcrumbList","@id":"https:\/\/www.museos.com\/de\/wien\/wien-museum\/#breadcrumb","itemListElement":[{"@type":"ListItem","position":1,"name":"Home","item":"https:\/\/www.museos.com\/de\/"},{"@type":"ListItem","position":2,"name":"Wien","item":"https:\/\/www.museos.com\/de\/wien\/"},{"@type":"ListItem","position":3,"name":"Wien Museum"}]},{"@type":"WebSite","@id":"https:\/\/www.museos.com\/de\/#website","url":"https:\/\/www.museos.com\/de\/","name":"museos","description":"Just another WordPress site","publisher":{"@id":"https:\/\/www.museos.com\/de\/#organization"},"potentialAction":[{"@type":"SearchAction","target":{"@type":"EntryPoint","urlTemplate":"https:\/\/www.museos.com\/de\/?s={search_term_string}"},"query-input":{"@type":"PropertyValueSpecification","valueRequired":true,"valueName":"search_term_string"}}],"inLanguage":"de"},{"@type":"Organization","@id":"https:\/\/www.museos.com\/de\/#organization","name":"Museos","url":"https:\/\/www.museos.com\/de\/","logo":{"@type":"ImageObject","inLanguage":"de","@id":"https:\/\/www.museos.com\/de\/#\/schema\/logo\/image\/","url":"https:\/\/www.museos.com\/wp-content\/uploads\/2024\/10\/android-chrome-696x696-1.png","contentUrl":"https:\/\/www.museos.com\/wp-content\/uploads\/2024\/10\/android-chrome-696x696-1.png","width":696,"height":696,"caption":"Museos"},"image":{"@id":"https:\/\/www.museos.com\/de\/#\/schema\/logo\/image\/"}}]}},"_links":{"self":[{"href":"https:\/\/www.museos.com\/de\/wp-json\/wp\/v2\/pages\/110096","targetHints":{"allow":["GET"]}}],"collection":[{"href":"https:\/\/www.museos.com\/de\/wp-json\/wp\/v2\/pages"}],"about":[{"href":"https:\/\/www.museos.com\/de\/wp-json\/wp\/v2\/types\/page"}],"author":[{"embeddable":true,"href":"https:\/\/www.museos.com\/de\/wp-json\/wp\/v2\/users\/3"}],"replies":[{"embeddable":true,"href":"https:\/\/www.museos.com\/de\/wp-json\/wp\/v2\/comments?post=110096"}],"version-history":[{"count":2,"href":"https:\/\/www.museos.com\/de\/wp-json\/wp\/v2\/pages\/110096\/revisions"}],"predecessor-version":[{"id":147279,"href":"https:\/\/www.museos.com\/de\/wp-json\/wp\/v2\/pages\/110096\/revisions\/147279"}],"up":[{"embeddable":true,"href":"https:\/\/www.museos.com\/de\/wp-json\/wp\/v2\/pages\/2583"}],"wp:featuredmedia":[{"embeddable":true,"href":"https:\/\/www.museos.com\/de\/wp-json\/wp\/v2\/media\/110767"}],"wp:attachment":[{"href":"https:\/\/www.museos.com\/de\/wp-json\/wp\/v2\/media?parent=110096"}],"curies":[{"name":"wp","href":"https:\/\/api.w.org\/{rel}","templated":true}]}}