{"id":130956,"date":"2025-05-14T09:55:43","date_gmt":"2025-05-14T09:55:43","guid":{"rendered":"https:\/\/www.museos.com\/?page_id=130956"},"modified":"2025-05-16T13:30:22","modified_gmt":"2025-05-16T13:30:22","slug":"cerralbo-museum-madrid","status":"publish","type":"page","link":"https:\/\/www.museos.com\/de\/madrid\/cerralbo-museum-madrid\/","title":{"rendered":"Cerralbo Museum Madrid"},"content":{"rendered":"","protected":false},"excerpt":{"rendered":"","protected":false},"author":3,"featured_media":130977,"parent":128436,"menu_order":0,"comment_status":"open","ping_status":"closed","template":"location.php","meta":{"_acf_changed":false,"footnotes":""},"class_list":["post-130956","page","type-page","status-publish","has-post-thumbnail","hentry"],"acf":[],"yoast_head":"<!-- This site is optimized with the Yoast SEO plugin v27.1.1 - https:\/\/yoast.com\/product\/yoast-seo-wordpress\/ -->\n<title>Museo Cerralbo: Informationen 2026<\/title>\n<meta name=\"description\" content=\"Im Museo Cerralbo in Madrid reist du zur\u00fcck in die Zeit des Adels. Entdecke die Villa mit M\u00f6beln, Kunst und Sch\u00e4tzen aus dem 19. Jahrhundert.\" \/>\n<meta name=\"robots\" content=\"index, follow, max-snippet:-1, max-image-preview:large, max-video-preview:-1\" \/>\n<link rel=\"canonical\" href=\"https:\/\/www.museos.com\/de\/madrid\/cerralbo-museum-madrid\/\" \/>\n<meta property=\"og:locale\" content=\"de_DE\" \/>\n<meta property=\"og:type\" content=\"article\" \/>\n<meta property=\"og:title\" content=\"Museo Cerralbo: Informationen 2026\" \/>\n<meta property=\"og:description\" content=\"Im Museo Cerralbo in Madrid reist du zur\u00fcck in die Zeit des Adels. Entdecke die Villa mit M\u00f6beln, Kunst und Sch\u00e4tzen aus dem 19. Jahrhundert.\" \/>\n<meta property=\"og:url\" content=\"https:\/\/www.museos.com\/de\/madrid\/cerralbo-museum-madrid\/\" \/>\n<meta property=\"og:site_name\" content=\"museos\" \/>\n<meta property=\"article:modified_time\" content=\"2025-05-16T13:30:22+00:00\" \/>\n<meta property=\"og:image\" content=\"https:\/\/www.museos.com\/wp-content\/uploads\/2025\/03\/Cerralbo-Museum-Madrid.jpg\" \/>\n\t<meta property=\"og:image:width\" content=\"1400\" \/>\n\t<meta property=\"og:image:height\" content=\"1050\" \/>\n\t<meta property=\"og:image:type\" content=\"image\/jpeg\" \/>\n<meta name=\"twitter:card\" content=\"summary_large_image\" \/>\n<meta name=\"twitter:label1\" content=\"Gesch\u00e4tzte Lesezeit\" \/>\n\t<meta name=\"twitter:data1\" content=\"1\u00a0Minute\" \/>\n<script type=\"application\/ld+json\" class=\"yoast-schema-graph\">{\"@context\":\"https:\/\/schema.org\",\"@graph\":[{\"@type\":\"WebPage\",\"@id\":\"https:\/\/www.museos.com\/de\/madrid\/cerralbo-museum-madrid\/\",\"url\":\"https:\/\/www.museos.com\/de\/madrid\/cerralbo-museum-madrid\/\",\"name\":\"Museo Cerralbo: Informationen 2026\",\"isPartOf\":{\"@id\":\"https:\/\/www.museos.com\/de\/#website\"},\"primaryImageOfPage\":{\"@id\":\"https:\/\/www.museos.com\/de\/madrid\/cerralbo-museum-madrid\/#primaryimage\"},\"image\":{\"@id\":\"https:\/\/www.museos.com\/de\/madrid\/cerralbo-museum-madrid\/#primaryimage\"},\"thumbnailUrl\":\"https:\/\/www.museos.com\/wp-content\/uploads\/2025\/03\/Cerralbo-Museum-Madrid.jpg\",\"datePublished\":\"2025-05-14T09:55:43+00:00\",\"dateModified\":\"2025-05-16T13:30:22+00:00\",\"description\":\"Im Museo Cerralbo in Madrid reist du zur\u00fcck in die Zeit des Adels. Entdecke die Villa mit M\u00f6beln, Kunst und Sch\u00e4tzen aus dem 19. Jahrhundert.\",\"breadcrumb\":{\"@id\":\"https:\/\/www.museos.com\/de\/madrid\/cerralbo-museum-madrid\/#breadcrumb\"},\"inLanguage\":\"de\",\"potentialAction\":[{\"@type\":\"ReadAction\",\"target\":[\"https:\/\/www.museos.com\/de\/madrid\/cerralbo-museum-madrid\/\"]}]},{\"@type\":\"ImageObject\",\"inLanguage\":\"de\",\"@id\":\"https:\/\/www.museos.com\/de\/madrid\/cerralbo-museum-madrid\/#primaryimage\",\"url\":\"https:\/\/www.museos.com\/wp-content\/uploads\/2025\/03\/Cerralbo-Museum-Madrid.jpg\",\"contentUrl\":\"https:\/\/www.museos.com\/wp-content\/uploads\/2025\/03\/Cerralbo-Museum-Madrid.jpg\",\"width\":1400,\"height\":1050,\"caption\":\"Cerralbo Museum Madrid\"},{\"@type\":\"BreadcrumbList\",\"@id\":\"https:\/\/www.museos.com\/de\/madrid\/cerralbo-museum-madrid\/#breadcrumb\",\"itemListElement\":[{\"@type\":\"ListItem\",\"position\":1,\"name\":\"Home\",\"item\":\"https:\/\/www.museos.com\/de\/\"},{\"@type\":\"ListItem\",\"position\":2,\"name\":\"Madrid\",\"item\":\"https:\/\/www.museos.com\/de\/madrid\/\"},{\"@type\":\"ListItem\",\"position\":3,\"name\":\"Cerralbo Museum Madrid\"}]},{\"@type\":\"WebSite\",\"@id\":\"https:\/\/www.museos.com\/de\/#website\",\"url\":\"https:\/\/www.museos.com\/de\/\",\"name\":\"museos\",\"description\":\"Just another WordPress site\",\"publisher\":{\"@id\":\"https:\/\/www.museos.com\/de\/#organization\"},\"potentialAction\":[{\"@type\":\"SearchAction\",\"target\":{\"@type\":\"EntryPoint\",\"urlTemplate\":\"https:\/\/www.museos.com\/de\/?s={search_term_string}\"},\"query-input\":{\"@type\":\"PropertyValueSpecification\",\"valueRequired\":true,\"valueName\":\"search_term_string\"}}],\"inLanguage\":\"de\"},{\"@type\":\"Organization\",\"@id\":\"https:\/\/www.museos.com\/de\/#organization\",\"name\":\"Museos\",\"url\":\"https:\/\/www.museos.com\/de\/\",\"logo\":{\"@type\":\"ImageObject\",\"inLanguage\":\"de\",\"@id\":\"https:\/\/www.museos.com\/de\/#\/schema\/logo\/image\/\",\"url\":\"https:\/\/www.museos.com\/wp-content\/uploads\/2024\/10\/android-chrome-696x696-1.png\",\"contentUrl\":\"https:\/\/www.museos.com\/wp-content\/uploads\/2024\/10\/android-chrome-696x696-1.png\",\"width\":696,\"height\":696,\"caption\":\"Museos\"},\"image\":{\"@id\":\"https:\/\/www.museos.com\/de\/#\/schema\/logo\/image\/\"}}]}<\/script>\n<!-- \/ Yoast SEO plugin. -->","yoast_head_json":{"title":"Museo Cerralbo: Informationen 2026","description":"Im Museo Cerralbo in Madrid reist du zur\u00fcck in die Zeit des Adels. Entdecke die Villa mit M\u00f6beln, Kunst und Sch\u00e4tzen aus dem 19. Jahrhundert.","robots":{"index":"index","follow":"follow","max-snippet":"max-snippet:-1","max-image-preview":"max-image-preview:large","max-video-preview":"max-video-preview:-1"},"canonical":"https:\/\/www.museos.com\/de\/madrid\/cerralbo-museum-madrid\/","og_locale":"de_DE","og_type":"article","og_title":"Museo Cerralbo: Informationen 2026","og_description":"Im Museo Cerralbo in Madrid reist du zur\u00fcck in die Zeit des Adels. Entdecke die Villa mit M\u00f6beln, Kunst und Sch\u00e4tzen aus dem 19. Jahrhundert.","og_url":"https:\/\/www.museos.com\/de\/madrid\/cerralbo-museum-madrid\/","og_site_name":"museos","article_modified_time":"2025-05-16T13:30:22+00:00","og_image":[{"width":1400,"height":1050,"url":"https:\/\/www.museos.com\/wp-content\/uploads\/2025\/03\/Cerralbo-Museum-Madrid.jpg","type":"image\/jpeg"}],"twitter_card":"summary_large_image","twitter_misc":{"Gesch\u00e4tzte Lesezeit":"1\u00a0Minute"},"schema":{"@context":"https:\/\/schema.org","@graph":[{"@type":"WebPage","@id":"https:\/\/www.museos.com\/de\/madrid\/cerralbo-museum-madrid\/","url":"https:\/\/www.museos.com\/de\/madrid\/cerralbo-museum-madrid\/","name":"Museo Cerralbo: Informationen 2026","isPartOf":{"@id":"https:\/\/www.museos.com\/de\/#website"},"primaryImageOfPage":{"@id":"https:\/\/www.museos.com\/de\/madrid\/cerralbo-museum-madrid\/#primaryimage"},"image":{"@id":"https:\/\/www.museos.com\/de\/madrid\/cerralbo-museum-madrid\/#primaryimage"},"thumbnailUrl":"https:\/\/www.museos.com\/wp-content\/uploads\/2025\/03\/Cerralbo-Museum-Madrid.jpg","datePublished":"2025-05-14T09:55:43+00:00","dateModified":"2025-05-16T13:30:22+00:00","description":"Im Museo Cerralbo in Madrid reist du zur\u00fcck in die Zeit des Adels. Entdecke die Villa mit M\u00f6beln, Kunst und Sch\u00e4tzen aus dem 19. Jahrhundert.","breadcrumb":{"@id":"https:\/\/www.museos.com\/de\/madrid\/cerralbo-museum-madrid\/#breadcrumb"},"inLanguage":"de","potentialAction":[{"@type":"ReadAction","target":["https:\/\/www.museos.com\/de\/madrid\/cerralbo-museum-madrid\/"]}]},{"@type":"ImageObject","inLanguage":"de","@id":"https:\/\/www.museos.com\/de\/madrid\/cerralbo-museum-madrid\/#primaryimage","url":"https:\/\/www.museos.com\/wp-content\/uploads\/2025\/03\/Cerralbo-Museum-Madrid.jpg","contentUrl":"https:\/\/www.museos.com\/wp-content\/uploads\/2025\/03\/Cerralbo-Museum-Madrid.jpg","width":1400,"height":1050,"caption":"Cerralbo Museum Madrid"},{"@type":"BreadcrumbList","@id":"https:\/\/www.museos.com\/de\/madrid\/cerralbo-museum-madrid\/#breadcrumb","itemListElement":[{"@type":"ListItem","position":1,"name":"Home","item":"https:\/\/www.museos.com\/de\/"},{"@type":"ListItem","position":2,"name":"Madrid","item":"https:\/\/www.museos.com\/de\/madrid\/"},{"@type":"ListItem","position":3,"name":"Cerralbo Museum Madrid"}]},{"@type":"WebSite","@id":"https:\/\/www.museos.com\/de\/#website","url":"https:\/\/www.museos.com\/de\/","name":"museos","description":"Just another WordPress site","publisher":{"@id":"https:\/\/www.museos.com\/de\/#organization"},"potentialAction":[{"@type":"SearchAction","target":{"@type":"EntryPoint","urlTemplate":"https:\/\/www.museos.com\/de\/?s={search_term_string}"},"query-input":{"@type":"PropertyValueSpecification","valueRequired":true,"valueName":"search_term_string"}}],"inLanguage":"de"},{"@type":"Organization","@id":"https:\/\/www.museos.com\/de\/#organization","name":"Museos","url":"https:\/\/www.museos.com\/de\/","logo":{"@type":"ImageObject","inLanguage":"de","@id":"https:\/\/www.museos.com\/de\/#\/schema\/logo\/image\/","url":"https:\/\/www.museos.com\/wp-content\/uploads\/2024\/10\/android-chrome-696x696-1.png","contentUrl":"https:\/\/www.museos.com\/wp-content\/uploads\/2024\/10\/android-chrome-696x696-1.png","width":696,"height":696,"caption":"Museos"},"image":{"@id":"https:\/\/www.museos.com\/de\/#\/schema\/logo\/image\/"}}]}},"_links":{"self":[{"href":"https:\/\/www.museos.com\/de\/wp-json\/wp\/v2\/pages\/130956","targetHints":{"allow":["GET"]}}],"collection":[{"href":"https:\/\/www.museos.com\/de\/wp-json\/wp\/v2\/pages"}],"about":[{"href":"https:\/\/www.museos.com\/de\/wp-json\/wp\/v2\/types\/page"}],"author":[{"embeddable":true,"href":"https:\/\/www.museos.com\/de\/wp-json\/wp\/v2\/users\/3"}],"replies":[{"embeddable":true,"href":"https:\/\/www.museos.com\/de\/wp-json\/wp\/v2\/comments?post=130956"}],"version-history":[{"count":2,"href":"https:\/\/www.museos.com\/de\/wp-json\/wp\/v2\/pages\/130956\/revisions"}],"predecessor-version":[{"id":135377,"href":"https:\/\/www.museos.com\/de\/wp-json\/wp\/v2\/pages\/130956\/revisions\/135377"}],"up":[{"embeddable":true,"href":"https:\/\/www.museos.com\/de\/wp-json\/wp\/v2\/pages\/128436"}],"wp:featuredmedia":[{"embeddable":true,"href":"https:\/\/www.museos.com\/de\/wp-json\/wp\/v2\/media\/130977"}],"wp:attachment":[{"href":"https:\/\/www.museos.com\/de\/wp-json\/wp\/v2\/media?parent=130956"}],"curies":[{"name":"wp","href":"https:\/\/api.w.org\/{rel}","templated":true}]}}