{"id":135108,"date":"2025-05-14T13:00:22","date_gmt":"2025-05-14T13:00:22","guid":{"rendered":"https:\/\/www.museos.com\/?page_id=135108"},"modified":"2025-05-14T13:00:22","modified_gmt":"2025-05-14T13:00:22","slug":"madrid-pass","status":"publish","type":"page","link":"https:\/\/www.museos.com\/de\/madrid\/madrid-pass\/","title":{"rendered":"Madrid Pass"},"content":{"rendered":"","protected":false},"excerpt":{"rendered":"","protected":false},"author":3,"featured_media":126455,"parent":128436,"menu_order":0,"comment_status":"open","ping_status":"closed","template":"open-template.php","meta":{"_acf_changed":false,"footnotes":""},"class_list":["post-135108","page","type-page","status-publish","has-post-thumbnail","hentry"],"acf":[],"yoast_head":"<!-- This site is optimized with the Yoast SEO plugin v27.1.1 - https:\/\/yoast.com\/product\/yoast-seo-wordpress\/ -->\n<title>Was ist der Madrid Pass? Wir erkl\u00e4ren es dir!<\/title>\n<meta name=\"description\" content=\"Mit dem Madrid Pass kannst du deine Top-Sehensw\u00fcrdigkeiten kombinieren und Rabatte auf weitere Sehensw\u00fcrdigkeiten erhalten.\" \/>\n<meta name=\"robots\" content=\"index, follow, max-snippet:-1, max-image-preview:large, max-video-preview:-1\" \/>\n<link rel=\"canonical\" href=\"https:\/\/www.museos.com\/de\/madrid\/madrid-pass\/\" \/>\n<meta property=\"og:locale\" content=\"de_DE\" \/>\n<meta property=\"og:type\" content=\"article\" \/>\n<meta property=\"og:title\" content=\"Was ist der Madrid Pass? Wir erkl\u00e4ren es dir!\" \/>\n<meta property=\"og:description\" content=\"Mit dem Madrid Pass kannst du deine Top-Sehensw\u00fcrdigkeiten kombinieren und Rabatte auf weitere Sehensw\u00fcrdigkeiten erhalten.\" \/>\n<meta property=\"og:url\" content=\"https:\/\/www.museos.com\/de\/madrid\/madrid-pass\/\" \/>\n<meta property=\"og:site_name\" content=\"museos\" \/>\n<meta property=\"og:image\" content=\"https:\/\/www.museos.com\/wp-content\/uploads\/2025\/02\/Bildschirm\u00adfoto-2025-02-07-um-11.00.54.png\" \/>\n\t<meta property=\"og:image:width\" content=\"788\" \/>\n\t<meta property=\"og:image:height\" content=\"786\" \/>\n\t<meta property=\"og:image:type\" content=\"image\/png\" \/>\n<meta name=\"twitter:card\" content=\"summary_large_image\" \/>\n<meta name=\"twitter:label1\" content=\"Gesch\u00e4tzte Lesezeit\" \/>\n\t<meta name=\"twitter:data1\" content=\"1\u00a0Minute\" \/>\n<script type=\"application\/ld+json\" class=\"yoast-schema-graph\">{\"@context\":\"https:\/\/schema.org\",\"@graph\":[{\"@type\":\"WebPage\",\"@id\":\"https:\/\/www.museos.com\/de\/madrid\/madrid-pass\/\",\"url\":\"https:\/\/www.museos.com\/de\/madrid\/madrid-pass\/\",\"name\":\"Was ist der Madrid Pass? Wir erkl\u00e4ren es dir!\",\"isPartOf\":{\"@id\":\"https:\/\/www.museos.com\/de\/#website\"},\"primaryImageOfPage\":{\"@id\":\"https:\/\/www.museos.com\/de\/madrid\/madrid-pass\/#primaryimage\"},\"image\":{\"@id\":\"https:\/\/www.museos.com\/de\/madrid\/madrid-pass\/#primaryimage\"},\"thumbnailUrl\":\"https:\/\/www.museos.com\/wp-content\/uploads\/2025\/02\/Bildschirm\u00adfoto-2025-02-07-um-11.00.54.png\",\"datePublished\":\"2025-05-14T13:00:22+00:00\",\"description\":\"Mit dem Madrid Pass kannst du deine Top-Sehensw\u00fcrdigkeiten kombinieren und Rabatte auf weitere Sehensw\u00fcrdigkeiten erhalten.\",\"breadcrumb\":{\"@id\":\"https:\/\/www.museos.com\/de\/madrid\/madrid-pass\/#breadcrumb\"},\"inLanguage\":\"de\",\"potentialAction\":[{\"@type\":\"ReadAction\",\"target\":[\"https:\/\/www.museos.com\/de\/madrid\/madrid-pass\/\"]}]},{\"@type\":\"ImageObject\",\"inLanguage\":\"de\",\"@id\":\"https:\/\/www.museos.com\/de\/madrid\/madrid-pass\/#primaryimage\",\"url\":\"https:\/\/www.museos.com\/wp-content\/uploads\/2025\/02\/Bildschirm\u00adfoto-2025-02-07-um-11.00.54.png\",\"contentUrl\":\"https:\/\/www.museos.com\/wp-content\/uploads\/2025\/02\/Bildschirm\u00adfoto-2025-02-07-um-11.00.54.png\",\"width\":788,\"height\":786},{\"@type\":\"BreadcrumbList\",\"@id\":\"https:\/\/www.museos.com\/de\/madrid\/madrid-pass\/#breadcrumb\",\"itemListElement\":[{\"@type\":\"ListItem\",\"position\":1,\"name\":\"Home\",\"item\":\"https:\/\/www.museos.com\/de\/\"},{\"@type\":\"ListItem\",\"position\":2,\"name\":\"Madrid\",\"item\":\"https:\/\/www.museos.com\/de\/madrid\/\"},{\"@type\":\"ListItem\",\"position\":3,\"name\":\"Madrid Pass\"}]},{\"@type\":\"WebSite\",\"@id\":\"https:\/\/www.museos.com\/de\/#website\",\"url\":\"https:\/\/www.museos.com\/de\/\",\"name\":\"museos\",\"description\":\"Just another WordPress site\",\"publisher\":{\"@id\":\"https:\/\/www.museos.com\/de\/#organization\"},\"potentialAction\":[{\"@type\":\"SearchAction\",\"target\":{\"@type\":\"EntryPoint\",\"urlTemplate\":\"https:\/\/www.museos.com\/de\/?s={search_term_string}\"},\"query-input\":{\"@type\":\"PropertyValueSpecification\",\"valueRequired\":true,\"valueName\":\"search_term_string\"}}],\"inLanguage\":\"de\"},{\"@type\":\"Organization\",\"@id\":\"https:\/\/www.museos.com\/de\/#organization\",\"name\":\"Museos\",\"url\":\"https:\/\/www.museos.com\/de\/\",\"logo\":{\"@type\":\"ImageObject\",\"inLanguage\":\"de\",\"@id\":\"https:\/\/www.museos.com\/de\/#\/schema\/logo\/image\/\",\"url\":\"https:\/\/www.museos.com\/wp-content\/uploads\/2024\/10\/android-chrome-696x696-1.png\",\"contentUrl\":\"https:\/\/www.museos.com\/wp-content\/uploads\/2024\/10\/android-chrome-696x696-1.png\",\"width\":696,\"height\":696,\"caption\":\"Museos\"},\"image\":{\"@id\":\"https:\/\/www.museos.com\/de\/#\/schema\/logo\/image\/\"}}]}<\/script>\n<!-- \/ Yoast SEO plugin. -->","yoast_head_json":{"title":"Was ist der Madrid Pass? Wir erkl\u00e4ren es dir!","description":"Mit dem Madrid Pass kannst du deine Top-Sehensw\u00fcrdigkeiten kombinieren und Rabatte auf weitere Sehensw\u00fcrdigkeiten erhalten.","robots":{"index":"index","follow":"follow","max-snippet":"max-snippet:-1","max-image-preview":"max-image-preview:large","max-video-preview":"max-video-preview:-1"},"canonical":"https:\/\/www.museos.com\/de\/madrid\/madrid-pass\/","og_locale":"de_DE","og_type":"article","og_title":"Was ist der Madrid Pass? Wir erkl\u00e4ren es dir!","og_description":"Mit dem Madrid Pass kannst du deine Top-Sehensw\u00fcrdigkeiten kombinieren und Rabatte auf weitere Sehensw\u00fcrdigkeiten erhalten.","og_url":"https:\/\/www.museos.com\/de\/madrid\/madrid-pass\/","og_site_name":"museos","og_image":[{"width":788,"height":786,"url":"https:\/\/www.museos.com\/wp-content\/uploads\/2025\/02\/Bildschirm\u00adfoto-2025-02-07-um-11.00.54.png","type":"image\/png"}],"twitter_card":"summary_large_image","twitter_misc":{"Gesch\u00e4tzte Lesezeit":"1\u00a0Minute"},"schema":{"@context":"https:\/\/schema.org","@graph":[{"@type":"WebPage","@id":"https:\/\/www.museos.com\/de\/madrid\/madrid-pass\/","url":"https:\/\/www.museos.com\/de\/madrid\/madrid-pass\/","name":"Was ist der Madrid Pass? Wir erkl\u00e4ren es dir!","isPartOf":{"@id":"https:\/\/www.museos.com\/de\/#website"},"primaryImageOfPage":{"@id":"https:\/\/www.museos.com\/de\/madrid\/madrid-pass\/#primaryimage"},"image":{"@id":"https:\/\/www.museos.com\/de\/madrid\/madrid-pass\/#primaryimage"},"thumbnailUrl":"https:\/\/www.museos.com\/wp-content\/uploads\/2025\/02\/Bildschirm\u00adfoto-2025-02-07-um-11.00.54.png","datePublished":"2025-05-14T13:00:22+00:00","description":"Mit dem Madrid Pass kannst du deine Top-Sehensw\u00fcrdigkeiten kombinieren und Rabatte auf weitere Sehensw\u00fcrdigkeiten erhalten.","breadcrumb":{"@id":"https:\/\/www.museos.com\/de\/madrid\/madrid-pass\/#breadcrumb"},"inLanguage":"de","potentialAction":[{"@type":"ReadAction","target":["https:\/\/www.museos.com\/de\/madrid\/madrid-pass\/"]}]},{"@type":"ImageObject","inLanguage":"de","@id":"https:\/\/www.museos.com\/de\/madrid\/madrid-pass\/#primaryimage","url":"https:\/\/www.museos.com\/wp-content\/uploads\/2025\/02\/Bildschirm\u00adfoto-2025-02-07-um-11.00.54.png","contentUrl":"https:\/\/www.museos.com\/wp-content\/uploads\/2025\/02\/Bildschirm\u00adfoto-2025-02-07-um-11.00.54.png","width":788,"height":786},{"@type":"BreadcrumbList","@id":"https:\/\/www.museos.com\/de\/madrid\/madrid-pass\/#breadcrumb","itemListElement":[{"@type":"ListItem","position":1,"name":"Home","item":"https:\/\/www.museos.com\/de\/"},{"@type":"ListItem","position":2,"name":"Madrid","item":"https:\/\/www.museos.com\/de\/madrid\/"},{"@type":"ListItem","position":3,"name":"Madrid Pass"}]},{"@type":"WebSite","@id":"https:\/\/www.museos.com\/de\/#website","url":"https:\/\/www.museos.com\/de\/","name":"museos","description":"Just another WordPress site","publisher":{"@id":"https:\/\/www.museos.com\/de\/#organization"},"potentialAction":[{"@type":"SearchAction","target":{"@type":"EntryPoint","urlTemplate":"https:\/\/www.museos.com\/de\/?s={search_term_string}"},"query-input":{"@type":"PropertyValueSpecification","valueRequired":true,"valueName":"search_term_string"}}],"inLanguage":"de"},{"@type":"Organization","@id":"https:\/\/www.museos.com\/de\/#organization","name":"Museos","url":"https:\/\/www.museos.com\/de\/","logo":{"@type":"ImageObject","inLanguage":"de","@id":"https:\/\/www.museos.com\/de\/#\/schema\/logo\/image\/","url":"https:\/\/www.museos.com\/wp-content\/uploads\/2024\/10\/android-chrome-696x696-1.png","contentUrl":"https:\/\/www.museos.com\/wp-content\/uploads\/2024\/10\/android-chrome-696x696-1.png","width":696,"height":696,"caption":"Museos"},"image":{"@id":"https:\/\/www.museos.com\/de\/#\/schema\/logo\/image\/"}}]}},"_links":{"self":[{"href":"https:\/\/www.museos.com\/de\/wp-json\/wp\/v2\/pages\/135108","targetHints":{"allow":["GET"]}}],"collection":[{"href":"https:\/\/www.museos.com\/de\/wp-json\/wp\/v2\/pages"}],"about":[{"href":"https:\/\/www.museos.com\/de\/wp-json\/wp\/v2\/types\/page"}],"author":[{"embeddable":true,"href":"https:\/\/www.museos.com\/de\/wp-json\/wp\/v2\/users\/3"}],"replies":[{"embeddable":true,"href":"https:\/\/www.museos.com\/de\/wp-json\/wp\/v2\/comments?post=135108"}],"version-history":[{"count":2,"href":"https:\/\/www.museos.com\/de\/wp-json\/wp\/v2\/pages\/135108\/revisions"}],"predecessor-version":[{"id":135175,"href":"https:\/\/www.museos.com\/de\/wp-json\/wp\/v2\/pages\/135108\/revisions\/135175"}],"up":[{"embeddable":true,"href":"https:\/\/www.museos.com\/de\/wp-json\/wp\/v2\/pages\/128436"}],"wp:featuredmedia":[{"embeddable":true,"href":"https:\/\/www.museos.com\/de\/wp-json\/wp\/v2\/media\/126455"}],"wp:attachment":[{"href":"https:\/\/www.museos.com\/de\/wp-json\/wp\/v2\/media?parent=135108"}],"curies":[{"name":"wp","href":"https:\/\/api.w.org\/{rel}","templated":true}]}}