{"id":15935,"date":"2021-03-09T15:04:22","date_gmt":"2021-03-09T15:04:22","guid":{"rendered":"https:\/\/www.museos.com\/?page_id=15935"},"modified":"2026-01-20T15:17:27","modified_gmt":"2026-01-20T15:17:27","slug":"fundacio-antoni-tapies","status":"publish","type":"page","link":"https:\/\/www.museos.com\/de\/barcelona\/fundacio-antoni-tapies\/","title":{"rendered":"Fundaci\u00f3 Antoni T\u00e0pies"},"content":{"rendered":"","protected":false},"excerpt":{"rendered":"","protected":false},"author":7,"featured_media":9664,"parent":2539,"menu_order":0,"comment_status":"open","ping_status":"closed","template":"location.php","meta":{"_acf_changed":false,"footnotes":""},"class_list":["post-15935","page","type-page","status-publish","has-post-thumbnail","hentry"],"acf":[],"yoast_head":"<!-- This site is optimized with the Yoast SEO plugin v27.1.1 - https:\/\/yoast.com\/product\/yoast-seo-wordpress\/ -->\n<title>Fundaci\u00f3 Antoni T\u00e0pies: Kunst der Moderne in Barcelona<\/title>\n<meta name=\"description\" content=\"Lernen Sie den K\u00fcnstler Antoni T\u00e0pies und sein Werk kennen. Wechselnde Ausstellungen zeigen auch andere interessante K\u00fcnstler.\" \/>\n<meta name=\"robots\" content=\"index, follow, max-snippet:-1, max-image-preview:large, max-video-preview:-1\" \/>\n<link rel=\"canonical\" href=\"https:\/\/www.museos.com\/de\/barcelona\/fundacio-antoni-tapies\/\" \/>\n<meta property=\"og:locale\" content=\"de_DE\" \/>\n<meta property=\"og:type\" content=\"article\" \/>\n<meta property=\"og:title\" content=\"Fundaci\u00f3 Antoni T\u00e0pies: Kunst der Moderne in Barcelona\" \/>\n<meta property=\"og:description\" content=\"Lernen Sie den K\u00fcnstler Antoni T\u00e0pies und sein Werk kennen. Wechselnde Ausstellungen zeigen auch andere interessante K\u00fcnstler.\" \/>\n<meta property=\"og:url\" content=\"https:\/\/www.museos.com\/de\/barcelona\/fundacio-antoni-tapies\/\" \/>\n<meta property=\"og:site_name\" content=\"museos\" \/>\n<meta property=\"article:modified_time\" content=\"2026-01-20T15:17:27+00:00\" \/>\n<meta property=\"og:image\" content=\"https:\/\/www.museos.com\/wp-content\/uploads\/2021\/01\/tapies6-scaled.jpg\" \/>\n\t<meta property=\"og:image:width\" content=\"2400\" \/>\n\t<meta property=\"og:image:height\" content=\"1036\" \/>\n\t<meta property=\"og:image:type\" content=\"image\/jpeg\" \/>\n<meta name=\"twitter:card\" content=\"summary_large_image\" \/>\n<meta name=\"twitter:label1\" content=\"Gesch\u00e4tzte Lesezeit\" \/>\n\t<meta name=\"twitter:data1\" content=\"1\u00a0Minute\" \/>\n<script type=\"application\/ld+json\" class=\"yoast-schema-graph\">{\"@context\":\"https:\/\/schema.org\",\"@graph\":[{\"@type\":\"WebPage\",\"@id\":\"https:\/\/www.museos.com\/de\/barcelona\/fundacio-antoni-tapies\/\",\"url\":\"https:\/\/www.museos.com\/de\/barcelona\/fundacio-antoni-tapies\/\",\"name\":\"Fundaci\u00f3 Antoni T\u00e0pies: Kunst der Moderne in Barcelona\",\"isPartOf\":{\"@id\":\"https:\/\/www.museos.com\/de\/#website\"},\"primaryImageOfPage\":{\"@id\":\"https:\/\/www.museos.com\/de\/barcelona\/fundacio-antoni-tapies\/#primaryimage\"},\"image\":{\"@id\":\"https:\/\/www.museos.com\/de\/barcelona\/fundacio-antoni-tapies\/#primaryimage\"},\"thumbnailUrl\":\"https:\/\/www.museos.com\/wp-content\/uploads\/2021\/01\/tapies6-scaled.jpg\",\"datePublished\":\"2021-03-09T15:04:22+00:00\",\"dateModified\":\"2026-01-20T15:17:27+00:00\",\"description\":\"Lernen Sie den K\u00fcnstler Antoni T\u00e0pies und sein Werk kennen. Wechselnde Ausstellungen zeigen auch andere interessante K\u00fcnstler.\",\"breadcrumb\":{\"@id\":\"https:\/\/www.museos.com\/de\/barcelona\/fundacio-antoni-tapies\/#breadcrumb\"},\"inLanguage\":\"de\",\"potentialAction\":[{\"@type\":\"ReadAction\",\"target\":[\"https:\/\/www.museos.com\/de\/barcelona\/fundacio-antoni-tapies\/\"]}]},{\"@type\":\"ImageObject\",\"inLanguage\":\"de\",\"@id\":\"https:\/\/www.museos.com\/de\/barcelona\/fundacio-antoni-tapies\/#primaryimage\",\"url\":\"https:\/\/www.museos.com\/wp-content\/uploads\/2021\/01\/tapies6-scaled.jpg\",\"contentUrl\":\"https:\/\/www.museos.com\/wp-content\/uploads\/2021\/01\/tapies6-scaled.jpg\",\"width\":2400,\"height\":1036,\"caption\":\"Fundaci\u00f3 T\u00e0pies, Barcelona\"},{\"@type\":\"BreadcrumbList\",\"@id\":\"https:\/\/www.museos.com\/de\/barcelona\/fundacio-antoni-tapies\/#breadcrumb\",\"itemListElement\":[{\"@type\":\"ListItem\",\"position\":1,\"name\":\"Home\",\"item\":\"https:\/\/www.museos.com\/de\/\"},{\"@type\":\"ListItem\",\"position\":2,\"name\":\"Barcelona\",\"item\":\"https:\/\/www.museos.com\/de\/barcelona\/\"},{\"@type\":\"ListItem\",\"position\":3,\"name\":\"Fundaci\u00f3 Antoni T\u00e0pies\"}]},{\"@type\":\"WebSite\",\"@id\":\"https:\/\/www.museos.com\/de\/#website\",\"url\":\"https:\/\/www.museos.com\/de\/\",\"name\":\"museos\",\"description\":\"Just another WordPress site\",\"publisher\":{\"@id\":\"https:\/\/www.museos.com\/de\/#organization\"},\"potentialAction\":[{\"@type\":\"SearchAction\",\"target\":{\"@type\":\"EntryPoint\",\"urlTemplate\":\"https:\/\/www.museos.com\/de\/?s={search_term_string}\"},\"query-input\":{\"@type\":\"PropertyValueSpecification\",\"valueRequired\":true,\"valueName\":\"search_term_string\"}}],\"inLanguage\":\"de\"},{\"@type\":\"Organization\",\"@id\":\"https:\/\/www.museos.com\/de\/#organization\",\"name\":\"Museos\",\"url\":\"https:\/\/www.museos.com\/de\/\",\"logo\":{\"@type\":\"ImageObject\",\"inLanguage\":\"de\",\"@id\":\"https:\/\/www.museos.com\/de\/#\/schema\/logo\/image\/\",\"url\":\"https:\/\/www.museos.com\/wp-content\/uploads\/2024\/10\/android-chrome-696x696-1.png\",\"contentUrl\":\"https:\/\/www.museos.com\/wp-content\/uploads\/2024\/10\/android-chrome-696x696-1.png\",\"width\":696,\"height\":696,\"caption\":\"Museos\"},\"image\":{\"@id\":\"https:\/\/www.museos.com\/de\/#\/schema\/logo\/image\/\"}}]}<\/script>\n<!-- \/ Yoast SEO plugin. -->","yoast_head_json":{"title":"Fundaci\u00f3 Antoni T\u00e0pies: Kunst der Moderne in Barcelona","description":"Lernen Sie den K\u00fcnstler Antoni T\u00e0pies und sein Werk kennen. Wechselnde Ausstellungen zeigen auch andere interessante K\u00fcnstler.","robots":{"index":"index","follow":"follow","max-snippet":"max-snippet:-1","max-image-preview":"max-image-preview:large","max-video-preview":"max-video-preview:-1"},"canonical":"https:\/\/www.museos.com\/de\/barcelona\/fundacio-antoni-tapies\/","og_locale":"de_DE","og_type":"article","og_title":"Fundaci\u00f3 Antoni T\u00e0pies: Kunst der Moderne in Barcelona","og_description":"Lernen Sie den K\u00fcnstler Antoni T\u00e0pies und sein Werk kennen. Wechselnde Ausstellungen zeigen auch andere interessante K\u00fcnstler.","og_url":"https:\/\/www.museos.com\/de\/barcelona\/fundacio-antoni-tapies\/","og_site_name":"museos","article_modified_time":"2026-01-20T15:17:27+00:00","og_image":[{"width":2400,"height":1036,"url":"https:\/\/www.museos.com\/wp-content\/uploads\/2021\/01\/tapies6-scaled.jpg","type":"image\/jpeg"}],"twitter_card":"summary_large_image","twitter_misc":{"Gesch\u00e4tzte Lesezeit":"1\u00a0Minute"},"schema":{"@context":"https:\/\/schema.org","@graph":[{"@type":"WebPage","@id":"https:\/\/www.museos.com\/de\/barcelona\/fundacio-antoni-tapies\/","url":"https:\/\/www.museos.com\/de\/barcelona\/fundacio-antoni-tapies\/","name":"Fundaci\u00f3 Antoni T\u00e0pies: Kunst der Moderne in Barcelona","isPartOf":{"@id":"https:\/\/www.museos.com\/de\/#website"},"primaryImageOfPage":{"@id":"https:\/\/www.museos.com\/de\/barcelona\/fundacio-antoni-tapies\/#primaryimage"},"image":{"@id":"https:\/\/www.museos.com\/de\/barcelona\/fundacio-antoni-tapies\/#primaryimage"},"thumbnailUrl":"https:\/\/www.museos.com\/wp-content\/uploads\/2021\/01\/tapies6-scaled.jpg","datePublished":"2021-03-09T15:04:22+00:00","dateModified":"2026-01-20T15:17:27+00:00","description":"Lernen Sie den K\u00fcnstler Antoni T\u00e0pies und sein Werk kennen. Wechselnde Ausstellungen zeigen auch andere interessante K\u00fcnstler.","breadcrumb":{"@id":"https:\/\/www.museos.com\/de\/barcelona\/fundacio-antoni-tapies\/#breadcrumb"},"inLanguage":"de","potentialAction":[{"@type":"ReadAction","target":["https:\/\/www.museos.com\/de\/barcelona\/fundacio-antoni-tapies\/"]}]},{"@type":"ImageObject","inLanguage":"de","@id":"https:\/\/www.museos.com\/de\/barcelona\/fundacio-antoni-tapies\/#primaryimage","url":"https:\/\/www.museos.com\/wp-content\/uploads\/2021\/01\/tapies6-scaled.jpg","contentUrl":"https:\/\/www.museos.com\/wp-content\/uploads\/2021\/01\/tapies6-scaled.jpg","width":2400,"height":1036,"caption":"Fundaci\u00f3 T\u00e0pies, Barcelona"},{"@type":"BreadcrumbList","@id":"https:\/\/www.museos.com\/de\/barcelona\/fundacio-antoni-tapies\/#breadcrumb","itemListElement":[{"@type":"ListItem","position":1,"name":"Home","item":"https:\/\/www.museos.com\/de\/"},{"@type":"ListItem","position":2,"name":"Barcelona","item":"https:\/\/www.museos.com\/de\/barcelona\/"},{"@type":"ListItem","position":3,"name":"Fundaci\u00f3 Antoni T\u00e0pies"}]},{"@type":"WebSite","@id":"https:\/\/www.museos.com\/de\/#website","url":"https:\/\/www.museos.com\/de\/","name":"museos","description":"Just another WordPress site","publisher":{"@id":"https:\/\/www.museos.com\/de\/#organization"},"potentialAction":[{"@type":"SearchAction","target":{"@type":"EntryPoint","urlTemplate":"https:\/\/www.museos.com\/de\/?s={search_term_string}"},"query-input":{"@type":"PropertyValueSpecification","valueRequired":true,"valueName":"search_term_string"}}],"inLanguage":"de"},{"@type":"Organization","@id":"https:\/\/www.museos.com\/de\/#organization","name":"Museos","url":"https:\/\/www.museos.com\/de\/","logo":{"@type":"ImageObject","inLanguage":"de","@id":"https:\/\/www.museos.com\/de\/#\/schema\/logo\/image\/","url":"https:\/\/www.museos.com\/wp-content\/uploads\/2024\/10\/android-chrome-696x696-1.png","contentUrl":"https:\/\/www.museos.com\/wp-content\/uploads\/2024\/10\/android-chrome-696x696-1.png","width":696,"height":696,"caption":"Museos"},"image":{"@id":"https:\/\/www.museos.com\/de\/#\/schema\/logo\/image\/"}}]}},"_links":{"self":[{"href":"https:\/\/www.museos.com\/de\/wp-json\/wp\/v2\/pages\/15935","targetHints":{"allow":["GET"]}}],"collection":[{"href":"https:\/\/www.museos.com\/de\/wp-json\/wp\/v2\/pages"}],"about":[{"href":"https:\/\/www.museos.com\/de\/wp-json\/wp\/v2\/types\/page"}],"author":[{"embeddable":true,"href":"https:\/\/www.museos.com\/de\/wp-json\/wp\/v2\/users\/7"}],"replies":[{"embeddable":true,"href":"https:\/\/www.museos.com\/de\/wp-json\/wp\/v2\/comments?post=15935"}],"version-history":[{"count":2,"href":"https:\/\/www.museos.com\/de\/wp-json\/wp\/v2\/pages\/15935\/revisions"}],"predecessor-version":[{"id":146127,"href":"https:\/\/www.museos.com\/de\/wp-json\/wp\/v2\/pages\/15935\/revisions\/146127"}],"up":[{"embeddable":true,"href":"https:\/\/www.museos.com\/de\/wp-json\/wp\/v2\/pages\/2539"}],"wp:featuredmedia":[{"embeddable":true,"href":"https:\/\/www.museos.com\/de\/wp-json\/wp\/v2\/media\/9664"}],"wp:attachment":[{"href":"https:\/\/www.museos.com\/de\/wp-json\/wp\/v2\/media?parent=15935"}],"curies":[{"name":"wp","href":"https:\/\/api.w.org\/{rel}","templated":true}]}}