{"id":15953,"date":"2021-04-06T09:41:59","date_gmt":"2021-04-06T09:41:59","guid":{"rendered":"https:\/\/www.museos.com\/?page_id=15953"},"modified":"2026-01-28T15:13:06","modified_gmt":"2026-01-28T15:13:06","slug":"champ-de-mars","status":"publish","type":"page","link":"https:\/\/www.museos.com\/de\/paris\/champ-de-mars\/","title":{"rendered":"Champ de Mars"},"content":{"rendered":"","protected":false},"excerpt":{"rendered":"","protected":false},"author":3,"featured_media":15790,"parent":2559,"menu_order":0,"comment_status":"open","ping_status":"closed","template":"location.php","meta":{"_acf_changed":false,"footnotes":""},"class_list":["post-15953","page","type-page","status-publish","has-post-thumbnail","hentry"],"acf":[],"yoast_head":"<!-- This site is optimized with the Yoast SEO plugin v27.1.1 - https:\/\/yoast.com\/product\/yoast-seo-wordpress\/ -->\n<title>Champ de Mars: die Gr\u00fcnfl\u00e4che zu F\u00fc\u00dfen des Eiffelturms<\/title>\n<meta name=\"description\" content=\"Auf dem &quot;Champ de Mars&quot; (Marsfeld), dem gro\u00dfe Park, der zu F\u00fc\u00dfen des Eiffelturms liegt, gibt es eigene Dinge zu entdecken!\" \/>\n<meta name=\"robots\" content=\"index, follow, max-snippet:-1, max-image-preview:large, max-video-preview:-1\" \/>\n<link rel=\"canonical\" href=\"https:\/\/www.museos.com\/de\/paris\/champ-de-mars\/\" \/>\n<meta property=\"og:locale\" content=\"de_DE\" \/>\n<meta property=\"og:type\" content=\"article\" \/>\n<meta property=\"og:title\" content=\"Champ de Mars: die Gr\u00fcnfl\u00e4che zu F\u00fc\u00dfen des Eiffelturms\" \/>\n<meta property=\"og:description\" content=\"Auf dem &quot;Champ de Mars&quot; (Marsfeld), dem gro\u00dfe Park, der zu F\u00fc\u00dfen des Eiffelturms liegt, gibt es eigene Dinge zu entdecken!\" \/>\n<meta property=\"og:url\" content=\"https:\/\/www.museos.com\/de\/paris\/champ-de-mars\/\" \/>\n<meta property=\"og:site_name\" content=\"museos\" \/>\n<meta property=\"article:modified_time\" content=\"2026-01-28T15:13:06+00:00\" \/>\n<meta property=\"og:image\" content=\"https:\/\/www.museos.com\/wp-content\/uploads\/2021\/02\/Champ-de-mars1-scaled.jpg\" \/>\n\t<meta property=\"og:image:width\" content=\"1800\" \/>\n\t<meta property=\"og:image:height\" content=\"1200\" \/>\n\t<meta property=\"og:image:type\" content=\"image\/jpeg\" \/>\n<meta name=\"twitter:card\" content=\"summary_large_image\" \/>\n<meta name=\"twitter:label1\" content=\"Gesch\u00e4tzte Lesezeit\" \/>\n\t<meta name=\"twitter:data1\" content=\"1\u00a0Minute\" \/>\n<script type=\"application\/ld+json\" class=\"yoast-schema-graph\">{\"@context\":\"https:\/\/schema.org\",\"@graph\":[{\"@type\":\"WebPage\",\"@id\":\"https:\/\/www.museos.com\/de\/paris\/champ-de-mars\/\",\"url\":\"https:\/\/www.museos.com\/de\/paris\/champ-de-mars\/\",\"name\":\"Champ de Mars: die Gr\u00fcnfl\u00e4che zu F\u00fc\u00dfen des Eiffelturms\",\"isPartOf\":{\"@id\":\"https:\/\/www.museos.com\/de\/#website\"},\"primaryImageOfPage\":{\"@id\":\"https:\/\/www.museos.com\/de\/paris\/champ-de-mars\/#primaryimage\"},\"image\":{\"@id\":\"https:\/\/www.museos.com\/de\/paris\/champ-de-mars\/#primaryimage\"},\"thumbnailUrl\":\"https:\/\/www.museos.com\/wp-content\/uploads\/2021\/02\/Champ-de-mars1-scaled.jpg\",\"datePublished\":\"2021-04-06T09:41:59+00:00\",\"dateModified\":\"2026-01-28T15:13:06+00:00\",\"description\":\"Auf dem \\\"Champ de Mars\\\" (Marsfeld), dem gro\u00dfe Park, der zu F\u00fc\u00dfen des Eiffelturms liegt, gibt es eigene Dinge zu entdecken!\",\"breadcrumb\":{\"@id\":\"https:\/\/www.museos.com\/de\/paris\/champ-de-mars\/#breadcrumb\"},\"inLanguage\":\"de\",\"potentialAction\":[{\"@type\":\"ReadAction\",\"target\":[\"https:\/\/www.museos.com\/de\/paris\/champ-de-mars\/\"]}]},{\"@type\":\"ImageObject\",\"inLanguage\":\"de\",\"@id\":\"https:\/\/www.museos.com\/de\/paris\/champ-de-mars\/#primaryimage\",\"url\":\"https:\/\/www.museos.com\/wp-content\/uploads\/2021\/02\/Champ-de-mars1-scaled.jpg\",\"contentUrl\":\"https:\/\/www.museos.com\/wp-content\/uploads\/2021\/02\/Champ-de-mars1-scaled.jpg\",\"width\":1800,\"height\":1200,\"caption\":\"Clara Halter, Jean-Michel Wilmotte: Mauer des Friedens (Le Mur pour la Paix), Champ de Mars, Paris\"},{\"@type\":\"BreadcrumbList\",\"@id\":\"https:\/\/www.museos.com\/de\/paris\/champ-de-mars\/#breadcrumb\",\"itemListElement\":[{\"@type\":\"ListItem\",\"position\":1,\"name\":\"Home\",\"item\":\"https:\/\/www.museos.com\/de\/\"},{\"@type\":\"ListItem\",\"position\":2,\"name\":\"Paris\",\"item\":\"https:\/\/www.museos.com\/de\/paris\/\"},{\"@type\":\"ListItem\",\"position\":3,\"name\":\"Champ de Mars\"}]},{\"@type\":\"WebSite\",\"@id\":\"https:\/\/www.museos.com\/de\/#website\",\"url\":\"https:\/\/www.museos.com\/de\/\",\"name\":\"museos\",\"description\":\"Just another WordPress site\",\"publisher\":{\"@id\":\"https:\/\/www.museos.com\/de\/#organization\"},\"potentialAction\":[{\"@type\":\"SearchAction\",\"target\":{\"@type\":\"EntryPoint\",\"urlTemplate\":\"https:\/\/www.museos.com\/de\/?s={search_term_string}\"},\"query-input\":{\"@type\":\"PropertyValueSpecification\",\"valueRequired\":true,\"valueName\":\"search_term_string\"}}],\"inLanguage\":\"de\"},{\"@type\":\"Organization\",\"@id\":\"https:\/\/www.museos.com\/de\/#organization\",\"name\":\"Museos\",\"url\":\"https:\/\/www.museos.com\/de\/\",\"logo\":{\"@type\":\"ImageObject\",\"inLanguage\":\"de\",\"@id\":\"https:\/\/www.museos.com\/de\/#\/schema\/logo\/image\/\",\"url\":\"https:\/\/www.museos.com\/wp-content\/uploads\/2024\/10\/android-chrome-696x696-1.png\",\"contentUrl\":\"https:\/\/www.museos.com\/wp-content\/uploads\/2024\/10\/android-chrome-696x696-1.png\",\"width\":696,\"height\":696,\"caption\":\"Museos\"},\"image\":{\"@id\":\"https:\/\/www.museos.com\/de\/#\/schema\/logo\/image\/\"}}]}<\/script>\n<!-- \/ Yoast SEO plugin. -->","yoast_head_json":{"title":"Champ de Mars: die Gr\u00fcnfl\u00e4che zu F\u00fc\u00dfen des Eiffelturms","description":"Auf dem \"Champ de Mars\" (Marsfeld), dem gro\u00dfe Park, der zu F\u00fc\u00dfen des Eiffelturms liegt, gibt es eigene Dinge zu entdecken!","robots":{"index":"index","follow":"follow","max-snippet":"max-snippet:-1","max-image-preview":"max-image-preview:large","max-video-preview":"max-video-preview:-1"},"canonical":"https:\/\/www.museos.com\/de\/paris\/champ-de-mars\/","og_locale":"de_DE","og_type":"article","og_title":"Champ de Mars: die Gr\u00fcnfl\u00e4che zu F\u00fc\u00dfen des Eiffelturms","og_description":"Auf dem \"Champ de Mars\" (Marsfeld), dem gro\u00dfe Park, der zu F\u00fc\u00dfen des Eiffelturms liegt, gibt es eigene Dinge zu entdecken!","og_url":"https:\/\/www.museos.com\/de\/paris\/champ-de-mars\/","og_site_name":"museos","article_modified_time":"2026-01-28T15:13:06+00:00","og_image":[{"width":1800,"height":1200,"url":"https:\/\/www.museos.com\/wp-content\/uploads\/2021\/02\/Champ-de-mars1-scaled.jpg","type":"image\/jpeg"}],"twitter_card":"summary_large_image","twitter_misc":{"Gesch\u00e4tzte Lesezeit":"1\u00a0Minute"},"schema":{"@context":"https:\/\/schema.org","@graph":[{"@type":"WebPage","@id":"https:\/\/www.museos.com\/de\/paris\/champ-de-mars\/","url":"https:\/\/www.museos.com\/de\/paris\/champ-de-mars\/","name":"Champ de Mars: die Gr\u00fcnfl\u00e4che zu F\u00fc\u00dfen des Eiffelturms","isPartOf":{"@id":"https:\/\/www.museos.com\/de\/#website"},"primaryImageOfPage":{"@id":"https:\/\/www.museos.com\/de\/paris\/champ-de-mars\/#primaryimage"},"image":{"@id":"https:\/\/www.museos.com\/de\/paris\/champ-de-mars\/#primaryimage"},"thumbnailUrl":"https:\/\/www.museos.com\/wp-content\/uploads\/2021\/02\/Champ-de-mars1-scaled.jpg","datePublished":"2021-04-06T09:41:59+00:00","dateModified":"2026-01-28T15:13:06+00:00","description":"Auf dem \"Champ de Mars\" (Marsfeld), dem gro\u00dfe Park, der zu F\u00fc\u00dfen des Eiffelturms liegt, gibt es eigene Dinge zu entdecken!","breadcrumb":{"@id":"https:\/\/www.museos.com\/de\/paris\/champ-de-mars\/#breadcrumb"},"inLanguage":"de","potentialAction":[{"@type":"ReadAction","target":["https:\/\/www.museos.com\/de\/paris\/champ-de-mars\/"]}]},{"@type":"ImageObject","inLanguage":"de","@id":"https:\/\/www.museos.com\/de\/paris\/champ-de-mars\/#primaryimage","url":"https:\/\/www.museos.com\/wp-content\/uploads\/2021\/02\/Champ-de-mars1-scaled.jpg","contentUrl":"https:\/\/www.museos.com\/wp-content\/uploads\/2021\/02\/Champ-de-mars1-scaled.jpg","width":1800,"height":1200,"caption":"Clara Halter, Jean-Michel Wilmotte: Mauer des Friedens (Le Mur pour la Paix), Champ de Mars, Paris"},{"@type":"BreadcrumbList","@id":"https:\/\/www.museos.com\/de\/paris\/champ-de-mars\/#breadcrumb","itemListElement":[{"@type":"ListItem","position":1,"name":"Home","item":"https:\/\/www.museos.com\/de\/"},{"@type":"ListItem","position":2,"name":"Paris","item":"https:\/\/www.museos.com\/de\/paris\/"},{"@type":"ListItem","position":3,"name":"Champ de Mars"}]},{"@type":"WebSite","@id":"https:\/\/www.museos.com\/de\/#website","url":"https:\/\/www.museos.com\/de\/","name":"museos","description":"Just another WordPress site","publisher":{"@id":"https:\/\/www.museos.com\/de\/#organization"},"potentialAction":[{"@type":"SearchAction","target":{"@type":"EntryPoint","urlTemplate":"https:\/\/www.museos.com\/de\/?s={search_term_string}"},"query-input":{"@type":"PropertyValueSpecification","valueRequired":true,"valueName":"search_term_string"}}],"inLanguage":"de"},{"@type":"Organization","@id":"https:\/\/www.museos.com\/de\/#organization","name":"Museos","url":"https:\/\/www.museos.com\/de\/","logo":{"@type":"ImageObject","inLanguage":"de","@id":"https:\/\/www.museos.com\/de\/#\/schema\/logo\/image\/","url":"https:\/\/www.museos.com\/wp-content\/uploads\/2024\/10\/android-chrome-696x696-1.png","contentUrl":"https:\/\/www.museos.com\/wp-content\/uploads\/2024\/10\/android-chrome-696x696-1.png","width":696,"height":696,"caption":"Museos"},"image":{"@id":"https:\/\/www.museos.com\/de\/#\/schema\/logo\/image\/"}}]}},"_links":{"self":[{"href":"https:\/\/www.museos.com\/de\/wp-json\/wp\/v2\/pages\/15953","targetHints":{"allow":["GET"]}}],"collection":[{"href":"https:\/\/www.museos.com\/de\/wp-json\/wp\/v2\/pages"}],"about":[{"href":"https:\/\/www.museos.com\/de\/wp-json\/wp\/v2\/types\/page"}],"author":[{"embeddable":true,"href":"https:\/\/www.museos.com\/de\/wp-json\/wp\/v2\/users\/3"}],"replies":[{"embeddable":true,"href":"https:\/\/www.museos.com\/de\/wp-json\/wp\/v2\/comments?post=15953"}],"version-history":[{"count":2,"href":"https:\/\/www.museos.com\/de\/wp-json\/wp\/v2\/pages\/15953\/revisions"}],"predecessor-version":[{"id":146369,"href":"https:\/\/www.museos.com\/de\/wp-json\/wp\/v2\/pages\/15953\/revisions\/146369"}],"up":[{"embeddable":true,"href":"https:\/\/www.museos.com\/de\/wp-json\/wp\/v2\/pages\/2559"}],"wp:featuredmedia":[{"embeddable":true,"href":"https:\/\/www.museos.com\/de\/wp-json\/wp\/v2\/media\/15790"}],"wp:attachment":[{"href":"https:\/\/www.museos.com\/de\/wp-json\/wp\/v2\/media?parent=15953"}],"curies":[{"name":"wp","href":"https:\/\/api.w.org\/{rel}","templated":true}]}}