{"id":19726,"date":"2021-03-09T15:06:51","date_gmt":"2021-03-09T15:06:51","guid":{"rendered":"https:\/\/www.museos.com\/?page_id=19726"},"modified":"2026-01-26T15:20:20","modified_gmt":"2026-01-26T15:20:20","slug":"torre-bellesguard","status":"publish","type":"page","link":"https:\/\/www.museos.com\/de\/barcelona\/torre-bellesguard\/","title":{"rendered":"Torre Bellesguard"},"content":{"rendered":"","protected":false},"excerpt":{"rendered":"","protected":false},"author":7,"featured_media":19270,"parent":2539,"menu_order":0,"comment_status":"open","ping_status":"closed","template":"location.php","meta":{"_acf_changed":false,"footnotes":""},"class_list":["post-19726","page","type-page","status-publish","has-post-thumbnail","hentry"],"acf":[],"yoast_head":"<!-- This site is optimized with the Yoast SEO plugin v27.1.1 - https:\/\/yoast.com\/product\/yoast-seo-wordpress\/ -->\n<title>Die Torre Bellesguard von Gaud\u00ed in Barcelona: Infos 2026<\/title>\n<meta name=\"description\" content=\"Ein weiteres Meisterwerk Gaud\u00eds am Rand Barcelonas. Noch ist der Torre Bellesguard ein Geheimtipp, aber das kann sich \u00e4ndern...\" \/>\n<meta name=\"robots\" content=\"index, follow, max-snippet:-1, max-image-preview:large, max-video-preview:-1\" \/>\n<link rel=\"canonical\" href=\"https:\/\/www.museos.com\/de\/barcelona\/torre-bellesguard\/\" \/>\n<meta property=\"og:locale\" content=\"de_DE\" \/>\n<meta property=\"og:type\" content=\"article\" \/>\n<meta property=\"og:title\" content=\"Die Torre Bellesguard von Gaud\u00ed in Barcelona: Infos 2026\" \/>\n<meta property=\"og:description\" content=\"Ein weiteres Meisterwerk Gaud\u00eds am Rand Barcelonas. Noch ist der Torre Bellesguard ein Geheimtipp, aber das kann sich \u00e4ndern...\" \/>\n<meta property=\"og:url\" content=\"https:\/\/www.museos.com\/de\/barcelona\/torre-bellesguard\/\" \/>\n<meta property=\"og:site_name\" content=\"museos\" \/>\n<meta property=\"article:modified_time\" content=\"2026-01-26T15:20:20+00:00\" \/>\n<meta property=\"og:image\" content=\"https:\/\/www.museos.com\/wp-content\/uploads\/2021\/02\/Torre-Bellesguard14-scaled.jpg\" \/>\n\t<meta property=\"og:image:width\" content=\"900\" \/>\n\t<meta property=\"og:image:height\" content=\"1200\" \/>\n\t<meta property=\"og:image:type\" content=\"image\/jpeg\" \/>\n<meta name=\"twitter:card\" content=\"summary_large_image\" \/>\n<meta name=\"twitter:label1\" content=\"Gesch\u00e4tzte Lesezeit\" \/>\n\t<meta name=\"twitter:data1\" content=\"1\u00a0Minute\" \/>\n<script type=\"application\/ld+json\" class=\"yoast-schema-graph\">{\"@context\":\"https:\/\/schema.org\",\"@graph\":[{\"@type\":\"WebPage\",\"@id\":\"https:\/\/www.museos.com\/de\/barcelona\/torre-bellesguard\/\",\"url\":\"https:\/\/www.museos.com\/de\/barcelona\/torre-bellesguard\/\",\"name\":\"Die Torre Bellesguard von Gaud\u00ed in Barcelona: Infos 2026\",\"isPartOf\":{\"@id\":\"https:\/\/www.museos.com\/de\/#website\"},\"primaryImageOfPage\":{\"@id\":\"https:\/\/www.museos.com\/de\/barcelona\/torre-bellesguard\/#primaryimage\"},\"image\":{\"@id\":\"https:\/\/www.museos.com\/de\/barcelona\/torre-bellesguard\/#primaryimage\"},\"thumbnailUrl\":\"https:\/\/www.museos.com\/wp-content\/uploads\/2021\/02\/Torre-Bellesguard14-scaled.jpg\",\"datePublished\":\"2021-03-09T15:06:51+00:00\",\"dateModified\":\"2026-01-26T15:20:20+00:00\",\"description\":\"Ein weiteres Meisterwerk Gaud\u00eds am Rand Barcelonas. Noch ist der Torre Bellesguard ein Geheimtipp, aber das kann sich \u00e4ndern...\",\"breadcrumb\":{\"@id\":\"https:\/\/www.museos.com\/de\/barcelona\/torre-bellesguard\/#breadcrumb\"},\"inLanguage\":\"de\",\"potentialAction\":[{\"@type\":\"ReadAction\",\"target\":[\"https:\/\/www.museos.com\/de\/barcelona\/torre-bellesguard\/\"]}]},{\"@type\":\"ImageObject\",\"inLanguage\":\"de\",\"@id\":\"https:\/\/www.museos.com\/de\/barcelona\/torre-bellesguard\/#primaryimage\",\"url\":\"https:\/\/www.museos.com\/wp-content\/uploads\/2021\/02\/Torre-Bellesguard14-scaled.jpg\",\"contentUrl\":\"https:\/\/www.museos.com\/wp-content\/uploads\/2021\/02\/Torre-Bellesguard14-scaled.jpg\",\"width\":900,\"height\":1200,\"caption\":\"Eingangshalle der Torre Bellesguard, Barcelona\"},{\"@type\":\"BreadcrumbList\",\"@id\":\"https:\/\/www.museos.com\/de\/barcelona\/torre-bellesguard\/#breadcrumb\",\"itemListElement\":[{\"@type\":\"ListItem\",\"position\":1,\"name\":\"Home\",\"item\":\"https:\/\/www.museos.com\/de\/\"},{\"@type\":\"ListItem\",\"position\":2,\"name\":\"Barcelona\",\"item\":\"https:\/\/www.museos.com\/de\/barcelona\/\"},{\"@type\":\"ListItem\",\"position\":3,\"name\":\"Torre Bellesguard\"}]},{\"@type\":\"WebSite\",\"@id\":\"https:\/\/www.museos.com\/de\/#website\",\"url\":\"https:\/\/www.museos.com\/de\/\",\"name\":\"museos\",\"description\":\"Just another WordPress site\",\"publisher\":{\"@id\":\"https:\/\/www.museos.com\/de\/#organization\"},\"potentialAction\":[{\"@type\":\"SearchAction\",\"target\":{\"@type\":\"EntryPoint\",\"urlTemplate\":\"https:\/\/www.museos.com\/de\/?s={search_term_string}\"},\"query-input\":{\"@type\":\"PropertyValueSpecification\",\"valueRequired\":true,\"valueName\":\"search_term_string\"}}],\"inLanguage\":\"de\"},{\"@type\":\"Organization\",\"@id\":\"https:\/\/www.museos.com\/de\/#organization\",\"name\":\"Museos\",\"url\":\"https:\/\/www.museos.com\/de\/\",\"logo\":{\"@type\":\"ImageObject\",\"inLanguage\":\"de\",\"@id\":\"https:\/\/www.museos.com\/de\/#\/schema\/logo\/image\/\",\"url\":\"https:\/\/www.museos.com\/wp-content\/uploads\/2024\/10\/android-chrome-696x696-1.png\",\"contentUrl\":\"https:\/\/www.museos.com\/wp-content\/uploads\/2024\/10\/android-chrome-696x696-1.png\",\"width\":696,\"height\":696,\"caption\":\"Museos\"},\"image\":{\"@id\":\"https:\/\/www.museos.com\/de\/#\/schema\/logo\/image\/\"}}]}<\/script>\n<!-- \/ Yoast SEO plugin. -->","yoast_head_json":{"title":"Die Torre Bellesguard von Gaud\u00ed in Barcelona: Infos 2026","description":"Ein weiteres Meisterwerk Gaud\u00eds am Rand Barcelonas. Noch ist der Torre Bellesguard ein Geheimtipp, aber das kann sich \u00e4ndern...","robots":{"index":"index","follow":"follow","max-snippet":"max-snippet:-1","max-image-preview":"max-image-preview:large","max-video-preview":"max-video-preview:-1"},"canonical":"https:\/\/www.museos.com\/de\/barcelona\/torre-bellesguard\/","og_locale":"de_DE","og_type":"article","og_title":"Die Torre Bellesguard von Gaud\u00ed in Barcelona: Infos 2026","og_description":"Ein weiteres Meisterwerk Gaud\u00eds am Rand Barcelonas. Noch ist der Torre Bellesguard ein Geheimtipp, aber das kann sich \u00e4ndern...","og_url":"https:\/\/www.museos.com\/de\/barcelona\/torre-bellesguard\/","og_site_name":"museos","article_modified_time":"2026-01-26T15:20:20+00:00","og_image":[{"width":900,"height":1200,"url":"https:\/\/www.museos.com\/wp-content\/uploads\/2021\/02\/Torre-Bellesguard14-scaled.jpg","type":"image\/jpeg"}],"twitter_card":"summary_large_image","twitter_misc":{"Gesch\u00e4tzte Lesezeit":"1\u00a0Minute"},"schema":{"@context":"https:\/\/schema.org","@graph":[{"@type":"WebPage","@id":"https:\/\/www.museos.com\/de\/barcelona\/torre-bellesguard\/","url":"https:\/\/www.museos.com\/de\/barcelona\/torre-bellesguard\/","name":"Die Torre Bellesguard von Gaud\u00ed in Barcelona: Infos 2026","isPartOf":{"@id":"https:\/\/www.museos.com\/de\/#website"},"primaryImageOfPage":{"@id":"https:\/\/www.museos.com\/de\/barcelona\/torre-bellesguard\/#primaryimage"},"image":{"@id":"https:\/\/www.museos.com\/de\/barcelona\/torre-bellesguard\/#primaryimage"},"thumbnailUrl":"https:\/\/www.museos.com\/wp-content\/uploads\/2021\/02\/Torre-Bellesguard14-scaled.jpg","datePublished":"2021-03-09T15:06:51+00:00","dateModified":"2026-01-26T15:20:20+00:00","description":"Ein weiteres Meisterwerk Gaud\u00eds am Rand Barcelonas. Noch ist der Torre Bellesguard ein Geheimtipp, aber das kann sich \u00e4ndern...","breadcrumb":{"@id":"https:\/\/www.museos.com\/de\/barcelona\/torre-bellesguard\/#breadcrumb"},"inLanguage":"de","potentialAction":[{"@type":"ReadAction","target":["https:\/\/www.museos.com\/de\/barcelona\/torre-bellesguard\/"]}]},{"@type":"ImageObject","inLanguage":"de","@id":"https:\/\/www.museos.com\/de\/barcelona\/torre-bellesguard\/#primaryimage","url":"https:\/\/www.museos.com\/wp-content\/uploads\/2021\/02\/Torre-Bellesguard14-scaled.jpg","contentUrl":"https:\/\/www.museos.com\/wp-content\/uploads\/2021\/02\/Torre-Bellesguard14-scaled.jpg","width":900,"height":1200,"caption":"Eingangshalle der Torre Bellesguard, Barcelona"},{"@type":"BreadcrumbList","@id":"https:\/\/www.museos.com\/de\/barcelona\/torre-bellesguard\/#breadcrumb","itemListElement":[{"@type":"ListItem","position":1,"name":"Home","item":"https:\/\/www.museos.com\/de\/"},{"@type":"ListItem","position":2,"name":"Barcelona","item":"https:\/\/www.museos.com\/de\/barcelona\/"},{"@type":"ListItem","position":3,"name":"Torre Bellesguard"}]},{"@type":"WebSite","@id":"https:\/\/www.museos.com\/de\/#website","url":"https:\/\/www.museos.com\/de\/","name":"museos","description":"Just another WordPress site","publisher":{"@id":"https:\/\/www.museos.com\/de\/#organization"},"potentialAction":[{"@type":"SearchAction","target":{"@type":"EntryPoint","urlTemplate":"https:\/\/www.museos.com\/de\/?s={search_term_string}"},"query-input":{"@type":"PropertyValueSpecification","valueRequired":true,"valueName":"search_term_string"}}],"inLanguage":"de"},{"@type":"Organization","@id":"https:\/\/www.museos.com\/de\/#organization","name":"Museos","url":"https:\/\/www.museos.com\/de\/","logo":{"@type":"ImageObject","inLanguage":"de","@id":"https:\/\/www.museos.com\/de\/#\/schema\/logo\/image\/","url":"https:\/\/www.museos.com\/wp-content\/uploads\/2024\/10\/android-chrome-696x696-1.png","contentUrl":"https:\/\/www.museos.com\/wp-content\/uploads\/2024\/10\/android-chrome-696x696-1.png","width":696,"height":696,"caption":"Museos"},"image":{"@id":"https:\/\/www.museos.com\/de\/#\/schema\/logo\/image\/"}}]}},"_links":{"self":[{"href":"https:\/\/www.museos.com\/de\/wp-json\/wp\/v2\/pages\/19726","targetHints":{"allow":["GET"]}}],"collection":[{"href":"https:\/\/www.museos.com\/de\/wp-json\/wp\/v2\/pages"}],"about":[{"href":"https:\/\/www.museos.com\/de\/wp-json\/wp\/v2\/types\/page"}],"author":[{"embeddable":true,"href":"https:\/\/www.museos.com\/de\/wp-json\/wp\/v2\/users\/7"}],"replies":[{"embeddable":true,"href":"https:\/\/www.museos.com\/de\/wp-json\/wp\/v2\/comments?post=19726"}],"version-history":[{"count":2,"href":"https:\/\/www.museos.com\/de\/wp-json\/wp\/v2\/pages\/19726\/revisions"}],"predecessor-version":[{"id":146306,"href":"https:\/\/www.museos.com\/de\/wp-json\/wp\/v2\/pages\/19726\/revisions\/146306"}],"up":[{"embeddable":true,"href":"https:\/\/www.museos.com\/de\/wp-json\/wp\/v2\/pages\/2539"}],"wp:featuredmedia":[{"embeddable":true,"href":"https:\/\/www.museos.com\/de\/wp-json\/wp\/v2\/media\/19270"}],"wp:attachment":[{"href":"https:\/\/www.museos.com\/de\/wp-json\/wp\/v2\/media?parent=19726"}],"curies":[{"name":"wp","href":"https:\/\/api.w.org\/{rel}","templated":true}]}}