{"id":23941,"date":"2021-04-09T21:04:17","date_gmt":"2021-04-09T21:04:17","guid":{"rendered":"https:\/\/www.museos.com\/?page_id=23941"},"modified":"2026-02-24T14:18:13","modified_gmt":"2026-02-24T14:18:13","slug":"leopold-museum","status":"publish","type":"page","link":"https:\/\/www.museos.com\/de\/wien\/leopold-museum\/","title":{"rendered":"Leopold Museum"},"content":{"rendered":"","protected":false},"excerpt":{"rendered":"","protected":false},"author":6,"featured_media":21038,"parent":2583,"menu_order":0,"comment_status":"open","ping_status":"closed","template":"location.php","meta":{"_acf_changed":false,"footnotes":""},"class_list":["post-23941","page","type-page","status-publish","has-post-thumbnail","hentry"],"acf":[],"yoast_head":"<!-- This site is optimized with the Yoast SEO plugin v27.1.1 - https:\/\/yoast.com\/product\/yoast-seo-wordpress\/ -->\n<title>Leopold Museum in Wien: \u00d6ffnungszeiten &amp; Tickets 2026<\/title>\n<meta name=\"description\" content=\"Das Leopold Museum in Wien ist bekannt f\u00fcr seine unglaubliche Schiele- und Klimt-Sammlung. Daneben gibt es auch andere K\u00fcnstler und Stile!\" \/>\n<meta name=\"robots\" content=\"index, follow, max-snippet:-1, max-image-preview:large, max-video-preview:-1\" \/>\n<link rel=\"canonical\" href=\"https:\/\/www.museos.com\/de\/wien\/leopold-museum\/\" \/>\n<meta property=\"og:locale\" content=\"de_DE\" \/>\n<meta property=\"og:type\" content=\"article\" \/>\n<meta property=\"og:title\" content=\"Leopold Museum in Wien: \u00d6ffnungszeiten &amp; Tickets 2026\" \/>\n<meta property=\"og:description\" content=\"Das Leopold Museum in Wien ist bekannt f\u00fcr seine unglaubliche Schiele- und Klimt-Sammlung. Daneben gibt es auch andere K\u00fcnstler und Stile!\" \/>\n<meta property=\"og:url\" content=\"https:\/\/www.museos.com\/de\/wien\/leopold-museum\/\" \/>\n<meta property=\"og:site_name\" content=\"museos\" \/>\n<meta property=\"article:modified_time\" content=\"2026-02-24T14:18:13+00:00\" \/>\n<meta property=\"og:image\" content=\"https:\/\/www.museos.com\/wp-content\/uploads\/2021\/02\/Leopoldmuseum55-scaled.jpg\" \/>\n\t<meta property=\"og:image:width\" content=\"1833\" \/>\n\t<meta property=\"og:image:height\" content=\"1200\" \/>\n\t<meta property=\"og:image:type\" content=\"image\/jpeg\" \/>\n<meta name=\"twitter:card\" content=\"summary_large_image\" \/>\n<meta name=\"twitter:label1\" content=\"Gesch\u00e4tzte Lesezeit\" \/>\n\t<meta name=\"twitter:data1\" content=\"1\u00a0Minute\" \/>\n<script type=\"application\/ld+json\" class=\"yoast-schema-graph\">{\"@context\":\"https:\/\/schema.org\",\"@graph\":[{\"@type\":\"WebPage\",\"@id\":\"https:\/\/www.museos.com\/de\/wien\/leopold-museum\/\",\"url\":\"https:\/\/www.museos.com\/de\/wien\/leopold-museum\/\",\"name\":\"Leopold Museum in Wien: \u00d6ffnungszeiten & Tickets 2026\",\"isPartOf\":{\"@id\":\"https:\/\/www.museos.com\/de\/#website\"},\"primaryImageOfPage\":{\"@id\":\"https:\/\/www.museos.com\/de\/wien\/leopold-museum\/#primaryimage\"},\"image\":{\"@id\":\"https:\/\/www.museos.com\/de\/wien\/leopold-museum\/#primaryimage\"},\"thumbnailUrl\":\"https:\/\/www.museos.com\/wp-content\/uploads\/2021\/02\/Leopoldmuseum55-scaled.jpg\",\"datePublished\":\"2021-04-09T21:04:17+00:00\",\"dateModified\":\"2026-02-24T14:18:13+00:00\",\"description\":\"Das Leopold Museum in Wien ist bekannt f\u00fcr seine unglaubliche Schiele- und Klimt-Sammlung. Daneben gibt es auch andere K\u00fcnstler und Stile!\",\"breadcrumb\":{\"@id\":\"https:\/\/www.museos.com\/de\/wien\/leopold-museum\/#breadcrumb\"},\"inLanguage\":\"de\",\"potentialAction\":[{\"@type\":\"ReadAction\",\"target\":[\"https:\/\/www.museos.com\/de\/wien\/leopold-museum\/\"]}]},{\"@type\":\"ImageObject\",\"inLanguage\":\"de\",\"@id\":\"https:\/\/www.museos.com\/de\/wien\/leopold-museum\/#primaryimage\",\"url\":\"https:\/\/www.museos.com\/wp-content\/uploads\/2021\/02\/Leopoldmuseum55-scaled.jpg\",\"contentUrl\":\"https:\/\/www.museos.com\/wp-content\/uploads\/2021\/02\/Leopoldmuseum55-scaled.jpg\",\"width\":1833,\"height\":1200,\"caption\":\"Leopoldmuseum Wien\"},{\"@type\":\"BreadcrumbList\",\"@id\":\"https:\/\/www.museos.com\/de\/wien\/leopold-museum\/#breadcrumb\",\"itemListElement\":[{\"@type\":\"ListItem\",\"position\":1,\"name\":\"Home\",\"item\":\"https:\/\/www.museos.com\/de\/\"},{\"@type\":\"ListItem\",\"position\":2,\"name\":\"Wien\",\"item\":\"https:\/\/www.museos.com\/de\/wien\/\"},{\"@type\":\"ListItem\",\"position\":3,\"name\":\"Leopold Museum\"}]},{\"@type\":\"WebSite\",\"@id\":\"https:\/\/www.museos.com\/de\/#website\",\"url\":\"https:\/\/www.museos.com\/de\/\",\"name\":\"museos\",\"description\":\"Just another WordPress site\",\"publisher\":{\"@id\":\"https:\/\/www.museos.com\/de\/#organization\"},\"potentialAction\":[{\"@type\":\"SearchAction\",\"target\":{\"@type\":\"EntryPoint\",\"urlTemplate\":\"https:\/\/www.museos.com\/de\/?s={search_term_string}\"},\"query-input\":{\"@type\":\"PropertyValueSpecification\",\"valueRequired\":true,\"valueName\":\"search_term_string\"}}],\"inLanguage\":\"de\"},{\"@type\":\"Organization\",\"@id\":\"https:\/\/www.museos.com\/de\/#organization\",\"name\":\"Museos\",\"url\":\"https:\/\/www.museos.com\/de\/\",\"logo\":{\"@type\":\"ImageObject\",\"inLanguage\":\"de\",\"@id\":\"https:\/\/www.museos.com\/de\/#\/schema\/logo\/image\/\",\"url\":\"https:\/\/www.museos.com\/wp-content\/uploads\/2024\/10\/android-chrome-696x696-1.png\",\"contentUrl\":\"https:\/\/www.museos.com\/wp-content\/uploads\/2024\/10\/android-chrome-696x696-1.png\",\"width\":696,\"height\":696,\"caption\":\"Museos\"},\"image\":{\"@id\":\"https:\/\/www.museos.com\/de\/#\/schema\/logo\/image\/\"}}]}<\/script>\n<!-- \/ Yoast SEO plugin. -->","yoast_head_json":{"title":"Leopold Museum in Wien: \u00d6ffnungszeiten & Tickets 2026","description":"Das Leopold Museum in Wien ist bekannt f\u00fcr seine unglaubliche Schiele- und Klimt-Sammlung. Daneben gibt es auch andere K\u00fcnstler und Stile!","robots":{"index":"index","follow":"follow","max-snippet":"max-snippet:-1","max-image-preview":"max-image-preview:large","max-video-preview":"max-video-preview:-1"},"canonical":"https:\/\/www.museos.com\/de\/wien\/leopold-museum\/","og_locale":"de_DE","og_type":"article","og_title":"Leopold Museum in Wien: \u00d6ffnungszeiten & Tickets 2026","og_description":"Das Leopold Museum in Wien ist bekannt f\u00fcr seine unglaubliche Schiele- und Klimt-Sammlung. Daneben gibt es auch andere K\u00fcnstler und Stile!","og_url":"https:\/\/www.museos.com\/de\/wien\/leopold-museum\/","og_site_name":"museos","article_modified_time":"2026-02-24T14:18:13+00:00","og_image":[{"width":1833,"height":1200,"url":"https:\/\/www.museos.com\/wp-content\/uploads\/2021\/02\/Leopoldmuseum55-scaled.jpg","type":"image\/jpeg"}],"twitter_card":"summary_large_image","twitter_misc":{"Gesch\u00e4tzte Lesezeit":"1\u00a0Minute"},"schema":{"@context":"https:\/\/schema.org","@graph":[{"@type":"WebPage","@id":"https:\/\/www.museos.com\/de\/wien\/leopold-museum\/","url":"https:\/\/www.museos.com\/de\/wien\/leopold-museum\/","name":"Leopold Museum in Wien: \u00d6ffnungszeiten & Tickets 2026","isPartOf":{"@id":"https:\/\/www.museos.com\/de\/#website"},"primaryImageOfPage":{"@id":"https:\/\/www.museos.com\/de\/wien\/leopold-museum\/#primaryimage"},"image":{"@id":"https:\/\/www.museos.com\/de\/wien\/leopold-museum\/#primaryimage"},"thumbnailUrl":"https:\/\/www.museos.com\/wp-content\/uploads\/2021\/02\/Leopoldmuseum55-scaled.jpg","datePublished":"2021-04-09T21:04:17+00:00","dateModified":"2026-02-24T14:18:13+00:00","description":"Das Leopold Museum in Wien ist bekannt f\u00fcr seine unglaubliche Schiele- und Klimt-Sammlung. Daneben gibt es auch andere K\u00fcnstler und Stile!","breadcrumb":{"@id":"https:\/\/www.museos.com\/de\/wien\/leopold-museum\/#breadcrumb"},"inLanguage":"de","potentialAction":[{"@type":"ReadAction","target":["https:\/\/www.museos.com\/de\/wien\/leopold-museum\/"]}]},{"@type":"ImageObject","inLanguage":"de","@id":"https:\/\/www.museos.com\/de\/wien\/leopold-museum\/#primaryimage","url":"https:\/\/www.museos.com\/wp-content\/uploads\/2021\/02\/Leopoldmuseum55-scaled.jpg","contentUrl":"https:\/\/www.museos.com\/wp-content\/uploads\/2021\/02\/Leopoldmuseum55-scaled.jpg","width":1833,"height":1200,"caption":"Leopoldmuseum Wien"},{"@type":"BreadcrumbList","@id":"https:\/\/www.museos.com\/de\/wien\/leopold-museum\/#breadcrumb","itemListElement":[{"@type":"ListItem","position":1,"name":"Home","item":"https:\/\/www.museos.com\/de\/"},{"@type":"ListItem","position":2,"name":"Wien","item":"https:\/\/www.museos.com\/de\/wien\/"},{"@type":"ListItem","position":3,"name":"Leopold Museum"}]},{"@type":"WebSite","@id":"https:\/\/www.museos.com\/de\/#website","url":"https:\/\/www.museos.com\/de\/","name":"museos","description":"Just another WordPress site","publisher":{"@id":"https:\/\/www.museos.com\/de\/#organization"},"potentialAction":[{"@type":"SearchAction","target":{"@type":"EntryPoint","urlTemplate":"https:\/\/www.museos.com\/de\/?s={search_term_string}"},"query-input":{"@type":"PropertyValueSpecification","valueRequired":true,"valueName":"search_term_string"}}],"inLanguage":"de"},{"@type":"Organization","@id":"https:\/\/www.museos.com\/de\/#organization","name":"Museos","url":"https:\/\/www.museos.com\/de\/","logo":{"@type":"ImageObject","inLanguage":"de","@id":"https:\/\/www.museos.com\/de\/#\/schema\/logo\/image\/","url":"https:\/\/www.museos.com\/wp-content\/uploads\/2024\/10\/android-chrome-696x696-1.png","contentUrl":"https:\/\/www.museos.com\/wp-content\/uploads\/2024\/10\/android-chrome-696x696-1.png","width":696,"height":696,"caption":"Museos"},"image":{"@id":"https:\/\/www.museos.com\/de\/#\/schema\/logo\/image\/"}}]}},"_links":{"self":[{"href":"https:\/\/www.museos.com\/de\/wp-json\/wp\/v2\/pages\/23941","targetHints":{"allow":["GET"]}}],"collection":[{"href":"https:\/\/www.museos.com\/de\/wp-json\/wp\/v2\/pages"}],"about":[{"href":"https:\/\/www.museos.com\/de\/wp-json\/wp\/v2\/types\/page"}],"author":[{"embeddable":true,"href":"https:\/\/www.museos.com\/de\/wp-json\/wp\/v2\/users\/6"}],"replies":[{"embeddable":true,"href":"https:\/\/www.museos.com\/de\/wp-json\/wp\/v2\/comments?post=23941"}],"version-history":[{"count":4,"href":"https:\/\/www.museos.com\/de\/wp-json\/wp\/v2\/pages\/23941\/revisions"}],"predecessor-version":[{"id":147095,"href":"https:\/\/www.museos.com\/de\/wp-json\/wp\/v2\/pages\/23941\/revisions\/147095"}],"up":[{"embeddable":true,"href":"https:\/\/www.museos.com\/de\/wp-json\/wp\/v2\/pages\/2583"}],"wp:featuredmedia":[{"embeddable":true,"href":"https:\/\/www.museos.com\/de\/wp-json\/wp\/v2\/media\/21038"}],"wp:attachment":[{"href":"https:\/\/www.museos.com\/de\/wp-json\/wp\/v2\/media?parent=23941"}],"curies":[{"name":"wp","href":"https:\/\/api.w.org\/{rel}","templated":true}]}}