{"id":2537,"date":"2020-12-28T22:29:38","date_gmt":"2020-12-28T22:29:38","guid":{"rendered":"https:\/\/www.museos.com\/?page_id=2537"},"modified":"2026-03-17T13:24:51","modified_gmt":"2026-03-17T13:24:51","slug":"fuehrungen-amsterdam","status":"publish","type":"page","link":"https:\/\/www.museos.com\/de\/amsterdam\/fuehrungen-amsterdam\/","title":{"rendered":"Amsterdam F\u00fchrungen"},"content":{"rendered":"","protected":false},"excerpt":{"rendered":"","protected":false},"author":2,"featured_media":29441,"parent":2529,"menu_order":0,"comment_status":"open","ping_status":"closed","template":"tours-template.php","meta":{"_acf_changed":false,"footnotes":""},"class_list":["post-2537","page","type-page","status-publish","has-post-thumbnail","hentry"],"acf":[],"yoast_head":"<!-- This site is optimized with the Yoast SEO plugin v27.1.1 - https:\/\/yoast.com\/product\/yoast-seo-wordpress\/ -->\n<title>Deutschsprachige F\u00fchrungen in Amsterdam: unsere Empfehlungen<\/title>\n<meta name=\"description\" content=\"Du willst die Stadt mit dem Fahrrad, zu Fu\u00df oder per Boot erkunden? Dann haben wir hier die besten Tipps f\u00fcr Amsterdam!\" \/>\n<meta name=\"robots\" content=\"index, follow, max-snippet:-1, max-image-preview:large, max-video-preview:-1\" \/>\n<link rel=\"canonical\" href=\"https:\/\/www.museos.com\/de\/amsterdam\/fuehrungen-amsterdam\/\" \/>\n<meta property=\"og:locale\" content=\"de_DE\" \/>\n<meta property=\"og:type\" content=\"article\" \/>\n<meta property=\"og:title\" content=\"Deutschsprachige F\u00fchrungen in Amsterdam: unsere Empfehlungen\" \/>\n<meta property=\"og:description\" content=\"Du willst die Stadt mit dem Fahrrad, zu Fu\u00df oder per Boot erkunden? Dann haben wir hier die besten Tipps f\u00fcr Amsterdam!\" \/>\n<meta property=\"og:url\" content=\"https:\/\/www.museos.com\/de\/amsterdam\/fuehrungen-amsterdam\/\" \/>\n<meta property=\"og:site_name\" content=\"museos\" \/>\n<meta property=\"article:modified_time\" content=\"2026-03-17T13:24:51+00:00\" \/>\n<meta property=\"og:image\" content=\"https:\/\/www.museos.com\/wp-content\/uploads\/2021\/03\/Rotlicht-Fu\u0308hrung2-scaled.jpg\" \/>\n\t<meta property=\"og:image:width\" content=\"1652\" \/>\n\t<meta property=\"og:image:height\" content=\"1200\" \/>\n\t<meta property=\"og:image:type\" content=\"image\/jpeg\" \/>\n<meta name=\"twitter:card\" content=\"summary_large_image\" \/>\n<meta name=\"twitter:label1\" content=\"Gesch\u00e4tzte Lesezeit\" \/>\n\t<meta name=\"twitter:data1\" content=\"1\u00a0Minute\" \/>\n<script type=\"application\/ld+json\" class=\"yoast-schema-graph\">{\"@context\":\"https:\/\/schema.org\",\"@graph\":[{\"@type\":\"WebPage\",\"@id\":\"https:\/\/www.museos.com\/de\/amsterdam\/fuehrungen-amsterdam\/\",\"url\":\"https:\/\/www.museos.com\/de\/amsterdam\/fuehrungen-amsterdam\/\",\"name\":\"Deutschsprachige F\u00fchrungen in Amsterdam: unsere Empfehlungen\",\"isPartOf\":{\"@id\":\"https:\/\/www.museos.com\/de\/#website\"},\"primaryImageOfPage\":{\"@id\":\"https:\/\/www.museos.com\/de\/amsterdam\/fuehrungen-amsterdam\/#primaryimage\"},\"image\":{\"@id\":\"https:\/\/www.museos.com\/de\/amsterdam\/fuehrungen-amsterdam\/#primaryimage\"},\"thumbnailUrl\":\"https:\/\/www.museos.com\/wp-content\/uploads\/2021\/03\/Rotlicht-Fu\u0308hrung2-scaled.jpg\",\"datePublished\":\"2020-12-28T22:29:38+00:00\",\"dateModified\":\"2026-03-17T13:24:51+00:00\",\"description\":\"Du willst die Stadt mit dem Fahrrad, zu Fu\u00df oder per Boot erkunden? Dann haben wir hier die besten Tipps f\u00fcr Amsterdam!\",\"breadcrumb\":{\"@id\":\"https:\/\/www.museos.com\/de\/amsterdam\/fuehrungen-amsterdam\/#breadcrumb\"},\"inLanguage\":\"de\",\"potentialAction\":[{\"@type\":\"ReadAction\",\"target\":[\"https:\/\/www.museos.com\/de\/amsterdam\/fuehrungen-amsterdam\/\"]}]},{\"@type\":\"ImageObject\",\"inLanguage\":\"de\",\"@id\":\"https:\/\/www.museos.com\/de\/amsterdam\/fuehrungen-amsterdam\/#primaryimage\",\"url\":\"https:\/\/www.museos.com\/wp-content\/uploads\/2021\/03\/Rotlicht-Fu\u0308hrung2-scaled.jpg\",\"contentUrl\":\"https:\/\/www.museos.com\/wp-content\/uploads\/2021\/03\/Rotlicht-Fu\u0308hrung2-scaled.jpg\",\"width\":1652,\"height\":1200,\"caption\":\"Condomerie Warmoesstraat, Rotlicht-F\u00fchrung Amsterdam\"},{\"@type\":\"BreadcrumbList\",\"@id\":\"https:\/\/www.museos.com\/de\/amsterdam\/fuehrungen-amsterdam\/#breadcrumb\",\"itemListElement\":[{\"@type\":\"ListItem\",\"position\":1,\"name\":\"Home\",\"item\":\"https:\/\/www.museos.com\/de\/\"},{\"@type\":\"ListItem\",\"position\":2,\"name\":\"Amsterdam\",\"item\":\"https:\/\/www.museos.com\/de\/amsterdam\/\"},{\"@type\":\"ListItem\",\"position\":3,\"name\":\"Amsterdam F\u00fchrungen\"}]},{\"@type\":\"WebSite\",\"@id\":\"https:\/\/www.museos.com\/de\/#website\",\"url\":\"https:\/\/www.museos.com\/de\/\",\"name\":\"museos\",\"description\":\"Just another WordPress site\",\"publisher\":{\"@id\":\"https:\/\/www.museos.com\/de\/#organization\"},\"potentialAction\":[{\"@type\":\"SearchAction\",\"target\":{\"@type\":\"EntryPoint\",\"urlTemplate\":\"https:\/\/www.museos.com\/de\/?s={search_term_string}\"},\"query-input\":{\"@type\":\"PropertyValueSpecification\",\"valueRequired\":true,\"valueName\":\"search_term_string\"}}],\"inLanguage\":\"de\"},{\"@type\":\"Organization\",\"@id\":\"https:\/\/www.museos.com\/de\/#organization\",\"name\":\"Museos\",\"url\":\"https:\/\/www.museos.com\/de\/\",\"logo\":{\"@type\":\"ImageObject\",\"inLanguage\":\"de\",\"@id\":\"https:\/\/www.museos.com\/de\/#\/schema\/logo\/image\/\",\"url\":\"https:\/\/www.museos.com\/wp-content\/uploads\/2024\/10\/android-chrome-696x696-1.png\",\"contentUrl\":\"https:\/\/www.museos.com\/wp-content\/uploads\/2024\/10\/android-chrome-696x696-1.png\",\"width\":696,\"height\":696,\"caption\":\"Museos\"},\"image\":{\"@id\":\"https:\/\/www.museos.com\/de\/#\/schema\/logo\/image\/\"}}]}<\/script>\n<!-- \/ Yoast SEO plugin. -->","yoast_head_json":{"title":"Deutschsprachige F\u00fchrungen in Amsterdam: unsere Empfehlungen","description":"Du willst die Stadt mit dem Fahrrad, zu Fu\u00df oder per Boot erkunden? Dann haben wir hier die besten Tipps f\u00fcr Amsterdam!","robots":{"index":"index","follow":"follow","max-snippet":"max-snippet:-1","max-image-preview":"max-image-preview:large","max-video-preview":"max-video-preview:-1"},"canonical":"https:\/\/www.museos.com\/de\/amsterdam\/fuehrungen-amsterdam\/","og_locale":"de_DE","og_type":"article","og_title":"Deutschsprachige F\u00fchrungen in Amsterdam: unsere Empfehlungen","og_description":"Du willst die Stadt mit dem Fahrrad, zu Fu\u00df oder per Boot erkunden? Dann haben wir hier die besten Tipps f\u00fcr Amsterdam!","og_url":"https:\/\/www.museos.com\/de\/amsterdam\/fuehrungen-amsterdam\/","og_site_name":"museos","article_modified_time":"2026-03-17T13:24:51+00:00","og_image":[{"width":1652,"height":1200,"url":"https:\/\/www.museos.com\/wp-content\/uploads\/2021\/03\/Rotlicht-Fu\u0308hrung2-scaled.jpg","type":"image\/jpeg"}],"twitter_card":"summary_large_image","twitter_misc":{"Gesch\u00e4tzte Lesezeit":"1\u00a0Minute"},"schema":{"@context":"https:\/\/schema.org","@graph":[{"@type":"WebPage","@id":"https:\/\/www.museos.com\/de\/amsterdam\/fuehrungen-amsterdam\/","url":"https:\/\/www.museos.com\/de\/amsterdam\/fuehrungen-amsterdam\/","name":"Deutschsprachige F\u00fchrungen in Amsterdam: unsere Empfehlungen","isPartOf":{"@id":"https:\/\/www.museos.com\/de\/#website"},"primaryImageOfPage":{"@id":"https:\/\/www.museos.com\/de\/amsterdam\/fuehrungen-amsterdam\/#primaryimage"},"image":{"@id":"https:\/\/www.museos.com\/de\/amsterdam\/fuehrungen-amsterdam\/#primaryimage"},"thumbnailUrl":"https:\/\/www.museos.com\/wp-content\/uploads\/2021\/03\/Rotlicht-Fu\u0308hrung2-scaled.jpg","datePublished":"2020-12-28T22:29:38+00:00","dateModified":"2026-03-17T13:24:51+00:00","description":"Du willst die Stadt mit dem Fahrrad, zu Fu\u00df oder per Boot erkunden? Dann haben wir hier die besten Tipps f\u00fcr Amsterdam!","breadcrumb":{"@id":"https:\/\/www.museos.com\/de\/amsterdam\/fuehrungen-amsterdam\/#breadcrumb"},"inLanguage":"de","potentialAction":[{"@type":"ReadAction","target":["https:\/\/www.museos.com\/de\/amsterdam\/fuehrungen-amsterdam\/"]}]},{"@type":"ImageObject","inLanguage":"de","@id":"https:\/\/www.museos.com\/de\/amsterdam\/fuehrungen-amsterdam\/#primaryimage","url":"https:\/\/www.museos.com\/wp-content\/uploads\/2021\/03\/Rotlicht-Fu\u0308hrung2-scaled.jpg","contentUrl":"https:\/\/www.museos.com\/wp-content\/uploads\/2021\/03\/Rotlicht-Fu\u0308hrung2-scaled.jpg","width":1652,"height":1200,"caption":"Condomerie Warmoesstraat, Rotlicht-F\u00fchrung Amsterdam"},{"@type":"BreadcrumbList","@id":"https:\/\/www.museos.com\/de\/amsterdam\/fuehrungen-amsterdam\/#breadcrumb","itemListElement":[{"@type":"ListItem","position":1,"name":"Home","item":"https:\/\/www.museos.com\/de\/"},{"@type":"ListItem","position":2,"name":"Amsterdam","item":"https:\/\/www.museos.com\/de\/amsterdam\/"},{"@type":"ListItem","position":3,"name":"Amsterdam F\u00fchrungen"}]},{"@type":"WebSite","@id":"https:\/\/www.museos.com\/de\/#website","url":"https:\/\/www.museos.com\/de\/","name":"museos","description":"Just another WordPress site","publisher":{"@id":"https:\/\/www.museos.com\/de\/#organization"},"potentialAction":[{"@type":"SearchAction","target":{"@type":"EntryPoint","urlTemplate":"https:\/\/www.museos.com\/de\/?s={search_term_string}"},"query-input":{"@type":"PropertyValueSpecification","valueRequired":true,"valueName":"search_term_string"}}],"inLanguage":"de"},{"@type":"Organization","@id":"https:\/\/www.museos.com\/de\/#organization","name":"Museos","url":"https:\/\/www.museos.com\/de\/","logo":{"@type":"ImageObject","inLanguage":"de","@id":"https:\/\/www.museos.com\/de\/#\/schema\/logo\/image\/","url":"https:\/\/www.museos.com\/wp-content\/uploads\/2024\/10\/android-chrome-696x696-1.png","contentUrl":"https:\/\/www.museos.com\/wp-content\/uploads\/2024\/10\/android-chrome-696x696-1.png","width":696,"height":696,"caption":"Museos"},"image":{"@id":"https:\/\/www.museos.com\/de\/#\/schema\/logo\/image\/"}}]}},"_links":{"self":[{"href":"https:\/\/www.museos.com\/de\/wp-json\/wp\/v2\/pages\/2537","targetHints":{"allow":["GET"]}}],"collection":[{"href":"https:\/\/www.museos.com\/de\/wp-json\/wp\/v2\/pages"}],"about":[{"href":"https:\/\/www.museos.com\/de\/wp-json\/wp\/v2\/types\/page"}],"author":[{"embeddable":true,"href":"https:\/\/www.museos.com\/de\/wp-json\/wp\/v2\/users\/2"}],"replies":[{"embeddable":true,"href":"https:\/\/www.museos.com\/de\/wp-json\/wp\/v2\/comments?post=2537"}],"version-history":[{"count":1,"href":"https:\/\/www.museos.com\/de\/wp-json\/wp\/v2\/pages\/2537\/revisions"}],"predecessor-version":[{"id":148106,"href":"https:\/\/www.museos.com\/de\/wp-json\/wp\/v2\/pages\/2537\/revisions\/148106"}],"up":[{"embeddable":true,"href":"https:\/\/www.museos.com\/de\/wp-json\/wp\/v2\/pages\/2529"}],"wp:featuredmedia":[{"embeddable":true,"href":"https:\/\/www.museos.com\/de\/wp-json\/wp\/v2\/media\/29441"}],"wp:attachment":[{"href":"https:\/\/www.museos.com\/de\/wp-json\/wp\/v2\/media?parent=2537"}],"curies":[{"name":"wp","href":"https:\/\/api.w.org\/{rel}","templated":true}]}}