{"id":2555,"date":"2020-12-28T22:36:03","date_gmt":"2020-12-28T22:36:03","guid":{"rendered":"https:\/\/www.museos.com\/?page_id=2555"},"modified":"2025-01-28T13:52:25","modified_gmt":"2025-01-28T13:52:25","slug":"blog","status":"publish","type":"page","link":"https:\/\/www.museos.com\/de\/blog\/","title":{"rendered":"Blog"},"content":{"rendered":"","protected":false},"excerpt":{"rendered":"","protected":false},"author":2,"featured_media":46655,"parent":0,"menu_order":0,"comment_status":"open","ping_status":"closed","template":"blog-main.php","meta":{"_acf_changed":false,"footnotes":""},"class_list":["post-2555","page","type-page","status-publish","has-post-thumbnail","hentry"],"acf":[],"yoast_head":"<!-- This site is optimized with the Yoast SEO plugin v27.1.1 - https:\/\/yoast.com\/product\/yoast-seo-wordpress\/ -->\n<title>Du suchst einen Blog \u00fcber St\u00e4dtereisen in Europa? Hier ist er!<\/title>\n<meta name=\"description\" content=\"Der museos-Blog h\u00e4lt dich f\u00fcr die St\u00e4dte Barcelona, Rom, Paris, Amsterdam und Wien auf dem Laufenden! Ausstellungen, Corona-news und mehr!\" \/>\n<meta name=\"robots\" content=\"index, follow, max-snippet:-1, max-image-preview:large, max-video-preview:-1\" \/>\n<link rel=\"canonical\" href=\"https:\/\/www.museos.com\/de\/blog\/\" \/>\n<meta property=\"og:locale\" content=\"de_DE\" \/>\n<meta property=\"og:type\" content=\"article\" \/>\n<meta property=\"og:title\" content=\"Du suchst einen Blog \u00fcber St\u00e4dtereisen in Europa? Hier ist er!\" \/>\n<meta property=\"og:description\" content=\"Der museos-Blog h\u00e4lt dich f\u00fcr die St\u00e4dte Barcelona, Rom, Paris, Amsterdam und Wien auf dem Laufenden! Ausstellungen, Corona-news und mehr!\" \/>\n<meta property=\"og:url\" content=\"https:\/\/www.museos.com\/de\/blog\/\" \/>\n<meta property=\"og:site_name\" content=\"museos\" \/>\n<meta property=\"article:modified_time\" content=\"2025-01-28T13:52:25+00:00\" \/>\n<meta property=\"og:image\" content=\"https:\/\/www.museos.com\/wp-content\/uploads\/2021\/05\/Museos_Header_Final-fb.png\" \/>\n\t<meta property=\"og:image:width\" content=\"1920\" \/>\n\t<meta property=\"og:image:height\" content=\"854\" \/>\n\t<meta property=\"og:image:type\" content=\"image\/png\" \/>\n<meta name=\"twitter:card\" content=\"summary_large_image\" \/>\n<meta name=\"twitter:label1\" content=\"Gesch\u00e4tzte Lesezeit\" \/>\n\t<meta name=\"twitter:data1\" content=\"1\u00a0Minute\" \/>\n<script type=\"application\/ld+json\" class=\"yoast-schema-graph\">{\"@context\":\"https:\/\/schema.org\",\"@graph\":[{\"@type\":\"WebPage\",\"@id\":\"https:\/\/www.museos.com\/de\/blog\/\",\"url\":\"https:\/\/www.museos.com\/de\/blog\/\",\"name\":\"Du suchst einen Blog \u00fcber St\u00e4dtereisen in Europa? Hier ist er!\",\"isPartOf\":{\"@id\":\"https:\/\/www.museos.com\/de\/#website\"},\"primaryImageOfPage\":{\"@id\":\"https:\/\/www.museos.com\/de\/blog\/#primaryimage\"},\"image\":{\"@id\":\"https:\/\/www.museos.com\/de\/blog\/#primaryimage\"},\"thumbnailUrl\":\"https:\/\/www.museos.com\/wp-content\/uploads\/2021\/05\/Museos_Header_Final-fb.png\",\"datePublished\":\"2020-12-28T22:36:03+00:00\",\"dateModified\":\"2025-01-28T13:52:25+00:00\",\"description\":\"Der museos-Blog h\u00e4lt dich f\u00fcr die St\u00e4dte Barcelona, Rom, Paris, Amsterdam und Wien auf dem Laufenden! Ausstellungen, Corona-news und mehr!\",\"breadcrumb\":{\"@id\":\"https:\/\/www.museos.com\/de\/blog\/#breadcrumb\"},\"inLanguage\":\"de\",\"potentialAction\":[{\"@type\":\"ReadAction\",\"target\":[\"https:\/\/www.museos.com\/de\/blog\/\"]}]},{\"@type\":\"ImageObject\",\"inLanguage\":\"de\",\"@id\":\"https:\/\/www.museos.com\/de\/blog\/#primaryimage\",\"url\":\"https:\/\/www.museos.com\/wp-content\/uploads\/2021\/05\/Museos_Header_Final-fb.png\",\"contentUrl\":\"https:\/\/www.museos.com\/wp-content\/uploads\/2021\/05\/Museos_Header_Final-fb.png\",\"width\":1920,\"height\":854,\"caption\":\"Museos Home + Logo\"},{\"@type\":\"BreadcrumbList\",\"@id\":\"https:\/\/www.museos.com\/de\/blog\/#breadcrumb\",\"itemListElement\":[{\"@type\":\"ListItem\",\"position\":1,\"name\":\"Home\",\"item\":\"https:\/\/www.museos.com\/de\/\"},{\"@type\":\"ListItem\",\"position\":2,\"name\":\"Blog\"}]},{\"@type\":\"WebSite\",\"@id\":\"https:\/\/www.museos.com\/de\/#website\",\"url\":\"https:\/\/www.museos.com\/de\/\",\"name\":\"museos\",\"description\":\"Just another WordPress site\",\"publisher\":{\"@id\":\"https:\/\/www.museos.com\/de\/#organization\"},\"potentialAction\":[{\"@type\":\"SearchAction\",\"target\":{\"@type\":\"EntryPoint\",\"urlTemplate\":\"https:\/\/www.museos.com\/de\/?s={search_term_string}\"},\"query-input\":{\"@type\":\"PropertyValueSpecification\",\"valueRequired\":true,\"valueName\":\"search_term_string\"}}],\"inLanguage\":\"de\"},{\"@type\":\"Organization\",\"@id\":\"https:\/\/www.museos.com\/de\/#organization\",\"name\":\"Museos\",\"url\":\"https:\/\/www.museos.com\/de\/\",\"logo\":{\"@type\":\"ImageObject\",\"inLanguage\":\"de\",\"@id\":\"https:\/\/www.museos.com\/de\/#\/schema\/logo\/image\/\",\"url\":\"https:\/\/www.museos.com\/wp-content\/uploads\/2024\/10\/android-chrome-696x696-1.png\",\"contentUrl\":\"https:\/\/www.museos.com\/wp-content\/uploads\/2024\/10\/android-chrome-696x696-1.png\",\"width\":696,\"height\":696,\"caption\":\"Museos\"},\"image\":{\"@id\":\"https:\/\/www.museos.com\/de\/#\/schema\/logo\/image\/\"}}]}<\/script>\n<!-- \/ Yoast SEO plugin. -->","yoast_head_json":{"title":"Du suchst einen Blog \u00fcber St\u00e4dtereisen in Europa? Hier ist er!","description":"Der museos-Blog h\u00e4lt dich f\u00fcr die St\u00e4dte Barcelona, Rom, Paris, Amsterdam und Wien auf dem Laufenden! Ausstellungen, Corona-news und mehr!","robots":{"index":"index","follow":"follow","max-snippet":"max-snippet:-1","max-image-preview":"max-image-preview:large","max-video-preview":"max-video-preview:-1"},"canonical":"https:\/\/www.museos.com\/de\/blog\/","og_locale":"de_DE","og_type":"article","og_title":"Du suchst einen Blog \u00fcber St\u00e4dtereisen in Europa? Hier ist er!","og_description":"Der museos-Blog h\u00e4lt dich f\u00fcr die St\u00e4dte Barcelona, Rom, Paris, Amsterdam und Wien auf dem Laufenden! Ausstellungen, Corona-news und mehr!","og_url":"https:\/\/www.museos.com\/de\/blog\/","og_site_name":"museos","article_modified_time":"2025-01-28T13:52:25+00:00","og_image":[{"width":1920,"height":854,"url":"https:\/\/www.museos.com\/wp-content\/uploads\/2021\/05\/Museos_Header_Final-fb.png","type":"image\/png"}],"twitter_card":"summary_large_image","twitter_misc":{"Gesch\u00e4tzte Lesezeit":"1\u00a0Minute"},"schema":{"@context":"https:\/\/schema.org","@graph":[{"@type":"WebPage","@id":"https:\/\/www.museos.com\/de\/blog\/","url":"https:\/\/www.museos.com\/de\/blog\/","name":"Du suchst einen Blog \u00fcber St\u00e4dtereisen in Europa? Hier ist er!","isPartOf":{"@id":"https:\/\/www.museos.com\/de\/#website"},"primaryImageOfPage":{"@id":"https:\/\/www.museos.com\/de\/blog\/#primaryimage"},"image":{"@id":"https:\/\/www.museos.com\/de\/blog\/#primaryimage"},"thumbnailUrl":"https:\/\/www.museos.com\/wp-content\/uploads\/2021\/05\/Museos_Header_Final-fb.png","datePublished":"2020-12-28T22:36:03+00:00","dateModified":"2025-01-28T13:52:25+00:00","description":"Der museos-Blog h\u00e4lt dich f\u00fcr die St\u00e4dte Barcelona, Rom, Paris, Amsterdam und Wien auf dem Laufenden! Ausstellungen, Corona-news und mehr!","breadcrumb":{"@id":"https:\/\/www.museos.com\/de\/blog\/#breadcrumb"},"inLanguage":"de","potentialAction":[{"@type":"ReadAction","target":["https:\/\/www.museos.com\/de\/blog\/"]}]},{"@type":"ImageObject","inLanguage":"de","@id":"https:\/\/www.museos.com\/de\/blog\/#primaryimage","url":"https:\/\/www.museos.com\/wp-content\/uploads\/2021\/05\/Museos_Header_Final-fb.png","contentUrl":"https:\/\/www.museos.com\/wp-content\/uploads\/2021\/05\/Museos_Header_Final-fb.png","width":1920,"height":854,"caption":"Museos Home + Logo"},{"@type":"BreadcrumbList","@id":"https:\/\/www.museos.com\/de\/blog\/#breadcrumb","itemListElement":[{"@type":"ListItem","position":1,"name":"Home","item":"https:\/\/www.museos.com\/de\/"},{"@type":"ListItem","position":2,"name":"Blog"}]},{"@type":"WebSite","@id":"https:\/\/www.museos.com\/de\/#website","url":"https:\/\/www.museos.com\/de\/","name":"museos","description":"Just another WordPress site","publisher":{"@id":"https:\/\/www.museos.com\/de\/#organization"},"potentialAction":[{"@type":"SearchAction","target":{"@type":"EntryPoint","urlTemplate":"https:\/\/www.museos.com\/de\/?s={search_term_string}"},"query-input":{"@type":"PropertyValueSpecification","valueRequired":true,"valueName":"search_term_string"}}],"inLanguage":"de"},{"@type":"Organization","@id":"https:\/\/www.museos.com\/de\/#organization","name":"Museos","url":"https:\/\/www.museos.com\/de\/","logo":{"@type":"ImageObject","inLanguage":"de","@id":"https:\/\/www.museos.com\/de\/#\/schema\/logo\/image\/","url":"https:\/\/www.museos.com\/wp-content\/uploads\/2024\/10\/android-chrome-696x696-1.png","contentUrl":"https:\/\/www.museos.com\/wp-content\/uploads\/2024\/10\/android-chrome-696x696-1.png","width":696,"height":696,"caption":"Museos"},"image":{"@id":"https:\/\/www.museos.com\/de\/#\/schema\/logo\/image\/"}}]}},"_links":{"self":[{"href":"https:\/\/www.museos.com\/de\/wp-json\/wp\/v2\/pages\/2555","targetHints":{"allow":["GET"]}}],"collection":[{"href":"https:\/\/www.museos.com\/de\/wp-json\/wp\/v2\/pages"}],"about":[{"href":"https:\/\/www.museos.com\/de\/wp-json\/wp\/v2\/types\/page"}],"author":[{"embeddable":true,"href":"https:\/\/www.museos.com\/de\/wp-json\/wp\/v2\/users\/2"}],"replies":[{"embeddable":true,"href":"https:\/\/www.museos.com\/de\/wp-json\/wp\/v2\/comments?post=2555"}],"version-history":[{"count":1,"href":"https:\/\/www.museos.com\/de\/wp-json\/wp\/v2\/pages\/2555\/revisions"}],"predecessor-version":[{"id":125610,"href":"https:\/\/www.museos.com\/de\/wp-json\/wp\/v2\/pages\/2555\/revisions\/125610"}],"wp:featuredmedia":[{"embeddable":true,"href":"https:\/\/www.museos.com\/de\/wp-json\/wp\/v2\/media\/46655"}],"wp:attachment":[{"href":"https:\/\/www.museos.com\/de\/wp-json\/wp\/v2\/media?parent=2555"}],"curies":[{"name":"wp","href":"https:\/\/api.w.org\/{rel}","templated":true}]}}