{"id":2568,"date":"2020-12-28T22:40:13","date_gmt":"2020-12-28T22:40:13","guid":{"rendered":"https:\/\/www.museos.com\/?page_id=2568"},"modified":"2023-10-03T14:41:57","modified_gmt":"2023-10-03T14:41:57","slug":"fuehrungen-paris","status":"publish","type":"page","link":"https:\/\/www.museos.com\/de\/paris\/fuehrungen-paris\/","title":{"rendered":"F\u00fchrungen in Paris"},"content":{"rendered":"","protected":false},"excerpt":{"rendered":"","protected":false},"author":2,"featured_media":16323,"parent":2559,"menu_order":0,"comment_status":"open","ping_status":"closed","template":"tours-template.php","meta":{"_acf_changed":false,"footnotes":""},"class_list":["post-2568","page","type-page","status-publish","has-post-thumbnail","hentry"],"acf":[],"yoast_head":"<!-- This site is optimized with the Yoast SEO plugin v27.1.1 - https:\/\/yoast.com\/product\/yoast-seo-wordpress\/ -->\n<title>Deutschsprachige Stadt- &amp; Museumsf\u00fchrungen in Paris<\/title>\n<meta name=\"description\" content=\"Wir m\u00f6chten dir helfen die richtige Stadtf\u00fchrung oder Museumsf\u00fchrung f\u00fcr deinen Paris-Trip zu finden: Das geht ganz einfach mit unserem Tool!\" \/>\n<meta name=\"robots\" content=\"index, follow, max-snippet:-1, max-image-preview:large, max-video-preview:-1\" \/>\n<link rel=\"canonical\" href=\"https:\/\/www.museos.com\/de\/paris\/fuehrungen-paris\/\" \/>\n<meta property=\"og:locale\" content=\"de_DE\" \/>\n<meta property=\"og:type\" content=\"article\" \/>\n<meta property=\"og:title\" content=\"Deutschsprachige Stadt- &amp; Museumsf\u00fchrungen in Paris\" \/>\n<meta property=\"og:description\" content=\"Wir m\u00f6chten dir helfen die richtige Stadtf\u00fchrung oder Museumsf\u00fchrung f\u00fcr deinen Paris-Trip zu finden: Das geht ganz einfach mit unserem Tool!\" \/>\n<meta property=\"og:url\" content=\"https:\/\/www.museos.com\/de\/paris\/fuehrungen-paris\/\" \/>\n<meta property=\"og:site_name\" content=\"museos\" \/>\n<meta property=\"article:modified_time\" content=\"2023-10-03T14:41:57+00:00\" \/>\n<meta property=\"og:image\" content=\"https:\/\/www.museos.com\/wp-content\/uploads\/2021\/02\/Musee-orsay12-scaled.jpg\" \/>\n\t<meta property=\"og:image:width\" content=\"1384\" \/>\n\t<meta property=\"og:image:height\" content=\"1200\" \/>\n\t<meta property=\"og:image:type\" content=\"image\/jpeg\" \/>\n<meta name=\"twitter:card\" content=\"summary_large_image\" \/>\n<script type=\"application\/ld+json\" class=\"yoast-schema-graph\">{\"@context\":\"https:\/\/schema.org\",\"@graph\":[{\"@type\":\"WebPage\",\"@id\":\"https:\/\/www.museos.com\/de\/paris\/fuehrungen-paris\/\",\"url\":\"https:\/\/www.museos.com\/de\/paris\/fuehrungen-paris\/\",\"name\":\"Deutschsprachige Stadt- & Museumsf\u00fchrungen in Paris\",\"isPartOf\":{\"@id\":\"https:\/\/www.museos.com\/de\/#website\"},\"primaryImageOfPage\":{\"@id\":\"https:\/\/www.museos.com\/de\/paris\/fuehrungen-paris\/#primaryimage\"},\"image\":{\"@id\":\"https:\/\/www.museos.com\/de\/paris\/fuehrungen-paris\/#primaryimage\"},\"thumbnailUrl\":\"https:\/\/www.museos.com\/wp-content\/uploads\/2021\/02\/Musee-orsay12-scaled.jpg\",\"datePublished\":\"2020-12-28T22:40:13+00:00\",\"dateModified\":\"2023-10-03T14:41:57+00:00\",\"description\":\"Wir m\u00f6chten dir helfen die richtige Stadtf\u00fchrung oder Museumsf\u00fchrung f\u00fcr deinen Paris-Trip zu finden: Das geht ganz einfach mit unserem Tool!\",\"breadcrumb\":{\"@id\":\"https:\/\/www.museos.com\/de\/paris\/fuehrungen-paris\/#breadcrumb\"},\"inLanguage\":\"de\",\"potentialAction\":[{\"@type\":\"ReadAction\",\"target\":[\"https:\/\/www.museos.com\/de\/paris\/fuehrungen-paris\/\"]}]},{\"@type\":\"ImageObject\",\"inLanguage\":\"de\",\"@id\":\"https:\/\/www.museos.com\/de\/paris\/fuehrungen-paris\/#primaryimage\",\"url\":\"https:\/\/www.museos.com\/wp-content\/uploads\/2021\/02\/Musee-orsay12-scaled.jpg\",\"contentUrl\":\"https:\/\/www.museos.com\/wp-content\/uploads\/2021\/02\/Musee-orsay12-scaled.jpg\",\"width\":1384,\"height\":1200,\"caption\":\"Pierre-Auguste Renoir: Ball am Moulin de la Galette, 1876, Mus\u00e9e d'Orsay, Paris\"},{\"@type\":\"BreadcrumbList\",\"@id\":\"https:\/\/www.museos.com\/de\/paris\/fuehrungen-paris\/#breadcrumb\",\"itemListElement\":[{\"@type\":\"ListItem\",\"position\":1,\"name\":\"Home\",\"item\":\"https:\/\/www.museos.com\/de\/\"},{\"@type\":\"ListItem\",\"position\":2,\"name\":\"Paris\",\"item\":\"https:\/\/www.museos.com\/de\/paris\/\"},{\"@type\":\"ListItem\",\"position\":3,\"name\":\"F\u00fchrungen in Paris\"}]},{\"@type\":\"WebSite\",\"@id\":\"https:\/\/www.museos.com\/de\/#website\",\"url\":\"https:\/\/www.museos.com\/de\/\",\"name\":\"museos\",\"description\":\"Just another WordPress site\",\"publisher\":{\"@id\":\"https:\/\/www.museos.com\/de\/#organization\"},\"potentialAction\":[{\"@type\":\"SearchAction\",\"target\":{\"@type\":\"EntryPoint\",\"urlTemplate\":\"https:\/\/www.museos.com\/de\/?s={search_term_string}\"},\"query-input\":{\"@type\":\"PropertyValueSpecification\",\"valueRequired\":true,\"valueName\":\"search_term_string\"}}],\"inLanguage\":\"de\"},{\"@type\":\"Organization\",\"@id\":\"https:\/\/www.museos.com\/de\/#organization\",\"name\":\"Museos\",\"url\":\"https:\/\/www.museos.com\/de\/\",\"logo\":{\"@type\":\"ImageObject\",\"inLanguage\":\"de\",\"@id\":\"https:\/\/www.museos.com\/de\/#\/schema\/logo\/image\/\",\"url\":\"https:\/\/www.museos.com\/wp-content\/uploads\/2024\/10\/android-chrome-696x696-1.png\",\"contentUrl\":\"https:\/\/www.museos.com\/wp-content\/uploads\/2024\/10\/android-chrome-696x696-1.png\",\"width\":696,\"height\":696,\"caption\":\"Museos\"},\"image\":{\"@id\":\"https:\/\/www.museos.com\/de\/#\/schema\/logo\/image\/\"}}]}<\/script>\n<!-- \/ Yoast SEO plugin. -->","yoast_head_json":{"title":"Deutschsprachige Stadt- & Museumsf\u00fchrungen in Paris","description":"Wir m\u00f6chten dir helfen die richtige Stadtf\u00fchrung oder Museumsf\u00fchrung f\u00fcr deinen Paris-Trip zu finden: Das geht ganz einfach mit unserem Tool!","robots":{"index":"index","follow":"follow","max-snippet":"max-snippet:-1","max-image-preview":"max-image-preview:large","max-video-preview":"max-video-preview:-1"},"canonical":"https:\/\/www.museos.com\/de\/paris\/fuehrungen-paris\/","og_locale":"de_DE","og_type":"article","og_title":"Deutschsprachige Stadt- & Museumsf\u00fchrungen in Paris","og_description":"Wir m\u00f6chten dir helfen die richtige Stadtf\u00fchrung oder Museumsf\u00fchrung f\u00fcr deinen Paris-Trip zu finden: Das geht ganz einfach mit unserem Tool!","og_url":"https:\/\/www.museos.com\/de\/paris\/fuehrungen-paris\/","og_site_name":"museos","article_modified_time":"2023-10-03T14:41:57+00:00","og_image":[{"width":1384,"height":1200,"url":"https:\/\/www.museos.com\/wp-content\/uploads\/2021\/02\/Musee-orsay12-scaled.jpg","type":"image\/jpeg"}],"twitter_card":"summary_large_image","schema":{"@context":"https:\/\/schema.org","@graph":[{"@type":"WebPage","@id":"https:\/\/www.museos.com\/de\/paris\/fuehrungen-paris\/","url":"https:\/\/www.museos.com\/de\/paris\/fuehrungen-paris\/","name":"Deutschsprachige Stadt- & Museumsf\u00fchrungen in Paris","isPartOf":{"@id":"https:\/\/www.museos.com\/de\/#website"},"primaryImageOfPage":{"@id":"https:\/\/www.museos.com\/de\/paris\/fuehrungen-paris\/#primaryimage"},"image":{"@id":"https:\/\/www.museos.com\/de\/paris\/fuehrungen-paris\/#primaryimage"},"thumbnailUrl":"https:\/\/www.museos.com\/wp-content\/uploads\/2021\/02\/Musee-orsay12-scaled.jpg","datePublished":"2020-12-28T22:40:13+00:00","dateModified":"2023-10-03T14:41:57+00:00","description":"Wir m\u00f6chten dir helfen die richtige Stadtf\u00fchrung oder Museumsf\u00fchrung f\u00fcr deinen Paris-Trip zu finden: Das geht ganz einfach mit unserem Tool!","breadcrumb":{"@id":"https:\/\/www.museos.com\/de\/paris\/fuehrungen-paris\/#breadcrumb"},"inLanguage":"de","potentialAction":[{"@type":"ReadAction","target":["https:\/\/www.museos.com\/de\/paris\/fuehrungen-paris\/"]}]},{"@type":"ImageObject","inLanguage":"de","@id":"https:\/\/www.museos.com\/de\/paris\/fuehrungen-paris\/#primaryimage","url":"https:\/\/www.museos.com\/wp-content\/uploads\/2021\/02\/Musee-orsay12-scaled.jpg","contentUrl":"https:\/\/www.museos.com\/wp-content\/uploads\/2021\/02\/Musee-orsay12-scaled.jpg","width":1384,"height":1200,"caption":"Pierre-Auguste Renoir: Ball am Moulin de la Galette, 1876, Mus\u00e9e d'Orsay, Paris"},{"@type":"BreadcrumbList","@id":"https:\/\/www.museos.com\/de\/paris\/fuehrungen-paris\/#breadcrumb","itemListElement":[{"@type":"ListItem","position":1,"name":"Home","item":"https:\/\/www.museos.com\/de\/"},{"@type":"ListItem","position":2,"name":"Paris","item":"https:\/\/www.museos.com\/de\/paris\/"},{"@type":"ListItem","position":3,"name":"F\u00fchrungen in Paris"}]},{"@type":"WebSite","@id":"https:\/\/www.museos.com\/de\/#website","url":"https:\/\/www.museos.com\/de\/","name":"museos","description":"Just another WordPress site","publisher":{"@id":"https:\/\/www.museos.com\/de\/#organization"},"potentialAction":[{"@type":"SearchAction","target":{"@type":"EntryPoint","urlTemplate":"https:\/\/www.museos.com\/de\/?s={search_term_string}"},"query-input":{"@type":"PropertyValueSpecification","valueRequired":true,"valueName":"search_term_string"}}],"inLanguage":"de"},{"@type":"Organization","@id":"https:\/\/www.museos.com\/de\/#organization","name":"Museos","url":"https:\/\/www.museos.com\/de\/","logo":{"@type":"ImageObject","inLanguage":"de","@id":"https:\/\/www.museos.com\/de\/#\/schema\/logo\/image\/","url":"https:\/\/www.museos.com\/wp-content\/uploads\/2024\/10\/android-chrome-696x696-1.png","contentUrl":"https:\/\/www.museos.com\/wp-content\/uploads\/2024\/10\/android-chrome-696x696-1.png","width":696,"height":696,"caption":"Museos"},"image":{"@id":"https:\/\/www.museos.com\/de\/#\/schema\/logo\/image\/"}}]}},"_links":{"self":[{"href":"https:\/\/www.museos.com\/de\/wp-json\/wp\/v2\/pages\/2568","targetHints":{"allow":["GET"]}}],"collection":[{"href":"https:\/\/www.museos.com\/de\/wp-json\/wp\/v2\/pages"}],"about":[{"href":"https:\/\/www.museos.com\/de\/wp-json\/wp\/v2\/types\/page"}],"author":[{"embeddable":true,"href":"https:\/\/www.museos.com\/de\/wp-json\/wp\/v2\/users\/2"}],"replies":[{"embeddable":true,"href":"https:\/\/www.museos.com\/de\/wp-json\/wp\/v2\/comments?post=2568"}],"version-history":[{"count":0,"href":"https:\/\/www.museos.com\/de\/wp-json\/wp\/v2\/pages\/2568\/revisions"}],"up":[{"embeddable":true,"href":"https:\/\/www.museos.com\/de\/wp-json\/wp\/v2\/pages\/2559"}],"wp:featuredmedia":[{"embeddable":true,"href":"https:\/\/www.museos.com\/de\/wp-json\/wp\/v2\/media\/16323"}],"wp:attachment":[{"href":"https:\/\/www.museos.com\/de\/wp-json\/wp\/v2\/media?parent=2568"}],"curies":[{"name":"wp","href":"https:\/\/api.w.org\/{rel}","templated":true}]}}