{"id":30017,"date":"2021-04-06T09:42:57","date_gmt":"2021-04-06T09:42:57","guid":{"rendered":"https:\/\/www.museos.com\/?page_id=30017"},"modified":"2025-07-26T10:07:15","modified_gmt":"2025-07-26T10:07:15","slug":"paris-fuer-familien","status":"publish","type":"page","link":"https:\/\/www.museos.com\/de\/paris\/paris-fuer-familien\/","title":{"rendered":"Paris f\u00fcr Familien"},"content":{"rendered":"","protected":false},"excerpt":{"rendered":"","protected":false},"author":3,"featured_media":12207,"parent":2559,"menu_order":0,"comment_status":"open","ping_status":"closed","template":"top-ten.php","meta":{"_acf_changed":false,"footnotes":""},"class_list":["post-30017","page","type-page","status-publish","has-post-thumbnail","hentry"],"acf":[],"yoast_head":"<!-- This site is optimized with the Yoast SEO plugin v27.1.1 - https:\/\/yoast.com\/product\/yoast-seo-wordpress\/ -->\n<title>Mit der Familie in Paris: unsere Sehensw\u00fcrdigkeiten f\u00fcr Kinder<\/title>\n<meta name=\"description\" content=\"Du bist mit der Familie in Paris? Und du m\u00f6chtest den Kindern auch etwas Interessantes bieten? Dann findest du hier unsere Ideen!\" \/>\n<meta name=\"robots\" content=\"index, follow, max-snippet:-1, max-image-preview:large, max-video-preview:-1\" \/>\n<link rel=\"canonical\" href=\"https:\/\/www.museos.com\/de\/paris\/paris-fuer-familien\/\" \/>\n<meta property=\"og:locale\" content=\"de_DE\" \/>\n<meta property=\"og:type\" content=\"article\" \/>\n<meta property=\"og:title\" content=\"Mit der Familie in Paris: unsere Sehensw\u00fcrdigkeiten f\u00fcr Kinder\" \/>\n<meta property=\"og:description\" content=\"Du bist mit der Familie in Paris? Und du m\u00f6chtest den Kindern auch etwas Interessantes bieten? Dann findest du hier unsere Ideen!\" \/>\n<meta property=\"og:url\" content=\"https:\/\/www.museos.com\/de\/paris\/paris-fuer-familien\/\" \/>\n<meta property=\"og:site_name\" content=\"museos\" \/>\n<meta property=\"article:modified_time\" content=\"2025-07-26T10:07:15+00:00\" \/>\n<meta property=\"og:image\" content=\"https:\/\/www.museos.com\/wp-content\/uploads\/2021\/01\/Aquarium-Paris3-scaled.jpg\" \/>\n\t<meta property=\"og:image:width\" content=\"710\" \/>\n\t<meta property=\"og:image:height\" content=\"1200\" \/>\n\t<meta property=\"og:image:type\" content=\"image\/jpeg\" \/>\n<meta name=\"twitter:card\" content=\"summary_large_image\" \/>\n<meta name=\"twitter:label1\" content=\"Gesch\u00e4tzte Lesezeit\" \/>\n\t<meta name=\"twitter:data1\" content=\"1\u00a0Minute\" \/>\n<script type=\"application\/ld+json\" class=\"yoast-schema-graph\">{\"@context\":\"https:\/\/schema.org\",\"@graph\":[{\"@type\":\"WebPage\",\"@id\":\"https:\/\/www.museos.com\/de\/paris\/paris-fuer-familien\/\",\"url\":\"https:\/\/www.museos.com\/de\/paris\/paris-fuer-familien\/\",\"name\":\"Mit der Familie in Paris: unsere Sehensw\u00fcrdigkeiten f\u00fcr Kinder\",\"isPartOf\":{\"@id\":\"https:\/\/www.museos.com\/de\/#website\"},\"primaryImageOfPage\":{\"@id\":\"https:\/\/www.museos.com\/de\/paris\/paris-fuer-familien\/#primaryimage\"},\"image\":{\"@id\":\"https:\/\/www.museos.com\/de\/paris\/paris-fuer-familien\/#primaryimage\"},\"thumbnailUrl\":\"https:\/\/www.museos.com\/wp-content\/uploads\/2021\/01\/Aquarium-Paris3-scaled.jpg\",\"datePublished\":\"2021-04-06T09:42:57+00:00\",\"dateModified\":\"2025-07-26T10:07:15+00:00\",\"description\":\"Du bist mit der Familie in Paris? Und du m\u00f6chtest den Kindern auch etwas Interessantes bieten? Dann findest du hier unsere Ideen!\",\"breadcrumb\":{\"@id\":\"https:\/\/www.museos.com\/de\/paris\/paris-fuer-familien\/#breadcrumb\"},\"inLanguage\":\"de\",\"potentialAction\":[{\"@type\":\"ReadAction\",\"target\":[\"https:\/\/www.museos.com\/de\/paris\/paris-fuer-familien\/\"]}]},{\"@type\":\"ImageObject\",\"inLanguage\":\"de\",\"@id\":\"https:\/\/www.museos.com\/de\/paris\/paris-fuer-familien\/#primaryimage\",\"url\":\"https:\/\/www.museos.com\/wp-content\/uploads\/2021\/01\/Aquarium-Paris3-scaled.jpg\",\"contentUrl\":\"https:\/\/www.museos.com\/wp-content\/uploads\/2021\/01\/Aquarium-Paris3-scaled.jpg\",\"width\":710,\"height\":1200,\"caption\":\"Aquarium Paris\"},{\"@type\":\"BreadcrumbList\",\"@id\":\"https:\/\/www.museos.com\/de\/paris\/paris-fuer-familien\/#breadcrumb\",\"itemListElement\":[{\"@type\":\"ListItem\",\"position\":1,\"name\":\"Home\",\"item\":\"https:\/\/www.museos.com\/de\/\"},{\"@type\":\"ListItem\",\"position\":2,\"name\":\"Paris\",\"item\":\"https:\/\/www.museos.com\/de\/paris\/\"},{\"@type\":\"ListItem\",\"position\":3,\"name\":\"Paris f\u00fcr Familien\"}]},{\"@type\":\"WebSite\",\"@id\":\"https:\/\/www.museos.com\/de\/#website\",\"url\":\"https:\/\/www.museos.com\/de\/\",\"name\":\"museos\",\"description\":\"Just another WordPress site\",\"publisher\":{\"@id\":\"https:\/\/www.museos.com\/de\/#organization\"},\"potentialAction\":[{\"@type\":\"SearchAction\",\"target\":{\"@type\":\"EntryPoint\",\"urlTemplate\":\"https:\/\/www.museos.com\/de\/?s={search_term_string}\"},\"query-input\":{\"@type\":\"PropertyValueSpecification\",\"valueRequired\":true,\"valueName\":\"search_term_string\"}}],\"inLanguage\":\"de\"},{\"@type\":\"Organization\",\"@id\":\"https:\/\/www.museos.com\/de\/#organization\",\"name\":\"Museos\",\"url\":\"https:\/\/www.museos.com\/de\/\",\"logo\":{\"@type\":\"ImageObject\",\"inLanguage\":\"de\",\"@id\":\"https:\/\/www.museos.com\/de\/#\/schema\/logo\/image\/\",\"url\":\"https:\/\/www.museos.com\/wp-content\/uploads\/2024\/10\/android-chrome-696x696-1.png\",\"contentUrl\":\"https:\/\/www.museos.com\/wp-content\/uploads\/2024\/10\/android-chrome-696x696-1.png\",\"width\":696,\"height\":696,\"caption\":\"Museos\"},\"image\":{\"@id\":\"https:\/\/www.museos.com\/de\/#\/schema\/logo\/image\/\"}}]}<\/script>\n<!-- \/ Yoast SEO plugin. -->","yoast_head_json":{"title":"Mit der Familie in Paris: unsere Sehensw\u00fcrdigkeiten f\u00fcr Kinder","description":"Du bist mit der Familie in Paris? Und du m\u00f6chtest den Kindern auch etwas Interessantes bieten? Dann findest du hier unsere Ideen!","robots":{"index":"index","follow":"follow","max-snippet":"max-snippet:-1","max-image-preview":"max-image-preview:large","max-video-preview":"max-video-preview:-1"},"canonical":"https:\/\/www.museos.com\/de\/paris\/paris-fuer-familien\/","og_locale":"de_DE","og_type":"article","og_title":"Mit der Familie in Paris: unsere Sehensw\u00fcrdigkeiten f\u00fcr Kinder","og_description":"Du bist mit der Familie in Paris? Und du m\u00f6chtest den Kindern auch etwas Interessantes bieten? Dann findest du hier unsere Ideen!","og_url":"https:\/\/www.museos.com\/de\/paris\/paris-fuer-familien\/","og_site_name":"museos","article_modified_time":"2025-07-26T10:07:15+00:00","og_image":[{"width":710,"height":1200,"url":"https:\/\/www.museos.com\/wp-content\/uploads\/2021\/01\/Aquarium-Paris3-scaled.jpg","type":"image\/jpeg"}],"twitter_card":"summary_large_image","twitter_misc":{"Gesch\u00e4tzte Lesezeit":"1\u00a0Minute"},"schema":{"@context":"https:\/\/schema.org","@graph":[{"@type":"WebPage","@id":"https:\/\/www.museos.com\/de\/paris\/paris-fuer-familien\/","url":"https:\/\/www.museos.com\/de\/paris\/paris-fuer-familien\/","name":"Mit der Familie in Paris: unsere Sehensw\u00fcrdigkeiten f\u00fcr Kinder","isPartOf":{"@id":"https:\/\/www.museos.com\/de\/#website"},"primaryImageOfPage":{"@id":"https:\/\/www.museos.com\/de\/paris\/paris-fuer-familien\/#primaryimage"},"image":{"@id":"https:\/\/www.museos.com\/de\/paris\/paris-fuer-familien\/#primaryimage"},"thumbnailUrl":"https:\/\/www.museos.com\/wp-content\/uploads\/2021\/01\/Aquarium-Paris3-scaled.jpg","datePublished":"2021-04-06T09:42:57+00:00","dateModified":"2025-07-26T10:07:15+00:00","description":"Du bist mit der Familie in Paris? Und du m\u00f6chtest den Kindern auch etwas Interessantes bieten? Dann findest du hier unsere Ideen!","breadcrumb":{"@id":"https:\/\/www.museos.com\/de\/paris\/paris-fuer-familien\/#breadcrumb"},"inLanguage":"de","potentialAction":[{"@type":"ReadAction","target":["https:\/\/www.museos.com\/de\/paris\/paris-fuer-familien\/"]}]},{"@type":"ImageObject","inLanguage":"de","@id":"https:\/\/www.museos.com\/de\/paris\/paris-fuer-familien\/#primaryimage","url":"https:\/\/www.museos.com\/wp-content\/uploads\/2021\/01\/Aquarium-Paris3-scaled.jpg","contentUrl":"https:\/\/www.museos.com\/wp-content\/uploads\/2021\/01\/Aquarium-Paris3-scaled.jpg","width":710,"height":1200,"caption":"Aquarium Paris"},{"@type":"BreadcrumbList","@id":"https:\/\/www.museos.com\/de\/paris\/paris-fuer-familien\/#breadcrumb","itemListElement":[{"@type":"ListItem","position":1,"name":"Home","item":"https:\/\/www.museos.com\/de\/"},{"@type":"ListItem","position":2,"name":"Paris","item":"https:\/\/www.museos.com\/de\/paris\/"},{"@type":"ListItem","position":3,"name":"Paris f\u00fcr Familien"}]},{"@type":"WebSite","@id":"https:\/\/www.museos.com\/de\/#website","url":"https:\/\/www.museos.com\/de\/","name":"museos","description":"Just another WordPress site","publisher":{"@id":"https:\/\/www.museos.com\/de\/#organization"},"potentialAction":[{"@type":"SearchAction","target":{"@type":"EntryPoint","urlTemplate":"https:\/\/www.museos.com\/de\/?s={search_term_string}"},"query-input":{"@type":"PropertyValueSpecification","valueRequired":true,"valueName":"search_term_string"}}],"inLanguage":"de"},{"@type":"Organization","@id":"https:\/\/www.museos.com\/de\/#organization","name":"Museos","url":"https:\/\/www.museos.com\/de\/","logo":{"@type":"ImageObject","inLanguage":"de","@id":"https:\/\/www.museos.com\/de\/#\/schema\/logo\/image\/","url":"https:\/\/www.museos.com\/wp-content\/uploads\/2024\/10\/android-chrome-696x696-1.png","contentUrl":"https:\/\/www.museos.com\/wp-content\/uploads\/2024\/10\/android-chrome-696x696-1.png","width":696,"height":696,"caption":"Museos"},"image":{"@id":"https:\/\/www.museos.com\/de\/#\/schema\/logo\/image\/"}}]}},"_links":{"self":[{"href":"https:\/\/www.museos.com\/de\/wp-json\/wp\/v2\/pages\/30017","targetHints":{"allow":["GET"]}}],"collection":[{"href":"https:\/\/www.museos.com\/de\/wp-json\/wp\/v2\/pages"}],"about":[{"href":"https:\/\/www.museos.com\/de\/wp-json\/wp\/v2\/types\/page"}],"author":[{"embeddable":true,"href":"https:\/\/www.museos.com\/de\/wp-json\/wp\/v2\/users\/3"}],"replies":[{"embeddable":true,"href":"https:\/\/www.museos.com\/de\/wp-json\/wp\/v2\/comments?post=30017"}],"version-history":[{"count":6,"href":"https:\/\/www.museos.com\/de\/wp-json\/wp\/v2\/pages\/30017\/revisions"}],"predecessor-version":[{"id":138721,"href":"https:\/\/www.museos.com\/de\/wp-json\/wp\/v2\/pages\/30017\/revisions\/138721"}],"up":[{"embeddable":true,"href":"https:\/\/www.museos.com\/de\/wp-json\/wp\/v2\/pages\/2559"}],"wp:featuredmedia":[{"embeddable":true,"href":"https:\/\/www.museos.com\/de\/wp-json\/wp\/v2\/media\/12207"}],"wp:attachment":[{"href":"https:\/\/www.museos.com\/de\/wp-json\/wp\/v2\/media?parent=30017"}],"curies":[{"name":"wp","href":"https:\/\/api.w.org\/{rel}","templated":true}]}}