{"id":34249,"date":"2021-03-22T17:21:02","date_gmt":"2021-03-22T17:21:02","guid":{"rendered":"https:\/\/www.museos.com\/?page_id=34249"},"modified":"2026-02-17T14:44:58","modified_gmt":"2026-02-17T14:44:58","slug":"quartiere-coppede","status":"publish","type":"page","link":"https:\/\/www.museos.com\/de\/rom\/quartiere-coppede\/","title":{"rendered":"Quartiere Copped\u00e8"},"content":{"rendered":"","protected":false},"excerpt":{"rendered":"","protected":false},"author":6,"featured_media":17845,"parent":2571,"menu_order":0,"comment_status":"open","ping_status":"closed","template":"location.php","meta":{"_acf_changed":false,"footnotes":""},"class_list":["post-34249","page","type-page","status-publish","has-post-thumbnail","hentry"],"acf":[],"yoast_head":"<!-- This site is optimized with the Yoast SEO plugin v27.1.1 - https:\/\/yoast.com\/product\/yoast-seo-wordpress\/ -->\n<title>Tipp: das Quartiere Copped\u00e8 in Rom. Sch\u00f6nster Jugendstil.<\/title>\n<meta name=\"description\" content=\"Das Quartiere Copped\u00e8 in Rom ist wie eine andere (M\u00e4rchen-) Welt. Denn das erwartet man in Rom nicht: eine Jugendstilvilla neben der anderen.\" \/>\n<meta name=\"robots\" content=\"index, follow, max-snippet:-1, max-image-preview:large, max-video-preview:-1\" \/>\n<link rel=\"canonical\" href=\"https:\/\/www.museos.com\/de\/rom\/quartiere-coppede\/\" \/>\n<meta property=\"og:locale\" content=\"de_DE\" \/>\n<meta property=\"og:type\" content=\"article\" \/>\n<meta property=\"og:title\" content=\"Tipp: das Quartiere Copped\u00e8 in Rom. Sch\u00f6nster Jugendstil.\" \/>\n<meta property=\"og:description\" content=\"Das Quartiere Copped\u00e8 in Rom ist wie eine andere (M\u00e4rchen-) Welt. Denn das erwartet man in Rom nicht: eine Jugendstilvilla neben der anderen.\" \/>\n<meta property=\"og:url\" content=\"https:\/\/www.museos.com\/de\/rom\/quartiere-coppede\/\" \/>\n<meta property=\"og:site_name\" content=\"museos\" \/>\n<meta property=\"article:modified_time\" content=\"2026-02-17T14:44:58+00:00\" \/>\n<meta property=\"og:image\" content=\"https:\/\/www.museos.com\/wp-content\/uploads\/2021\/02\/Quartiere-coppede-rom1-scaled.jpg\" \/>\n\t<meta property=\"og:image:width\" content=\"1600\" \/>\n\t<meta property=\"og:image:height\" content=\"1200\" \/>\n\t<meta property=\"og:image:type\" content=\"image\/jpeg\" \/>\n<meta name=\"twitter:card\" content=\"summary_large_image\" \/>\n<meta name=\"twitter:label1\" content=\"Gesch\u00e4tzte Lesezeit\" \/>\n\t<meta name=\"twitter:data1\" content=\"1\u00a0Minute\" \/>\n<script type=\"application\/ld+json\" class=\"yoast-schema-graph\">{\"@context\":\"https:\/\/schema.org\",\"@graph\":[{\"@type\":\"WebPage\",\"@id\":\"https:\/\/www.museos.com\/de\/rom\/quartiere-coppede\/\",\"url\":\"https:\/\/www.museos.com\/de\/rom\/quartiere-coppede\/\",\"name\":\"Tipp: das Quartiere Copped\u00e8 in Rom. Sch\u00f6nster Jugendstil.\",\"isPartOf\":{\"@id\":\"https:\/\/www.museos.com\/de\/#website\"},\"primaryImageOfPage\":{\"@id\":\"https:\/\/www.museos.com\/de\/rom\/quartiere-coppede\/#primaryimage\"},\"image\":{\"@id\":\"https:\/\/www.museos.com\/de\/rom\/quartiere-coppede\/#primaryimage\"},\"thumbnailUrl\":\"https:\/\/www.museos.com\/wp-content\/uploads\/2021\/02\/Quartiere-coppede-rom1-scaled.jpg\",\"datePublished\":\"2021-03-22T17:21:02+00:00\",\"dateModified\":\"2026-02-17T14:44:58+00:00\",\"description\":\"Das Quartiere Copped\u00e8 in Rom ist wie eine andere (M\u00e4rchen-) Welt. Denn das erwartet man in Rom nicht: eine Jugendstilvilla neben der anderen.\",\"breadcrumb\":{\"@id\":\"https:\/\/www.museos.com\/de\/rom\/quartiere-coppede\/#breadcrumb\"},\"inLanguage\":\"de\",\"potentialAction\":[{\"@type\":\"ReadAction\",\"target\":[\"https:\/\/www.museos.com\/de\/rom\/quartiere-coppede\/\"]}]},{\"@type\":\"ImageObject\",\"inLanguage\":\"de\",\"@id\":\"https:\/\/www.museos.com\/de\/rom\/quartiere-coppede\/#primaryimage\",\"url\":\"https:\/\/www.museos.com\/wp-content\/uploads\/2021\/02\/Quartiere-coppede-rom1-scaled.jpg\",\"contentUrl\":\"https:\/\/www.museos.com\/wp-content\/uploads\/2021\/02\/Quartiere-coppede-rom1-scaled.jpg\",\"width\":1600,\"height\":1200,\"caption\":\"Quartiere Copped\u00e8, Rom\"},{\"@type\":\"BreadcrumbList\",\"@id\":\"https:\/\/www.museos.com\/de\/rom\/quartiere-coppede\/#breadcrumb\",\"itemListElement\":[{\"@type\":\"ListItem\",\"position\":1,\"name\":\"Home\",\"item\":\"https:\/\/www.museos.com\/de\/\"},{\"@type\":\"ListItem\",\"position\":2,\"name\":\"Rom\",\"item\":\"https:\/\/www.museos.com\/de\/rom\/\"},{\"@type\":\"ListItem\",\"position\":3,\"name\":\"Quartiere Copped\u00e8\"}]},{\"@type\":\"WebSite\",\"@id\":\"https:\/\/www.museos.com\/de\/#website\",\"url\":\"https:\/\/www.museos.com\/de\/\",\"name\":\"museos\",\"description\":\"Just another WordPress site\",\"publisher\":{\"@id\":\"https:\/\/www.museos.com\/de\/#organization\"},\"potentialAction\":[{\"@type\":\"SearchAction\",\"target\":{\"@type\":\"EntryPoint\",\"urlTemplate\":\"https:\/\/www.museos.com\/de\/?s={search_term_string}\"},\"query-input\":{\"@type\":\"PropertyValueSpecification\",\"valueRequired\":true,\"valueName\":\"search_term_string\"}}],\"inLanguage\":\"de\"},{\"@type\":\"Organization\",\"@id\":\"https:\/\/www.museos.com\/de\/#organization\",\"name\":\"Museos\",\"url\":\"https:\/\/www.museos.com\/de\/\",\"logo\":{\"@type\":\"ImageObject\",\"inLanguage\":\"de\",\"@id\":\"https:\/\/www.museos.com\/de\/#\/schema\/logo\/image\/\",\"url\":\"https:\/\/www.museos.com\/wp-content\/uploads\/2024\/10\/android-chrome-696x696-1.png\",\"contentUrl\":\"https:\/\/www.museos.com\/wp-content\/uploads\/2024\/10\/android-chrome-696x696-1.png\",\"width\":696,\"height\":696,\"caption\":\"Museos\"},\"image\":{\"@id\":\"https:\/\/www.museos.com\/de\/#\/schema\/logo\/image\/\"}}]}<\/script>\n<!-- \/ Yoast SEO plugin. -->","yoast_head_json":{"title":"Tipp: das Quartiere Copped\u00e8 in Rom. Sch\u00f6nster Jugendstil.","description":"Das Quartiere Copped\u00e8 in Rom ist wie eine andere (M\u00e4rchen-) Welt. Denn das erwartet man in Rom nicht: eine Jugendstilvilla neben der anderen.","robots":{"index":"index","follow":"follow","max-snippet":"max-snippet:-1","max-image-preview":"max-image-preview:large","max-video-preview":"max-video-preview:-1"},"canonical":"https:\/\/www.museos.com\/de\/rom\/quartiere-coppede\/","og_locale":"de_DE","og_type":"article","og_title":"Tipp: das Quartiere Copped\u00e8 in Rom. Sch\u00f6nster Jugendstil.","og_description":"Das Quartiere Copped\u00e8 in Rom ist wie eine andere (M\u00e4rchen-) Welt. Denn das erwartet man in Rom nicht: eine Jugendstilvilla neben der anderen.","og_url":"https:\/\/www.museos.com\/de\/rom\/quartiere-coppede\/","og_site_name":"museos","article_modified_time":"2026-02-17T14:44:58+00:00","og_image":[{"width":1600,"height":1200,"url":"https:\/\/www.museos.com\/wp-content\/uploads\/2021\/02\/Quartiere-coppede-rom1-scaled.jpg","type":"image\/jpeg"}],"twitter_card":"summary_large_image","twitter_misc":{"Gesch\u00e4tzte Lesezeit":"1\u00a0Minute"},"schema":{"@context":"https:\/\/schema.org","@graph":[{"@type":"WebPage","@id":"https:\/\/www.museos.com\/de\/rom\/quartiere-coppede\/","url":"https:\/\/www.museos.com\/de\/rom\/quartiere-coppede\/","name":"Tipp: das Quartiere Copped\u00e8 in Rom. Sch\u00f6nster Jugendstil.","isPartOf":{"@id":"https:\/\/www.museos.com\/de\/#website"},"primaryImageOfPage":{"@id":"https:\/\/www.museos.com\/de\/rom\/quartiere-coppede\/#primaryimage"},"image":{"@id":"https:\/\/www.museos.com\/de\/rom\/quartiere-coppede\/#primaryimage"},"thumbnailUrl":"https:\/\/www.museos.com\/wp-content\/uploads\/2021\/02\/Quartiere-coppede-rom1-scaled.jpg","datePublished":"2021-03-22T17:21:02+00:00","dateModified":"2026-02-17T14:44:58+00:00","description":"Das Quartiere Copped\u00e8 in Rom ist wie eine andere (M\u00e4rchen-) Welt. Denn das erwartet man in Rom nicht: eine Jugendstilvilla neben der anderen.","breadcrumb":{"@id":"https:\/\/www.museos.com\/de\/rom\/quartiere-coppede\/#breadcrumb"},"inLanguage":"de","potentialAction":[{"@type":"ReadAction","target":["https:\/\/www.museos.com\/de\/rom\/quartiere-coppede\/"]}]},{"@type":"ImageObject","inLanguage":"de","@id":"https:\/\/www.museos.com\/de\/rom\/quartiere-coppede\/#primaryimage","url":"https:\/\/www.museos.com\/wp-content\/uploads\/2021\/02\/Quartiere-coppede-rom1-scaled.jpg","contentUrl":"https:\/\/www.museos.com\/wp-content\/uploads\/2021\/02\/Quartiere-coppede-rom1-scaled.jpg","width":1600,"height":1200,"caption":"Quartiere Copped\u00e8, Rom"},{"@type":"BreadcrumbList","@id":"https:\/\/www.museos.com\/de\/rom\/quartiere-coppede\/#breadcrumb","itemListElement":[{"@type":"ListItem","position":1,"name":"Home","item":"https:\/\/www.museos.com\/de\/"},{"@type":"ListItem","position":2,"name":"Rom","item":"https:\/\/www.museos.com\/de\/rom\/"},{"@type":"ListItem","position":3,"name":"Quartiere Copped\u00e8"}]},{"@type":"WebSite","@id":"https:\/\/www.museos.com\/de\/#website","url":"https:\/\/www.museos.com\/de\/","name":"museos","description":"Just another WordPress site","publisher":{"@id":"https:\/\/www.museos.com\/de\/#organization"},"potentialAction":[{"@type":"SearchAction","target":{"@type":"EntryPoint","urlTemplate":"https:\/\/www.museos.com\/de\/?s={search_term_string}"},"query-input":{"@type":"PropertyValueSpecification","valueRequired":true,"valueName":"search_term_string"}}],"inLanguage":"de"},{"@type":"Organization","@id":"https:\/\/www.museos.com\/de\/#organization","name":"Museos","url":"https:\/\/www.museos.com\/de\/","logo":{"@type":"ImageObject","inLanguage":"de","@id":"https:\/\/www.museos.com\/de\/#\/schema\/logo\/image\/","url":"https:\/\/www.museos.com\/wp-content\/uploads\/2024\/10\/android-chrome-696x696-1.png","contentUrl":"https:\/\/www.museos.com\/wp-content\/uploads\/2024\/10\/android-chrome-696x696-1.png","width":696,"height":696,"caption":"Museos"},"image":{"@id":"https:\/\/www.museos.com\/de\/#\/schema\/logo\/image\/"}}]}},"_links":{"self":[{"href":"https:\/\/www.museos.com\/de\/wp-json\/wp\/v2\/pages\/34249","targetHints":{"allow":["GET"]}}],"collection":[{"href":"https:\/\/www.museos.com\/de\/wp-json\/wp\/v2\/pages"}],"about":[{"href":"https:\/\/www.museos.com\/de\/wp-json\/wp\/v2\/types\/page"}],"author":[{"embeddable":true,"href":"https:\/\/www.museos.com\/de\/wp-json\/wp\/v2\/users\/6"}],"replies":[{"embeddable":true,"href":"https:\/\/www.museos.com\/de\/wp-json\/wp\/v2\/comments?post=34249"}],"version-history":[{"count":1,"href":"https:\/\/www.museos.com\/de\/wp-json\/wp\/v2\/pages\/34249\/revisions"}],"predecessor-version":[{"id":146757,"href":"https:\/\/www.museos.com\/de\/wp-json\/wp\/v2\/pages\/34249\/revisions\/146757"}],"up":[{"embeddable":true,"href":"https:\/\/www.museos.com\/de\/wp-json\/wp\/v2\/pages\/2571"}],"wp:featuredmedia":[{"embeddable":true,"href":"https:\/\/www.museos.com\/de\/wp-json\/wp\/v2\/media\/17845"}],"wp:attachment":[{"href":"https:\/\/www.museos.com\/de\/wp-json\/wp\/v2\/media?parent=34249"}],"curies":[{"name":"wp","href":"https:\/\/api.w.org\/{rel}","templated":true}]}}