{"id":41527,"date":"2021-04-23T14:01:03","date_gmt":"2021-04-23T14:01:03","guid":{"rendered":"https:\/\/www.museos.com\/?page_id=41527"},"modified":"2026-02-19T09:09:59","modified_gmt":"2026-02-19T09:09:59","slug":"amsterdam-umgebung","status":"publish","type":"page","link":"https:\/\/www.museos.com\/de\/amsterdam\/amsterdam-umgebung\/","title":{"rendered":"Ausfl\u00fcge Amsterdam"},"content":{"rendered":"","protected":false},"excerpt":{"rendered":"","protected":false},"author":3,"featured_media":36098,"parent":2529,"menu_order":0,"comment_status":"open","ping_status":"closed","template":"top-ten.php","meta":{"_acf_changed":false,"footnotes":""},"class_list":["post-41527","page","type-page","status-publish","has-post-thumbnail","hentry"],"acf":[],"yoast_head":"<!-- This site is optimized with the Yoast SEO plugin v27.1.1 - https:\/\/yoast.com\/product\/yoast-seo-wordpress\/ -->\n<title>Tagesausfl\u00fcge in die Umgebung von Amsterdam: Unsere Top 10<\/title>\n<meta name=\"description\" content=\"Unsere Top 10 Ausfl\u00fcge in die Umgebung Amsterdams: von kleinen D\u00f6rfern, gro\u00dfen St\u00e4dten, Windm\u00fchlen und Tulpen!\" \/>\n<meta name=\"robots\" content=\"index, follow, max-snippet:-1, max-image-preview:large, max-video-preview:-1\" \/>\n<link rel=\"canonical\" href=\"https:\/\/www.museos.com\/de\/amsterdam\/amsterdam-umgebung\/\" \/>\n<meta property=\"og:locale\" content=\"de_DE\" \/>\n<meta property=\"og:type\" content=\"article\" \/>\n<meta property=\"og:title\" content=\"Tagesausfl\u00fcge in die Umgebung von Amsterdam: Unsere Top 10\" \/>\n<meta property=\"og:description\" content=\"Unsere Top 10 Ausfl\u00fcge in die Umgebung Amsterdams: von kleinen D\u00f6rfern, gro\u00dfen St\u00e4dten, Windm\u00fchlen und Tulpen!\" \/>\n<meta property=\"og:url\" content=\"https:\/\/www.museos.com\/de\/amsterdam\/amsterdam-umgebung\/\" \/>\n<meta property=\"og:site_name\" content=\"museos\" \/>\n<meta property=\"article:modified_time\" content=\"2026-02-19T09:09:59+00:00\" \/>\n<meta property=\"og:image\" content=\"https:\/\/www.museos.com\/wp-content\/uploads\/2021\/03\/Tulpenfestival.jpg\" \/>\n\t<meta property=\"og:image:width\" content=\"1500\" \/>\n\t<meta property=\"og:image:height\" content=\"1000\" \/>\n\t<meta property=\"og:image:type\" content=\"image\/jpeg\" \/>\n<meta name=\"twitter:card\" content=\"summary_large_image\" \/>\n<meta name=\"twitter:label1\" content=\"Gesch\u00e4tzte Lesezeit\" \/>\n\t<meta name=\"twitter:data1\" content=\"1\u00a0Minute\" \/>\n<script type=\"application\/ld+json\" class=\"yoast-schema-graph\">{\"@context\":\"https:\/\/schema.org\",\"@graph\":[{\"@type\":\"WebPage\",\"@id\":\"https:\/\/www.museos.com\/de\/amsterdam\/amsterdam-umgebung\/\",\"url\":\"https:\/\/www.museos.com\/de\/amsterdam\/amsterdam-umgebung\/\",\"name\":\"Tagesausfl\u00fcge in die Umgebung von Amsterdam: Unsere Top 10\",\"isPartOf\":{\"@id\":\"https:\/\/www.museos.com\/de\/#website\"},\"primaryImageOfPage\":{\"@id\":\"https:\/\/www.museos.com\/de\/amsterdam\/amsterdam-umgebung\/#primaryimage\"},\"image\":{\"@id\":\"https:\/\/www.museos.com\/de\/amsterdam\/amsterdam-umgebung\/#primaryimage\"},\"thumbnailUrl\":\"https:\/\/www.museos.com\/wp-content\/uploads\/2021\/03\/Tulpenfestival.jpg\",\"datePublished\":\"2021-04-23T14:01:03+00:00\",\"dateModified\":\"2026-02-19T09:09:59+00:00\",\"description\":\"Unsere Top 10 Ausfl\u00fcge in die Umgebung Amsterdams: von kleinen D\u00f6rfern, gro\u00dfen St\u00e4dten, Windm\u00fchlen und Tulpen!\",\"breadcrumb\":{\"@id\":\"https:\/\/www.museos.com\/de\/amsterdam\/amsterdam-umgebung\/#breadcrumb\"},\"inLanguage\":\"de\",\"potentialAction\":[{\"@type\":\"ReadAction\",\"target\":[\"https:\/\/www.museos.com\/de\/amsterdam\/amsterdam-umgebung\/\"]}]},{\"@type\":\"ImageObject\",\"inLanguage\":\"de\",\"@id\":\"https:\/\/www.museos.com\/de\/amsterdam\/amsterdam-umgebung\/#primaryimage\",\"url\":\"https:\/\/www.museos.com\/wp-content\/uploads\/2021\/03\/Tulpenfestival.jpg\",\"contentUrl\":\"https:\/\/www.museos.com\/wp-content\/uploads\/2021\/03\/Tulpenfestival.jpg\",\"width\":1500,\"height\":1000,\"caption\":\"Tulpenfestival Amsterdam\"},{\"@type\":\"BreadcrumbList\",\"@id\":\"https:\/\/www.museos.com\/de\/amsterdam\/amsterdam-umgebung\/#breadcrumb\",\"itemListElement\":[{\"@type\":\"ListItem\",\"position\":1,\"name\":\"Home\",\"item\":\"https:\/\/www.museos.com\/de\/\"},{\"@type\":\"ListItem\",\"position\":2,\"name\":\"Amsterdam\",\"item\":\"https:\/\/www.museos.com\/de\/amsterdam\/\"},{\"@type\":\"ListItem\",\"position\":3,\"name\":\"Ausfl\u00fcge Amsterdam\"}]},{\"@type\":\"WebSite\",\"@id\":\"https:\/\/www.museos.com\/de\/#website\",\"url\":\"https:\/\/www.museos.com\/de\/\",\"name\":\"museos\",\"description\":\"Just another WordPress site\",\"publisher\":{\"@id\":\"https:\/\/www.museos.com\/de\/#organization\"},\"potentialAction\":[{\"@type\":\"SearchAction\",\"target\":{\"@type\":\"EntryPoint\",\"urlTemplate\":\"https:\/\/www.museos.com\/de\/?s={search_term_string}\"},\"query-input\":{\"@type\":\"PropertyValueSpecification\",\"valueRequired\":true,\"valueName\":\"search_term_string\"}}],\"inLanguage\":\"de\"},{\"@type\":\"Organization\",\"@id\":\"https:\/\/www.museos.com\/de\/#organization\",\"name\":\"Museos\",\"url\":\"https:\/\/www.museos.com\/de\/\",\"logo\":{\"@type\":\"ImageObject\",\"inLanguage\":\"de\",\"@id\":\"https:\/\/www.museos.com\/de\/#\/schema\/logo\/image\/\",\"url\":\"https:\/\/www.museos.com\/wp-content\/uploads\/2024\/10\/android-chrome-696x696-1.png\",\"contentUrl\":\"https:\/\/www.museos.com\/wp-content\/uploads\/2024\/10\/android-chrome-696x696-1.png\",\"width\":696,\"height\":696,\"caption\":\"Museos\"},\"image\":{\"@id\":\"https:\/\/www.museos.com\/de\/#\/schema\/logo\/image\/\"}}]}<\/script>\n<!-- \/ Yoast SEO plugin. -->","yoast_head_json":{"title":"Tagesausfl\u00fcge in die Umgebung von Amsterdam: Unsere Top 10","description":"Unsere Top 10 Ausfl\u00fcge in die Umgebung Amsterdams: von kleinen D\u00f6rfern, gro\u00dfen St\u00e4dten, Windm\u00fchlen und Tulpen!","robots":{"index":"index","follow":"follow","max-snippet":"max-snippet:-1","max-image-preview":"max-image-preview:large","max-video-preview":"max-video-preview:-1"},"canonical":"https:\/\/www.museos.com\/de\/amsterdam\/amsterdam-umgebung\/","og_locale":"de_DE","og_type":"article","og_title":"Tagesausfl\u00fcge in die Umgebung von Amsterdam: Unsere Top 10","og_description":"Unsere Top 10 Ausfl\u00fcge in die Umgebung Amsterdams: von kleinen D\u00f6rfern, gro\u00dfen St\u00e4dten, Windm\u00fchlen und Tulpen!","og_url":"https:\/\/www.museos.com\/de\/amsterdam\/amsterdam-umgebung\/","og_site_name":"museos","article_modified_time":"2026-02-19T09:09:59+00:00","og_image":[{"width":1500,"height":1000,"url":"https:\/\/www.museos.com\/wp-content\/uploads\/2021\/03\/Tulpenfestival.jpg","type":"image\/jpeg"}],"twitter_card":"summary_large_image","twitter_misc":{"Gesch\u00e4tzte Lesezeit":"1\u00a0Minute"},"schema":{"@context":"https:\/\/schema.org","@graph":[{"@type":"WebPage","@id":"https:\/\/www.museos.com\/de\/amsterdam\/amsterdam-umgebung\/","url":"https:\/\/www.museos.com\/de\/amsterdam\/amsterdam-umgebung\/","name":"Tagesausfl\u00fcge in die Umgebung von Amsterdam: Unsere Top 10","isPartOf":{"@id":"https:\/\/www.museos.com\/de\/#website"},"primaryImageOfPage":{"@id":"https:\/\/www.museos.com\/de\/amsterdam\/amsterdam-umgebung\/#primaryimage"},"image":{"@id":"https:\/\/www.museos.com\/de\/amsterdam\/amsterdam-umgebung\/#primaryimage"},"thumbnailUrl":"https:\/\/www.museos.com\/wp-content\/uploads\/2021\/03\/Tulpenfestival.jpg","datePublished":"2021-04-23T14:01:03+00:00","dateModified":"2026-02-19T09:09:59+00:00","description":"Unsere Top 10 Ausfl\u00fcge in die Umgebung Amsterdams: von kleinen D\u00f6rfern, gro\u00dfen St\u00e4dten, Windm\u00fchlen und Tulpen!","breadcrumb":{"@id":"https:\/\/www.museos.com\/de\/amsterdam\/amsterdam-umgebung\/#breadcrumb"},"inLanguage":"de","potentialAction":[{"@type":"ReadAction","target":["https:\/\/www.museos.com\/de\/amsterdam\/amsterdam-umgebung\/"]}]},{"@type":"ImageObject","inLanguage":"de","@id":"https:\/\/www.museos.com\/de\/amsterdam\/amsterdam-umgebung\/#primaryimage","url":"https:\/\/www.museos.com\/wp-content\/uploads\/2021\/03\/Tulpenfestival.jpg","contentUrl":"https:\/\/www.museos.com\/wp-content\/uploads\/2021\/03\/Tulpenfestival.jpg","width":1500,"height":1000,"caption":"Tulpenfestival Amsterdam"},{"@type":"BreadcrumbList","@id":"https:\/\/www.museos.com\/de\/amsterdam\/amsterdam-umgebung\/#breadcrumb","itemListElement":[{"@type":"ListItem","position":1,"name":"Home","item":"https:\/\/www.museos.com\/de\/"},{"@type":"ListItem","position":2,"name":"Amsterdam","item":"https:\/\/www.museos.com\/de\/amsterdam\/"},{"@type":"ListItem","position":3,"name":"Ausfl\u00fcge Amsterdam"}]},{"@type":"WebSite","@id":"https:\/\/www.museos.com\/de\/#website","url":"https:\/\/www.museos.com\/de\/","name":"museos","description":"Just another WordPress site","publisher":{"@id":"https:\/\/www.museos.com\/de\/#organization"},"potentialAction":[{"@type":"SearchAction","target":{"@type":"EntryPoint","urlTemplate":"https:\/\/www.museos.com\/de\/?s={search_term_string}"},"query-input":{"@type":"PropertyValueSpecification","valueRequired":true,"valueName":"search_term_string"}}],"inLanguage":"de"},{"@type":"Organization","@id":"https:\/\/www.museos.com\/de\/#organization","name":"Museos","url":"https:\/\/www.museos.com\/de\/","logo":{"@type":"ImageObject","inLanguage":"de","@id":"https:\/\/www.museos.com\/de\/#\/schema\/logo\/image\/","url":"https:\/\/www.museos.com\/wp-content\/uploads\/2024\/10\/android-chrome-696x696-1.png","contentUrl":"https:\/\/www.museos.com\/wp-content\/uploads\/2024\/10\/android-chrome-696x696-1.png","width":696,"height":696,"caption":"Museos"},"image":{"@id":"https:\/\/www.museos.com\/de\/#\/schema\/logo\/image\/"}}]}},"_links":{"self":[{"href":"https:\/\/www.museos.com\/de\/wp-json\/wp\/v2\/pages\/41527","targetHints":{"allow":["GET"]}}],"collection":[{"href":"https:\/\/www.museos.com\/de\/wp-json\/wp\/v2\/pages"}],"about":[{"href":"https:\/\/www.museos.com\/de\/wp-json\/wp\/v2\/types\/page"}],"author":[{"embeddable":true,"href":"https:\/\/www.museos.com\/de\/wp-json\/wp\/v2\/users\/3"}],"replies":[{"embeddable":true,"href":"https:\/\/www.museos.com\/de\/wp-json\/wp\/v2\/comments?post=41527"}],"version-history":[{"count":2,"href":"https:\/\/www.museos.com\/de\/wp-json\/wp\/v2\/pages\/41527\/revisions"}],"predecessor-version":[{"id":146843,"href":"https:\/\/www.museos.com\/de\/wp-json\/wp\/v2\/pages\/41527\/revisions\/146843"}],"up":[{"embeddable":true,"href":"https:\/\/www.museos.com\/de\/wp-json\/wp\/v2\/pages\/2529"}],"wp:featuredmedia":[{"embeddable":true,"href":"https:\/\/www.museos.com\/de\/wp-json\/wp\/v2\/media\/36098"}],"wp:attachment":[{"href":"https:\/\/www.museos.com\/de\/wp-json\/wp\/v2\/media?parent=41527"}],"curies":[{"name":"wp","href":"https:\/\/api.w.org\/{rel}","templated":true}]}}