{"id":47068,"date":"2021-06-07T10:26:29","date_gmt":"2021-06-07T10:26:29","guid":{"rendered":"https:\/\/www.museos.com\/?page_id=47068"},"modified":"2021-11-16T10:21:20","modified_gmt":"2021-11-16T10:21:20","slug":"highlights","status":"publish","type":"page","link":"https:\/\/www.museos.com\/de\/highlights\/","title":{"rendered":"Instagram \u00dcberblick"},"content":{"rendered":"","protected":false},"excerpt":{"rendered":"","protected":false},"author":3,"featured_media":46636,"parent":0,"menu_order":0,"comment_status":"closed","ping_status":"closed","template":"open-template.php","meta":{"_acf_changed":false,"footnotes":""},"class_list":["post-47068","page","type-page","status-publish","has-post-thumbnail","hentry"],"acf":[],"yoast_head":"<!-- This site is optimized with the Yoast SEO plugin v27.1.1 - https:\/\/yoast.com\/product\/yoast-seo-wordpress\/ -->\n<title>Unsere \u00dcberblickseite f\u00fcr Instagram: finde was du brauchst<\/title>\n<meta name=\"description\" content=\"Du kommst von Instagram und du willst mehr \u00fcber uns erfahren? Hier ist unsere \u00dcberblickseite! Alle St\u00e4dte + News!\" \/>\n<meta name=\"robots\" content=\"index, follow, max-snippet:-1, max-image-preview:large, max-video-preview:-1\" \/>\n<link rel=\"canonical\" href=\"https:\/\/www.museos.com\/de\/highlights\/\" \/>\n<meta property=\"og:locale\" content=\"de_DE\" \/>\n<meta property=\"og:type\" content=\"article\" \/>\n<meta property=\"og:title\" content=\"Unsere \u00dcberblickseite f\u00fcr Instagram: finde was du brauchst\" \/>\n<meta property=\"og:description\" content=\"Du kommst von Instagram und du willst mehr \u00fcber uns erfahren? Hier ist unsere \u00dcberblickseite! Alle St\u00e4dte + News!\" \/>\n<meta property=\"og:url\" content=\"https:\/\/www.museos.com\/de\/highlights\/\" \/>\n<meta property=\"og:site_name\" content=\"museos\" \/>\n<meta property=\"article:modified_time\" content=\"2021-11-16T10:21:20+00:00\" \/>\n<meta name=\"twitter:card\" content=\"summary_large_image\" \/>\n<script type=\"application\/ld+json\" class=\"yoast-schema-graph\">{\"@context\":\"https:\/\/schema.org\",\"@graph\":[{\"@type\":\"WebPage\",\"@id\":\"https:\/\/www.museos.com\/de\/highlights\/\",\"url\":\"https:\/\/www.museos.com\/de\/highlights\/\",\"name\":\"Unsere \u00dcberblickseite f\u00fcr Instagram: finde was du brauchst\",\"isPartOf\":{\"@id\":\"https:\/\/www.museos.com\/de\/#website\"},\"primaryImageOfPage\":{\"@id\":\"https:\/\/www.museos.com\/de\/highlights\/#primaryimage\"},\"image\":{\"@id\":\"https:\/\/www.museos.com\/de\/highlights\/#primaryimage\"},\"thumbnailUrl\":\"https:\/\/www.museos.com\/wp-content\/uploads\/2021\/05\/Museos-SQUARE.svg\",\"datePublished\":\"2021-06-07T10:26:29+00:00\",\"dateModified\":\"2021-11-16T10:21:20+00:00\",\"description\":\"Du kommst von Instagram und du willst mehr \u00fcber uns erfahren? Hier ist unsere \u00dcberblickseite! Alle St\u00e4dte + News!\",\"breadcrumb\":{\"@id\":\"https:\/\/www.museos.com\/de\/highlights\/#breadcrumb\"},\"inLanguage\":\"de\",\"potentialAction\":[{\"@type\":\"ReadAction\",\"target\":[\"https:\/\/www.museos.com\/de\/highlights\/\"]}]},{\"@type\":\"ImageObject\",\"inLanguage\":\"de\",\"@id\":\"https:\/\/www.museos.com\/de\/highlights\/#primaryimage\",\"url\":\"https:\/\/www.museos.com\/wp-content\/uploads\/2021\/05\/Museos-SQUARE.svg\",\"contentUrl\":\"https:\/\/www.museos.com\/wp-content\/uploads\/2021\/05\/Museos-SQUARE.svg\",\"width\":500,\"height\":500,\"caption\":\"Museos Home Square Logo\"},{\"@type\":\"BreadcrumbList\",\"@id\":\"https:\/\/www.museos.com\/de\/highlights\/#breadcrumb\",\"itemListElement\":[{\"@type\":\"ListItem\",\"position\":1,\"name\":\"Home\",\"item\":\"https:\/\/www.museos.com\/de\/\"},{\"@type\":\"ListItem\",\"position\":2,\"name\":\"Instagram \u00dcberblick\"}]},{\"@type\":\"WebSite\",\"@id\":\"https:\/\/www.museos.com\/de\/#website\",\"url\":\"https:\/\/www.museos.com\/de\/\",\"name\":\"museos\",\"description\":\"Just another WordPress site\",\"publisher\":{\"@id\":\"https:\/\/www.museos.com\/de\/#organization\"},\"potentialAction\":[{\"@type\":\"SearchAction\",\"target\":{\"@type\":\"EntryPoint\",\"urlTemplate\":\"https:\/\/www.museos.com\/de\/?s={search_term_string}\"},\"query-input\":{\"@type\":\"PropertyValueSpecification\",\"valueRequired\":true,\"valueName\":\"search_term_string\"}}],\"inLanguage\":\"de\"},{\"@type\":\"Organization\",\"@id\":\"https:\/\/www.museos.com\/de\/#organization\",\"name\":\"Museos\",\"url\":\"https:\/\/www.museos.com\/de\/\",\"logo\":{\"@type\":\"ImageObject\",\"inLanguage\":\"de\",\"@id\":\"https:\/\/www.museos.com\/de\/#\/schema\/logo\/image\/\",\"url\":\"https:\/\/www.museos.com\/wp-content\/uploads\/2024\/10\/android-chrome-696x696-1.png\",\"contentUrl\":\"https:\/\/www.museos.com\/wp-content\/uploads\/2024\/10\/android-chrome-696x696-1.png\",\"width\":696,\"height\":696,\"caption\":\"Museos\"},\"image\":{\"@id\":\"https:\/\/www.museos.com\/de\/#\/schema\/logo\/image\/\"}}]}<\/script>\n<!-- \/ Yoast SEO plugin. -->","yoast_head_json":{"title":"Unsere \u00dcberblickseite f\u00fcr Instagram: finde was du brauchst","description":"Du kommst von Instagram und du willst mehr \u00fcber uns erfahren? Hier ist unsere \u00dcberblickseite! Alle St\u00e4dte + News!","robots":{"index":"index","follow":"follow","max-snippet":"max-snippet:-1","max-image-preview":"max-image-preview:large","max-video-preview":"max-video-preview:-1"},"canonical":"https:\/\/www.museos.com\/de\/highlights\/","og_locale":"de_DE","og_type":"article","og_title":"Unsere \u00dcberblickseite f\u00fcr Instagram: finde was du brauchst","og_description":"Du kommst von Instagram und du willst mehr \u00fcber uns erfahren? Hier ist unsere \u00dcberblickseite! Alle St\u00e4dte + News!","og_url":"https:\/\/www.museos.com\/de\/highlights\/","og_site_name":"museos","article_modified_time":"2021-11-16T10:21:20+00:00","twitter_card":"summary_large_image","schema":{"@context":"https:\/\/schema.org","@graph":[{"@type":"WebPage","@id":"https:\/\/www.museos.com\/de\/highlights\/","url":"https:\/\/www.museos.com\/de\/highlights\/","name":"Unsere \u00dcberblickseite f\u00fcr Instagram: finde was du brauchst","isPartOf":{"@id":"https:\/\/www.museos.com\/de\/#website"},"primaryImageOfPage":{"@id":"https:\/\/www.museos.com\/de\/highlights\/#primaryimage"},"image":{"@id":"https:\/\/www.museos.com\/de\/highlights\/#primaryimage"},"thumbnailUrl":"https:\/\/www.museos.com\/wp-content\/uploads\/2021\/05\/Museos-SQUARE.svg","datePublished":"2021-06-07T10:26:29+00:00","dateModified":"2021-11-16T10:21:20+00:00","description":"Du kommst von Instagram und du willst mehr \u00fcber uns erfahren? Hier ist unsere \u00dcberblickseite! Alle St\u00e4dte + News!","breadcrumb":{"@id":"https:\/\/www.museos.com\/de\/highlights\/#breadcrumb"},"inLanguage":"de","potentialAction":[{"@type":"ReadAction","target":["https:\/\/www.museos.com\/de\/highlights\/"]}]},{"@type":"ImageObject","inLanguage":"de","@id":"https:\/\/www.museos.com\/de\/highlights\/#primaryimage","url":"https:\/\/www.museos.com\/wp-content\/uploads\/2021\/05\/Museos-SQUARE.svg","contentUrl":"https:\/\/www.museos.com\/wp-content\/uploads\/2021\/05\/Museos-SQUARE.svg","width":500,"height":500,"caption":"Museos Home Square Logo"},{"@type":"BreadcrumbList","@id":"https:\/\/www.museos.com\/de\/highlights\/#breadcrumb","itemListElement":[{"@type":"ListItem","position":1,"name":"Home","item":"https:\/\/www.museos.com\/de\/"},{"@type":"ListItem","position":2,"name":"Instagram \u00dcberblick"}]},{"@type":"WebSite","@id":"https:\/\/www.museos.com\/de\/#website","url":"https:\/\/www.museos.com\/de\/","name":"museos","description":"Just another WordPress site","publisher":{"@id":"https:\/\/www.museos.com\/de\/#organization"},"potentialAction":[{"@type":"SearchAction","target":{"@type":"EntryPoint","urlTemplate":"https:\/\/www.museos.com\/de\/?s={search_term_string}"},"query-input":{"@type":"PropertyValueSpecification","valueRequired":true,"valueName":"search_term_string"}}],"inLanguage":"de"},{"@type":"Organization","@id":"https:\/\/www.museos.com\/de\/#organization","name":"Museos","url":"https:\/\/www.museos.com\/de\/","logo":{"@type":"ImageObject","inLanguage":"de","@id":"https:\/\/www.museos.com\/de\/#\/schema\/logo\/image\/","url":"https:\/\/www.museos.com\/wp-content\/uploads\/2024\/10\/android-chrome-696x696-1.png","contentUrl":"https:\/\/www.museos.com\/wp-content\/uploads\/2024\/10\/android-chrome-696x696-1.png","width":696,"height":696,"caption":"Museos"},"image":{"@id":"https:\/\/www.museos.com\/de\/#\/schema\/logo\/image\/"}}]}},"_links":{"self":[{"href":"https:\/\/www.museos.com\/de\/wp-json\/wp\/v2\/pages\/47068","targetHints":{"allow":["GET"]}}],"collection":[{"href":"https:\/\/www.museos.com\/de\/wp-json\/wp\/v2\/pages"}],"about":[{"href":"https:\/\/www.museos.com\/de\/wp-json\/wp\/v2\/types\/page"}],"author":[{"embeddable":true,"href":"https:\/\/www.museos.com\/de\/wp-json\/wp\/v2\/users\/3"}],"replies":[{"embeddable":true,"href":"https:\/\/www.museos.com\/de\/wp-json\/wp\/v2\/comments?post=47068"}],"version-history":[{"count":0,"href":"https:\/\/www.museos.com\/de\/wp-json\/wp\/v2\/pages\/47068\/revisions"}],"wp:featuredmedia":[{"embeddable":true,"href":"https:\/\/www.museos.com\/de\/wp-json\/wp\/v2\/media\/46636"}],"wp:attachment":[{"href":"https:\/\/www.museos.com\/de\/wp-json\/wp\/v2\/media?parent=47068"}],"curies":[{"name":"wp","href":"https:\/\/api.w.org\/{rel}","templated":true}]}}