{"id":94439,"date":"2023-06-20T13:58:54","date_gmt":"2023-06-20T13:58:54","guid":{"rendered":"https:\/\/www.museos.com\/?page_id=94439"},"modified":"2026-01-26T10:01:11","modified_gmt":"2026-01-26T10:01:11","slug":"palau-baro-de-quadras","status":"publish","type":"page","link":"https:\/\/www.museos.com\/de\/barcelona\/palau-baro-de-quadras\/","title":{"rendered":"Palau Bar\u00f3 de Quadras"},"content":{"rendered":"","protected":false},"excerpt":{"rendered":"","protected":false},"author":3,"featured_media":94202,"parent":2539,"menu_order":0,"comment_status":"closed","ping_status":"closed","template":"location.php","meta":{"_acf_changed":false,"footnotes":""},"class_list":["post-94439","page","type-page","status-publish","has-post-thumbnail","hentry"],"acf":[],"yoast_head":"<!-- This site is optimized with the Yoast SEO plugin v27.1.1 - https:\/\/yoast.com\/product\/yoast-seo-wordpress\/ -->\n<title>Palau Bar\u00f3 de Quadras: Infos &amp; F\u00fchrungen 2026<\/title>\n<meta name=\"description\" content=\"Palau Bar\u00f3 de Quadras: Der modernistische Stadtpalast von Josep Puig i Cadafalch kann nur im Rahmen einer F\u00fchrung besichtigt werden!\" \/>\n<meta name=\"robots\" content=\"index, follow, max-snippet:-1, max-image-preview:large, max-video-preview:-1\" \/>\n<link rel=\"canonical\" href=\"https:\/\/www.museos.com\/de\/barcelona\/palau-baro-de-quadras\/\" \/>\n<meta property=\"og:locale\" content=\"de_DE\" \/>\n<meta property=\"og:type\" content=\"article\" \/>\n<meta property=\"og:title\" content=\"Palau Bar\u00f3 de Quadras: Infos &amp; F\u00fchrungen 2026\" \/>\n<meta property=\"og:description\" content=\"Palau Bar\u00f3 de Quadras: Der modernistische Stadtpalast von Josep Puig i Cadafalch kann nur im Rahmen einer F\u00fchrung besichtigt werden!\" \/>\n<meta property=\"og:url\" content=\"https:\/\/www.museos.com\/de\/barcelona\/palau-baro-de-quadras\/\" \/>\n<meta property=\"og:site_name\" content=\"museos\" \/>\n<meta property=\"article:modified_time\" content=\"2026-01-26T10:01:11+00:00\" \/>\n<meta property=\"og:image\" content=\"https:\/\/www.museos.com\/wp-content\/uploads\/2023\/06\/Palau-Baro\u0301-de-Quadras-4.jpg\" \/>\n\t<meta property=\"og:image:width\" content=\"900\" \/>\n\t<meta property=\"og:image:height\" content=\"1200\" \/>\n\t<meta property=\"og:image:type\" content=\"image\/jpeg\" \/>\n<meta name=\"twitter:card\" content=\"summary_large_image\" \/>\n<meta name=\"twitter:label1\" content=\"Gesch\u00e4tzte Lesezeit\" \/>\n\t<meta name=\"twitter:data1\" content=\"1\u00a0Minute\" \/>\n<script type=\"application\/ld+json\" class=\"yoast-schema-graph\">{\"@context\":\"https:\/\/schema.org\",\"@graph\":[{\"@type\":\"WebPage\",\"@id\":\"https:\/\/www.museos.com\/de\/barcelona\/palau-baro-de-quadras\/\",\"url\":\"https:\/\/www.museos.com\/de\/barcelona\/palau-baro-de-quadras\/\",\"name\":\"Palau Bar\u00f3 de Quadras: Infos & F\u00fchrungen 2026\",\"isPartOf\":{\"@id\":\"https:\/\/www.museos.com\/de\/#website\"},\"primaryImageOfPage\":{\"@id\":\"https:\/\/www.museos.com\/de\/barcelona\/palau-baro-de-quadras\/#primaryimage\"},\"image\":{\"@id\":\"https:\/\/www.museos.com\/de\/barcelona\/palau-baro-de-quadras\/#primaryimage\"},\"thumbnailUrl\":\"https:\/\/www.museos.com\/wp-content\/uploads\/2023\/06\/Palau-Baro\u0301-de-Quadras-4.jpg\",\"datePublished\":\"2023-06-20T13:58:54+00:00\",\"dateModified\":\"2026-01-26T10:01:11+00:00\",\"description\":\"Palau Bar\u00f3 de Quadras: Der modernistische Stadtpalast von Josep Puig i Cadafalch kann nur im Rahmen einer F\u00fchrung besichtigt werden!\",\"breadcrumb\":{\"@id\":\"https:\/\/www.museos.com\/de\/barcelona\/palau-baro-de-quadras\/#breadcrumb\"},\"inLanguage\":\"de\",\"potentialAction\":[{\"@type\":\"ReadAction\",\"target\":[\"https:\/\/www.museos.com\/de\/barcelona\/palau-baro-de-quadras\/\"]}]},{\"@type\":\"ImageObject\",\"inLanguage\":\"de\",\"@id\":\"https:\/\/www.museos.com\/de\/barcelona\/palau-baro-de-quadras\/#primaryimage\",\"url\":\"https:\/\/www.museos.com\/wp-content\/uploads\/2023\/06\/Palau-Baro\u0301-de-Quadras-4.jpg\",\"contentUrl\":\"https:\/\/www.museos.com\/wp-content\/uploads\/2023\/06\/Palau-Baro\u0301-de-Quadras-4.jpg\",\"width\":900,\"height\":1200},{\"@type\":\"BreadcrumbList\",\"@id\":\"https:\/\/www.museos.com\/de\/barcelona\/palau-baro-de-quadras\/#breadcrumb\",\"itemListElement\":[{\"@type\":\"ListItem\",\"position\":1,\"name\":\"Home\",\"item\":\"https:\/\/www.museos.com\/de\/\"},{\"@type\":\"ListItem\",\"position\":2,\"name\":\"Barcelona\",\"item\":\"https:\/\/www.museos.com\/de\/barcelona\/\"},{\"@type\":\"ListItem\",\"position\":3,\"name\":\"Palau Bar\u00f3 de Quadras\"}]},{\"@type\":\"WebSite\",\"@id\":\"https:\/\/www.museos.com\/de\/#website\",\"url\":\"https:\/\/www.museos.com\/de\/\",\"name\":\"museos\",\"description\":\"Just another WordPress site\",\"publisher\":{\"@id\":\"https:\/\/www.museos.com\/de\/#organization\"},\"potentialAction\":[{\"@type\":\"SearchAction\",\"target\":{\"@type\":\"EntryPoint\",\"urlTemplate\":\"https:\/\/www.museos.com\/de\/?s={search_term_string}\"},\"query-input\":{\"@type\":\"PropertyValueSpecification\",\"valueRequired\":true,\"valueName\":\"search_term_string\"}}],\"inLanguage\":\"de\"},{\"@type\":\"Organization\",\"@id\":\"https:\/\/www.museos.com\/de\/#organization\",\"name\":\"Museos\",\"url\":\"https:\/\/www.museos.com\/de\/\",\"logo\":{\"@type\":\"ImageObject\",\"inLanguage\":\"de\",\"@id\":\"https:\/\/www.museos.com\/de\/#\/schema\/logo\/image\/\",\"url\":\"https:\/\/www.museos.com\/wp-content\/uploads\/2024\/10\/android-chrome-696x696-1.png\",\"contentUrl\":\"https:\/\/www.museos.com\/wp-content\/uploads\/2024\/10\/android-chrome-696x696-1.png\",\"width\":696,\"height\":696,\"caption\":\"Museos\"},\"image\":{\"@id\":\"https:\/\/www.museos.com\/de\/#\/schema\/logo\/image\/\"}}]}<\/script>\n<!-- \/ Yoast SEO plugin. -->","yoast_head_json":{"title":"Palau Bar\u00f3 de Quadras: Infos & F\u00fchrungen 2026","description":"Palau Bar\u00f3 de Quadras: Der modernistische Stadtpalast von Josep Puig i Cadafalch kann nur im Rahmen einer F\u00fchrung besichtigt werden!","robots":{"index":"index","follow":"follow","max-snippet":"max-snippet:-1","max-image-preview":"max-image-preview:large","max-video-preview":"max-video-preview:-1"},"canonical":"https:\/\/www.museos.com\/de\/barcelona\/palau-baro-de-quadras\/","og_locale":"de_DE","og_type":"article","og_title":"Palau Bar\u00f3 de Quadras: Infos & F\u00fchrungen 2026","og_description":"Palau Bar\u00f3 de Quadras: Der modernistische Stadtpalast von Josep Puig i Cadafalch kann nur im Rahmen einer F\u00fchrung besichtigt werden!","og_url":"https:\/\/www.museos.com\/de\/barcelona\/palau-baro-de-quadras\/","og_site_name":"museos","article_modified_time":"2026-01-26T10:01:11+00:00","og_image":[{"width":900,"height":1200,"url":"https:\/\/www.museos.com\/wp-content\/uploads\/2023\/06\/Palau-Baro\u0301-de-Quadras-4.jpg","type":"image\/jpeg"}],"twitter_card":"summary_large_image","twitter_misc":{"Gesch\u00e4tzte Lesezeit":"1\u00a0Minute"},"schema":{"@context":"https:\/\/schema.org","@graph":[{"@type":"WebPage","@id":"https:\/\/www.museos.com\/de\/barcelona\/palau-baro-de-quadras\/","url":"https:\/\/www.museos.com\/de\/barcelona\/palau-baro-de-quadras\/","name":"Palau Bar\u00f3 de Quadras: Infos & F\u00fchrungen 2026","isPartOf":{"@id":"https:\/\/www.museos.com\/de\/#website"},"primaryImageOfPage":{"@id":"https:\/\/www.museos.com\/de\/barcelona\/palau-baro-de-quadras\/#primaryimage"},"image":{"@id":"https:\/\/www.museos.com\/de\/barcelona\/palau-baro-de-quadras\/#primaryimage"},"thumbnailUrl":"https:\/\/www.museos.com\/wp-content\/uploads\/2023\/06\/Palau-Baro\u0301-de-Quadras-4.jpg","datePublished":"2023-06-20T13:58:54+00:00","dateModified":"2026-01-26T10:01:11+00:00","description":"Palau Bar\u00f3 de Quadras: Der modernistische Stadtpalast von Josep Puig i Cadafalch kann nur im Rahmen einer F\u00fchrung besichtigt werden!","breadcrumb":{"@id":"https:\/\/www.museos.com\/de\/barcelona\/palau-baro-de-quadras\/#breadcrumb"},"inLanguage":"de","potentialAction":[{"@type":"ReadAction","target":["https:\/\/www.museos.com\/de\/barcelona\/palau-baro-de-quadras\/"]}]},{"@type":"ImageObject","inLanguage":"de","@id":"https:\/\/www.museos.com\/de\/barcelona\/palau-baro-de-quadras\/#primaryimage","url":"https:\/\/www.museos.com\/wp-content\/uploads\/2023\/06\/Palau-Baro\u0301-de-Quadras-4.jpg","contentUrl":"https:\/\/www.museos.com\/wp-content\/uploads\/2023\/06\/Palau-Baro\u0301-de-Quadras-4.jpg","width":900,"height":1200},{"@type":"BreadcrumbList","@id":"https:\/\/www.museos.com\/de\/barcelona\/palau-baro-de-quadras\/#breadcrumb","itemListElement":[{"@type":"ListItem","position":1,"name":"Home","item":"https:\/\/www.museos.com\/de\/"},{"@type":"ListItem","position":2,"name":"Barcelona","item":"https:\/\/www.museos.com\/de\/barcelona\/"},{"@type":"ListItem","position":3,"name":"Palau Bar\u00f3 de Quadras"}]},{"@type":"WebSite","@id":"https:\/\/www.museos.com\/de\/#website","url":"https:\/\/www.museos.com\/de\/","name":"museos","description":"Just another WordPress site","publisher":{"@id":"https:\/\/www.museos.com\/de\/#organization"},"potentialAction":[{"@type":"SearchAction","target":{"@type":"EntryPoint","urlTemplate":"https:\/\/www.museos.com\/de\/?s={search_term_string}"},"query-input":{"@type":"PropertyValueSpecification","valueRequired":true,"valueName":"search_term_string"}}],"inLanguage":"de"},{"@type":"Organization","@id":"https:\/\/www.museos.com\/de\/#organization","name":"Museos","url":"https:\/\/www.museos.com\/de\/","logo":{"@type":"ImageObject","inLanguage":"de","@id":"https:\/\/www.museos.com\/de\/#\/schema\/logo\/image\/","url":"https:\/\/www.museos.com\/wp-content\/uploads\/2024\/10\/android-chrome-696x696-1.png","contentUrl":"https:\/\/www.museos.com\/wp-content\/uploads\/2024\/10\/android-chrome-696x696-1.png","width":696,"height":696,"caption":"Museos"},"image":{"@id":"https:\/\/www.museos.com\/de\/#\/schema\/logo\/image\/"}}]}},"_links":{"self":[{"href":"https:\/\/www.museos.com\/de\/wp-json\/wp\/v2\/pages\/94439","targetHints":{"allow":["GET"]}}],"collection":[{"href":"https:\/\/www.museos.com\/de\/wp-json\/wp\/v2\/pages"}],"about":[{"href":"https:\/\/www.museos.com\/de\/wp-json\/wp\/v2\/types\/page"}],"author":[{"embeddable":true,"href":"https:\/\/www.museos.com\/de\/wp-json\/wp\/v2\/users\/3"}],"replies":[{"embeddable":true,"href":"https:\/\/www.museos.com\/de\/wp-json\/wp\/v2\/comments?post=94439"}],"version-history":[{"count":1,"href":"https:\/\/www.museos.com\/de\/wp-json\/wp\/v2\/pages\/94439\/revisions"}],"predecessor-version":[{"id":146240,"href":"https:\/\/www.museos.com\/de\/wp-json\/wp\/v2\/pages\/94439\/revisions\/146240"}],"up":[{"embeddable":true,"href":"https:\/\/www.museos.com\/de\/wp-json\/wp\/v2\/pages\/2539"}],"wp:featuredmedia":[{"embeddable":true,"href":"https:\/\/www.museos.com\/de\/wp-json\/wp\/v2\/media\/94202"}],"wp:attachment":[{"href":"https:\/\/www.museos.com\/de\/wp-json\/wp\/v2\/media?parent=94439"}],"curies":[{"name":"wp","href":"https:\/\/api.w.org\/{rel}","templated":true}]}}