{"id":95258,"date":"2023-07-21T12:56:41","date_gmt":"2023-07-21T12:56:41","guid":{"rendered":"https:\/\/www.museos.com\/?page_id=95258"},"modified":"2026-02-13T13:59:30","modified_gmt":"2026-02-13T13:59:30","slug":"cinecitta-world","status":"publish","type":"page","link":"https:\/\/www.museos.com\/en\/rome\/cinecitta-world\/","title":{"rendered":"Cinecitta World"},"content":{"rendered":"","protected":false},"excerpt":{"rendered":"","protected":false},"author":3,"featured_media":55027,"parent":59151,"menu_order":0,"comment_status":"open","ping_status":"closed","template":"location.php","meta":{"_acf_changed":false,"footnotes":""},"class_list":["post-95258","page","type-page","status-publish","has-post-thumbnail","hentry"],"acf":[],"yoast_head":"<!-- This site is optimized with the Yoast SEO plugin v27.1.1 - https:\/\/yoast.com\/product\/yoast-seo-wordpress\/ -->\n<title>Cinecitt\u00e0 World: The amusement park in Rome<\/title>\n<meta name=\"description\" content=\"Cinecitt\u00e0 World should not be confused with the studios. Cinecitt\u00e0 World is a theme park for young and old!\" \/>\n<meta name=\"robots\" content=\"index, follow, max-snippet:-1, max-image-preview:large, max-video-preview:-1\" \/>\n<link rel=\"canonical\" href=\"https:\/\/www.museos.com\/en\/rome\/cinecitta-world\/\" \/>\n<meta property=\"og:locale\" content=\"en_US\" \/>\n<meta property=\"og:type\" content=\"article\" \/>\n<meta property=\"og:title\" content=\"Cinecitt\u00e0 World: The amusement park in Rome\" \/>\n<meta property=\"og:description\" content=\"Cinecitt\u00e0 World should not be confused with the studios. Cinecitt\u00e0 World is a theme park for young and old!\" \/>\n<meta property=\"og:url\" content=\"https:\/\/www.museos.com\/en\/rome\/cinecitta-world\/\" \/>\n<meta property=\"og:site_name\" content=\"museos\" \/>\n<meta property=\"article:modified_time\" content=\"2026-02-13T13:59:30+00:00\" \/>\n<meta property=\"og:image\" content=\"https:\/\/www.museos.com\/wp-content\/uploads\/2021\/11\/Cinecitta-World-10.jpg\" \/>\n\t<meta property=\"og:image:width\" content=\"1300\" \/>\n\t<meta property=\"og:image:height\" content=\"975\" \/>\n\t<meta property=\"og:image:type\" content=\"image\/jpeg\" \/>\n<meta name=\"twitter:card\" content=\"summary_large_image\" \/>\n<meta name=\"twitter:label1\" content=\"Est. reading time\" \/>\n\t<meta name=\"twitter:data1\" content=\"1 minute\" \/>\n<script type=\"application\/ld+json\" class=\"yoast-schema-graph\">{\"@context\":\"https:\/\/schema.org\",\"@graph\":[{\"@type\":\"WebPage\",\"@id\":\"https:\/\/www.museos.com\/en\/rome\/cinecitta-world\/\",\"url\":\"https:\/\/www.museos.com\/en\/rome\/cinecitta-world\/\",\"name\":\"Cinecitt\u00e0 World: The amusement park in Rome\",\"isPartOf\":{\"@id\":\"https:\/\/www.museos.com\/en\/#website\"},\"primaryImageOfPage\":{\"@id\":\"https:\/\/www.museos.com\/en\/rome\/cinecitta-world\/#primaryimage\"},\"image\":{\"@id\":\"https:\/\/www.museos.com\/en\/rome\/cinecitta-world\/#primaryimage\"},\"thumbnailUrl\":\"https:\/\/www.museos.com\/wp-content\/uploads\/2021\/11\/Cinecitta-World-10.jpg\",\"datePublished\":\"2023-07-21T12:56:41+00:00\",\"dateModified\":\"2026-02-13T13:59:30+00:00\",\"description\":\"Cinecitt\u00e0 World should not be confused with the studios. Cinecitt\u00e0 World is a theme park for young and old!\",\"breadcrumb\":{\"@id\":\"https:\/\/www.museos.com\/en\/rome\/cinecitta-world\/#breadcrumb\"},\"inLanguage\":\"en-US\",\"potentialAction\":[{\"@type\":\"ReadAction\",\"target\":[\"https:\/\/www.museos.com\/en\/rome\/cinecitta-world\/\"]}]},{\"@type\":\"ImageObject\",\"inLanguage\":\"en-US\",\"@id\":\"https:\/\/www.museos.com\/en\/rome\/cinecitta-world\/#primaryimage\",\"url\":\"https:\/\/www.museos.com\/wp-content\/uploads\/2021\/11\/Cinecitta-World-10.jpg\",\"contentUrl\":\"https:\/\/www.museos.com\/wp-content\/uploads\/2021\/11\/Cinecitta-World-10.jpg\",\"width\":1300,\"height\":975,\"caption\":\"Cinecitt\u00e0 World - Roller Coaster\"},{\"@type\":\"BreadcrumbList\",\"@id\":\"https:\/\/www.museos.com\/en\/rome\/cinecitta-world\/#breadcrumb\",\"itemListElement\":[{\"@type\":\"ListItem\",\"position\":1,\"name\":\"Home\",\"item\":\"https:\/\/www.museos.com\/en\/\"},{\"@type\":\"ListItem\",\"position\":2,\"name\":\"Rome\",\"item\":\"https:\/\/www.museos.com\/en\/rome\/\"},{\"@type\":\"ListItem\",\"position\":3,\"name\":\"Cinecitta World\"}]},{\"@type\":\"WebSite\",\"@id\":\"https:\/\/www.museos.com\/en\/#website\",\"url\":\"https:\/\/www.museos.com\/en\/\",\"name\":\"museos\",\"description\":\"Just another WordPress site\",\"publisher\":{\"@id\":\"https:\/\/www.museos.com\/en\/#organization\"},\"potentialAction\":[{\"@type\":\"SearchAction\",\"target\":{\"@type\":\"EntryPoint\",\"urlTemplate\":\"https:\/\/www.museos.com\/en\/?s={search_term_string}\"},\"query-input\":{\"@type\":\"PropertyValueSpecification\",\"valueRequired\":true,\"valueName\":\"search_term_string\"}}],\"inLanguage\":\"en-US\"},{\"@type\":\"Organization\",\"@id\":\"https:\/\/www.museos.com\/en\/#organization\",\"name\":\"Museos\",\"url\":\"https:\/\/www.museos.com\/en\/\",\"logo\":{\"@type\":\"ImageObject\",\"inLanguage\":\"en-US\",\"@id\":\"https:\/\/www.museos.com\/en\/#\/schema\/logo\/image\/\",\"url\":\"https:\/\/www.museos.com\/wp-content\/uploads\/2024\/10\/android-chrome-696x696-1.png\",\"contentUrl\":\"https:\/\/www.museos.com\/wp-content\/uploads\/2024\/10\/android-chrome-696x696-1.png\",\"width\":696,\"height\":696,\"caption\":\"Museos\"},\"image\":{\"@id\":\"https:\/\/www.museos.com\/en\/#\/schema\/logo\/image\/\"}}]}<\/script>\n<!-- \/ Yoast SEO plugin. -->","yoast_head_json":{"title":"Cinecitt\u00e0 World: The amusement park in Rome","description":"Cinecitt\u00e0 World should not be confused with the studios. Cinecitt\u00e0 World is a theme park for young and old!","robots":{"index":"index","follow":"follow","max-snippet":"max-snippet:-1","max-image-preview":"max-image-preview:large","max-video-preview":"max-video-preview:-1"},"canonical":"https:\/\/www.museos.com\/en\/rome\/cinecitta-world\/","og_locale":"en_US","og_type":"article","og_title":"Cinecitt\u00e0 World: The amusement park in Rome","og_description":"Cinecitt\u00e0 World should not be confused with the studios. Cinecitt\u00e0 World is a theme park for young and old!","og_url":"https:\/\/www.museos.com\/en\/rome\/cinecitta-world\/","og_site_name":"museos","article_modified_time":"2026-02-13T13:59:30+00:00","og_image":[{"width":1300,"height":975,"url":"https:\/\/www.museos.com\/wp-content\/uploads\/2021\/11\/Cinecitta-World-10.jpg","type":"image\/jpeg"}],"twitter_card":"summary_large_image","twitter_misc":{"Est. reading time":"1 minute"},"schema":{"@context":"https:\/\/schema.org","@graph":[{"@type":"WebPage","@id":"https:\/\/www.museos.com\/en\/rome\/cinecitta-world\/","url":"https:\/\/www.museos.com\/en\/rome\/cinecitta-world\/","name":"Cinecitt\u00e0 World: The amusement park in Rome","isPartOf":{"@id":"https:\/\/www.museos.com\/en\/#website"},"primaryImageOfPage":{"@id":"https:\/\/www.museos.com\/en\/rome\/cinecitta-world\/#primaryimage"},"image":{"@id":"https:\/\/www.museos.com\/en\/rome\/cinecitta-world\/#primaryimage"},"thumbnailUrl":"https:\/\/www.museos.com\/wp-content\/uploads\/2021\/11\/Cinecitta-World-10.jpg","datePublished":"2023-07-21T12:56:41+00:00","dateModified":"2026-02-13T13:59:30+00:00","description":"Cinecitt\u00e0 World should not be confused with the studios. Cinecitt\u00e0 World is a theme park for young and old!","breadcrumb":{"@id":"https:\/\/www.museos.com\/en\/rome\/cinecitta-world\/#breadcrumb"},"inLanguage":"en-US","potentialAction":[{"@type":"ReadAction","target":["https:\/\/www.museos.com\/en\/rome\/cinecitta-world\/"]}]},{"@type":"ImageObject","inLanguage":"en-US","@id":"https:\/\/www.museos.com\/en\/rome\/cinecitta-world\/#primaryimage","url":"https:\/\/www.museos.com\/wp-content\/uploads\/2021\/11\/Cinecitta-World-10.jpg","contentUrl":"https:\/\/www.museos.com\/wp-content\/uploads\/2021\/11\/Cinecitta-World-10.jpg","width":1300,"height":975,"caption":"Cinecitt\u00e0 World - Roller Coaster"},{"@type":"BreadcrumbList","@id":"https:\/\/www.museos.com\/en\/rome\/cinecitta-world\/#breadcrumb","itemListElement":[{"@type":"ListItem","position":1,"name":"Home","item":"https:\/\/www.museos.com\/en\/"},{"@type":"ListItem","position":2,"name":"Rome","item":"https:\/\/www.museos.com\/en\/rome\/"},{"@type":"ListItem","position":3,"name":"Cinecitta World"}]},{"@type":"WebSite","@id":"https:\/\/www.museos.com\/en\/#website","url":"https:\/\/www.museos.com\/en\/","name":"museos","description":"Just another WordPress site","publisher":{"@id":"https:\/\/www.museos.com\/en\/#organization"},"potentialAction":[{"@type":"SearchAction","target":{"@type":"EntryPoint","urlTemplate":"https:\/\/www.museos.com\/en\/?s={search_term_string}"},"query-input":{"@type":"PropertyValueSpecification","valueRequired":true,"valueName":"search_term_string"}}],"inLanguage":"en-US"},{"@type":"Organization","@id":"https:\/\/www.museos.com\/en\/#organization","name":"Museos","url":"https:\/\/www.museos.com\/en\/","logo":{"@type":"ImageObject","inLanguage":"en-US","@id":"https:\/\/www.museos.com\/en\/#\/schema\/logo\/image\/","url":"https:\/\/www.museos.com\/wp-content\/uploads\/2024\/10\/android-chrome-696x696-1.png","contentUrl":"https:\/\/www.museos.com\/wp-content\/uploads\/2024\/10\/android-chrome-696x696-1.png","width":696,"height":696,"caption":"Museos"},"image":{"@id":"https:\/\/www.museos.com\/en\/#\/schema\/logo\/image\/"}}]}},"_links":{"self":[{"href":"https:\/\/www.museos.com\/en\/wp-json\/wp\/v2\/pages\/95258","targetHints":{"allow":["GET"]}}],"collection":[{"href":"https:\/\/www.museos.com\/en\/wp-json\/wp\/v2\/pages"}],"about":[{"href":"https:\/\/www.museos.com\/en\/wp-json\/wp\/v2\/types\/page"}],"author":[{"embeddable":true,"href":"https:\/\/www.museos.com\/en\/wp-json\/wp\/v2\/users\/3"}],"replies":[{"embeddable":true,"href":"https:\/\/www.museos.com\/en\/wp-json\/wp\/v2\/comments?post=95258"}],"version-history":[{"count":1,"href":"https:\/\/www.museos.com\/en\/wp-json\/wp\/v2\/pages\/95258\/revisions"}],"predecessor-version":[{"id":146697,"href":"https:\/\/www.museos.com\/en\/wp-json\/wp\/v2\/pages\/95258\/revisions\/146697"}],"up":[{"embeddable":true,"href":"https:\/\/www.museos.com\/en\/wp-json\/wp\/v2\/pages\/59151"}],"wp:featuredmedia":[{"embeddable":true,"href":"https:\/\/www.museos.com\/en\/wp-json\/wp\/v2\/media\/55027"}],"wp:attachment":[{"href":"https:\/\/www.museos.com\/en\/wp-json\/wp\/v2\/media?parent=95258"}],"curies":[{"name":"wp","href":"https:\/\/api.w.org\/{rel}","templated":true}]}}